{"id":421,"date":"2019-08-19T09:18:26","date_gmt":"2019-08-19T07:18:26","guid":{"rendered":"https:\/\/staging.hydrapro.fr\/?post_type=product&#038;p=421"},"modified":"2019-10-10T09:19:35","modified_gmt":"2019-10-10T07:19:35","slug":"chlorit-granules","status":"publish","type":"product","link":"https:\/\/staging.hydrapro.fr\/en\/produit\/chlorit-granules\/","title":{"rendered":"Chlorit Granul\u00e9s"},"content":{"rendered":"<p><strong>Chlorit en granul\u00e9s non stabilis\u00e9, recommand\u00e9 pour une d\u00e9sinfection r\u00e9guli\u00e8re de l&#8217;eau de votre piscine, particuli\u00e8rement pour les eaux douces.<\/strong><\/p>\n<p>Le Chlorit est un produit d\u00e9sinfectant \u00e0 base de chlore choc non stabilis\u00e9 permettant de se d\u00e9barrasser des micro-organismes pr\u00e9sents dans l&#8217;eau. Ce produit convient pour une eau douce et n&#8217;apporte pas d&#8217;acide cyanurique dans l&#8217;eau. De plus, il a une tr\u00e8s bonne dissolution sans r\u00e9sidus et pr\u00e9vient l&#8217;entartrage de l&#8217;installation gr\u00e2ce \u00e0 son agent anticalcaire.<br \/>\nLe Chlorit est \u00e0 introduire devant la buse de refoulement de votre piscine. Ce produit est compatible avec tous les \u00e9quipements de filtration et utilisable par le biais d&#8217;un syst\u00e8me de dosage automatique.<\/p>\n<p><strong>Dosage : chloration choc 70 grammes pour 10m\u00b3. <\/p>\n<p>Disponible en seau de 5 kg et 25 kg (strictement professionnel).<\/strong><\/p>\n<p class=\"y-product y-product__product-subtitle\">Avantage :<\/p>\n<p>Dissolution rapide, n&#8217;apporte pas de stabilisant \u00e0 l&#8217;eau. <\/p>\n<p>Ne jamais mettre en contact direct avec tout rev\u00eatement synth\u00e9tique et ne jamais m\u00e9langer avec des produits stabilis\u00e9s (chlore lent, chlore multifonctions).<\/p>\n<p>Agr\u00e9\u00e9 par le ministre de la sant\u00e9 publique pour un usage \u00e0 destination des piscines publiques.<\/p>\n<p><em>Utiliser les biocides avec pr\u00e9caution. Avant toute utilisation, lire l&#8217;\u00e9tiquette et les informations concernant le produit.<br \/>\nLes photos et coloris des produits ne sont pas contractuels.<\/em><\/p>\n","protected":false},"excerpt":{"rendered":"<p>D\u00e9sinfectant non stabilis\u00e9.<\/p>\n","protected":false},"featured_media":1317,"template":"","meta":[],"product_brand":[],"product_type":[2],"product_visibility":[],"product_cat":[160,154,162,170],"class_list":{"0":"post-421","1":"product","2":"type-product","3":"status-publish","4":"has-post-thumbnail","6":"product_cat-produits-produitsdsinfectionchlore","7":"product_cat-produitsdesinfection","8":"product_cat-marquesdsinfection","9":"product_cat-typologiesgranul","10":"product_tag-anti-calcaire_1","11":"product_tag-chlore","12":"product_tag-chlorit","13":"product_tag-eau-douce","14":"product_tag-non-stabilise","15":"product_tag-piscine","16":"product_tag-traitement","18":"first","19":"instock","20":"shipping-taxable","21":"product-type-simple"},"acf":{"fiche_technique":"https:\/\/staging.hydrapro.fr\/app\/uploads\/2019\/08\/FT-0598-CHLORIT-1.pdf","fiche_methode":""},"yoast_head":"<!-- This site is optimized with the Yoast SEO plugin v24.7 - https:\/\/yoast.com\/wordpress\/plugins\/seo\/ -->\n<title>Chlorit Granul\u00e9s - Hydrapro<\/title>\n<meta name=\"robots\" content=\"noindex, follow, max-snippet:-1, max-image-preview:large, max-video-preview:-1\" \/>\n<meta property=\"og:locale\" content=\"en_US\" \/>\n<meta property=\"og:type\" content=\"article\" \/>\n<meta property=\"og:title\" content=\"Chlorit Granul\u00e9s - Hydrapro\" \/>\n<meta property=\"og:description\" content=\"D\u00e9sinfectant non stabilis\u00e9.\" \/>\n<meta property=\"og:url\" content=\"https:\/\/staging.hydrapro.fr\/en\/produit\/chlorit-granules\/\" \/>\n<meta property=\"og:site_name\" content=\"Hydrapro\" \/>\n<meta property=\"article:modified_time\" content=\"2019-10-10T07:19:35+00:00\" \/>\n<meta property=\"og:image\" content=\"https:\/\/staging.hydrapro.fr\/app\/uploads\/2019\/10\/0598-CHLORIT-5Kg-1.png\" \/>\n\t<meta property=\"og:image:width\" content=\"600\" \/>\n\t<meta property=\"og:image:height\" content=\"779\" \/>\n\t<meta property=\"og:image:type\" content=\"image\/png\" \/>\n<meta name=\"twitter:card\" content=\"summary_large_image\" \/>\n<meta name=\"twitter:label1\" content=\"Est. reading time\" \/>\n\t<meta name=\"twitter:data1\" content=\"1 minute\" \/>\n<script type=\"application\/ld+json\" class=\"yoast-schema-graph\">{\"@context\":\"https:\/\/schema.org\",\"@graph\":[{\"@type\":\"WebPage\",\"@id\":\"https:\/\/staging.hydrapro.fr\/en\/produit\/chlorit-granules\/\",\"url\":\"https:\/\/staging.hydrapro.fr\/en\/produit\/chlorit-granules\/\",\"name\":\"Chlorit Granul\u00e9s - Hydrapro\",\"isPartOf\":{\"@id\":\"https:\/\/staging.hydrapro.fr\/#website\"},\"primaryImageOfPage\":{\"@id\":\"https:\/\/staging.hydrapro.fr\/en\/produit\/chlorit-granules\/#primaryimage\"},\"image\":{\"@id\":\"https:\/\/staging.hydrapro.fr\/en\/produit\/chlorit-granules\/#primaryimage\"},\"thumbnailUrl\":\"https:\/\/staging.hydrapro.fr\/app\/uploads\/2019\/10\/0598-CHLORIT-5Kg-1.png\",\"datePublished\":\"2019-08-19T07:18:26+00:00\",\"dateModified\":\"2019-10-10T07:19:35+00:00\",\"breadcrumb\":{\"@id\":\"https:\/\/staging.hydrapro.fr\/en\/produit\/chlorit-granules\/#breadcrumb\"},\"inLanguage\":\"en-US\",\"potentialAction\":[{\"@type\":\"ReadAction\",\"target\":[\"https:\/\/staging.hydrapro.fr\/en\/produit\/chlorit-granules\/\"]}]},{\"@type\":\"ImageObject\",\"inLanguage\":\"en-US\",\"@id\":\"https:\/\/staging.hydrapro.fr\/en\/produit\/chlorit-granules\/#primaryimage\",\"url\":\"https:\/\/staging.hydrapro.fr\/app\/uploads\/2019\/10\/0598-CHLORIT-5Kg-1.png\",\"contentUrl\":\"https:\/\/staging.hydrapro.fr\/app\/uploads\/2019\/10\/0598-CHLORIT-5Kg-1.png\",\"width\":600,\"height\":779},{\"@type\":\"BreadcrumbList\",\"@id\":\"https:\/\/staging.hydrapro.fr\/en\/produit\/chlorit-granules\/#breadcrumb\",\"itemListElement\":[{\"@type\":\"ListItem\",\"position\":1,\"name\":\"Home\",\"item\":\"https:\/\/staging.hydrapro.fr\/en\/\"},{\"@type\":\"ListItem\",\"position\":2,\"name\":\"Boutique\",\"item\":\"https:\/\/staging.hydrapro.fr\/boutique\/\"},{\"@type\":\"ListItem\",\"position\":3,\"name\":\"Chlorit Granul\u00e9s\"}]},{\"@type\":\"WebSite\",\"@id\":\"https:\/\/staging.hydrapro.fr\/#website\",\"url\":\"https:\/\/staging.hydrapro.fr\/\",\"name\":\"Hydrapro\",\"description\":\"L&#039;\u00e9quilibre de l&#039;eau\",\"potentialAction\":[{\"@type\":\"SearchAction\",\"target\":{\"@type\":\"EntryPoint\",\"urlTemplate\":\"https:\/\/staging.hydrapro.fr\/?s={search_term_string}\"},\"query-input\":{\"@type\":\"PropertyValueSpecification\",\"valueRequired\":true,\"valueName\":\"search_term_string\"}}],\"inLanguage\":\"en-US\"}]}<\/script>\n<!-- \/ Yoast SEO plugin. -->","yoast_head_json":{"title":"Chlorit Granul\u00e9s - Hydrapro","robots":{"index":"noindex","follow":"follow","max-snippet":"max-snippet:-1","max-image-preview":"max-image-preview:large","max-video-preview":"max-video-preview:-1"},"og_locale":"en_US","og_type":"article","og_title":"Chlorit Granul\u00e9s - Hydrapro","og_description":"D\u00e9sinfectant non stabilis\u00e9.","og_url":"https:\/\/staging.hydrapro.fr\/en\/produit\/chlorit-granules\/","og_site_name":"Hydrapro","article_modified_time":"2019-10-10T07:19:35+00:00","og_image":[{"width":600,"height":779,"url":"https:\/\/staging.hydrapro.fr\/app\/uploads\/2019\/10\/0598-CHLORIT-5Kg-1.png","type":"image\/png"}],"twitter_card":"summary_large_image","twitter_misc":{"Est. reading time":"1 minute"},"schema":{"@context":"https:\/\/schema.org","@graph":[{"@type":"WebPage","@id":"https:\/\/staging.hydrapro.fr\/en\/produit\/chlorit-granules\/","url":"https:\/\/staging.hydrapro.fr\/en\/produit\/chlorit-granules\/","name":"Chlorit Granul\u00e9s - Hydrapro","isPartOf":{"@id":"https:\/\/staging.hydrapro.fr\/#website"},"primaryImageOfPage":{"@id":"https:\/\/staging.hydrapro.fr\/en\/produit\/chlorit-granules\/#primaryimage"},"image":{"@id":"https:\/\/staging.hydrapro.fr\/en\/produit\/chlorit-granules\/#primaryimage"},"thumbnailUrl":"https:\/\/staging.hydrapro.fr\/app\/uploads\/2019\/10\/0598-CHLORIT-5Kg-1.png","datePublished":"2019-08-19T07:18:26+00:00","dateModified":"2019-10-10T07:19:35+00:00","breadcrumb":{"@id":"https:\/\/staging.hydrapro.fr\/en\/produit\/chlorit-granules\/#breadcrumb"},"inLanguage":"en-US","potentialAction":[{"@type":"ReadAction","target":["https:\/\/staging.hydrapro.fr\/en\/produit\/chlorit-granules\/"]}]},{"@type":"ImageObject","inLanguage":"en-US","@id":"https:\/\/staging.hydrapro.fr\/en\/produit\/chlorit-granules\/#primaryimage","url":"https:\/\/staging.hydrapro.fr\/app\/uploads\/2019\/10\/0598-CHLORIT-5Kg-1.png","contentUrl":"https:\/\/staging.hydrapro.fr\/app\/uploads\/2019\/10\/0598-CHLORIT-5Kg-1.png","width":600,"height":779},{"@type":"BreadcrumbList","@id":"https:\/\/staging.hydrapro.fr\/en\/produit\/chlorit-granules\/#breadcrumb","itemListElement":[{"@type":"ListItem","position":1,"name":"Home","item":"https:\/\/staging.hydrapro.fr\/en\/"},{"@type":"ListItem","position":2,"name":"Boutique","item":"https:\/\/staging.hydrapro.fr\/boutique\/"},{"@type":"ListItem","position":3,"name":"Chlorit Granul\u00e9s"}]},{"@type":"WebSite","@id":"https:\/\/staging.hydrapro.fr\/#website","url":"https:\/\/staging.hydrapro.fr\/","name":"Hydrapro","description":"L&#039;\u00e9quilibre de l&#039;eau","potentialAction":[{"@type":"SearchAction","target":{"@type":"EntryPoint","urlTemplate":"https:\/\/staging.hydrapro.fr\/?s={search_term_string}"},"query-input":{"@type":"PropertyValueSpecification","valueRequired":true,"valueName":"search_term_string"}}],"inLanguage":"en-US"}]}},"_links":{"self":[{"href":"https:\/\/staging.hydrapro.fr\/en\/wp-json\/wp\/v2\/product\/421","targetHints":{"allow":["GET"]}}],"collection":[{"href":"https:\/\/staging.hydrapro.fr\/en\/wp-json\/wp\/v2\/product"}],"about":[{"href":"https:\/\/staging.hydrapro.fr\/en\/wp-json\/wp\/v2\/types\/product"}],"wp:featuredmedia":[{"embeddable":true,"href":"https:\/\/staging.hydrapro.fr\/en\/wp-json\/wp\/v2\/media\/1317"}],"wp:attachment":[{"href":"https:\/\/staging.hydrapro.fr\/en\/wp-json\/wp\/v2\/media?parent=421"}],"wp:term":[{"taxonomy":"product_brand","embeddable":true,"href":"https:\/\/staging.hydrapro.fr\/en\/wp-json\/wp\/v2\/product_brand?post=421"},{"taxonomy":"product_type","embeddable":true,"href":"https:\/\/staging.hydrapro.fr\/en\/wp-json\/wp\/v2\/product_type?post=421"},{"taxonomy":"product_visibility","embeddable":true,"href":"https:\/\/staging.hydrapro.fr\/en\/wp-json\/wp\/v2\/product_visibility?post=421"},{"taxonomy":"product_cat","embeddable":true,"href":"https:\/\/staging.hydrapro.fr\/en\/wp-json\/wp\/v2\/product_cat?post=421"}],"curies":[{"name":"wp","href":"https:\/\/api.w.org\/{rel}","templated":true}]}}