{"id":364,"date":"2019-08-12T09:25:25","date_gmt":"2019-08-12T07:25:25","guid":{"rendered":"https:\/\/staging.hydrapro.fr\/product\/chlore-lent-pastilles-20g\/"},"modified":"2019-10-10T09:47:09","modified_gmt":"2019-10-10T07:47:09","slug":"chlore-lent-pastilles-20g","status":"publish","type":"product","link":"https:\/\/staging.hydrapro.fr\/en\/produit\/chlore-lent-pastilles-20g\/","title":{"rendered":"Chlore lent pastilles 20g"},"content":{"rendered":"<p><strong>Chlore lent en pastilles 20g qui assure une d\u00e9sinfection permanente pour l&#8217;eau de votre piscine et pr\u00e9vient le d\u00e9veloppement des algues.<\/strong><\/p>\n<p>Le Chlore lent est un produit d\u00e9sinfectant permettant de maintenir la concentration en chlore n\u00e9cessaire pour assurer une d\u00e9sinfection permanente de l&#8217;eau de la piscine. Il permet \u00e9galement de pr\u00e9venir le d\u00e9veloppement des algues. En pastilles 20g, il est \u00e0 dissolution lente et ne laisse pas de r\u00e9sidu.<br \/>\nCe produit est \u00e0 d\u00e9poser dans le skimmer ou dans le diffuseur flottant. Lorsque l&#8217;on utilise les pastilles de Chlore lent, le temps de filtration se r\u00e8gle en fonction de la temp\u00e9rature de l&#8217;eau (par exemple, si l&#8217;eau est \u00e0 20\u00b0C, le temps de filtration sera de 10 heures).<br \/>\nLe chlore lent n&#8217;est pas conseill\u00e9 pour les chlorinateurs.<\/p>\n<p><strong>Dosage : 1 pastille pour 2 m\u00b3. <\/p>\n<p>Disponible en carton de 6 x 1 kg.<\/strong><\/p>\n<p class=\"y-product y-product__product-subtitle\">Avantage :<\/p>\n<p>Excellente dissolution. <\/p>\n<p>Produit fabriqu\u00e9 en France.<\/p>\n<p>Ne doit pas \u00eatre en contact avec le liner de la piscine ou tout autre rev\u00eatement.<\/p>\n<p>Agr\u00e9\u00e9 par le ministre de la sant\u00e9 publique pour un usage \u00e0 destination des piscines publiques.<\/p>\n<p><em>Utiliser les biocides avec pr\u00e9caution. Avant toute utilisation, lire l&#8217;\u00e9tiquette et les informations concernant le produit.<br \/>\nLes photos et coloris des produits ne sont pas contractuels.<\/em><\/p>\n","protected":false},"excerpt":{"rendered":"<p>D\u00e9sinfectant stabilis\u00e9.<\/p>\n","protected":false},"featured_media":1307,"template":"","meta":[],"product_brand":[],"product_type":[2],"product_visibility":[],"product_cat":[160,162,154,168],"class_list":{"0":"post-364","1":"product","2":"type-product","3":"status-publish","4":"has-post-thumbnail","6":"product_cat-produits-produitsdsinfectionchlore","7":"product_cat-marquesdsinfection","8":"product_cat-produitsdesinfection","9":"product_cat-typologiespastille","10":"product_tag-anti-algue","11":"product_tag-chlore","12":"product_tag-lent","13":"product_tag-piscine","14":"product_tag-traitement","16":"first","17":"instock","18":"shipping-taxable","19":"product-type-simple"},"acf":{"fiche_technique":"https:\/\/staging.hydrapro.fr\/app\/uploads\/2019\/08\/FT-2008-CHLORE-LENT-PASTILLES-20G.pdf","fiche_methode":""},"yoast_head":"<!-- This site is optimized with the Yoast SEO plugin v24.7 - https:\/\/yoast.com\/wordpress\/plugins\/seo\/ -->\n<title>Chlore lent pastilles 20g - Hydrapro<\/title>\n<meta name=\"robots\" content=\"noindex, follow, max-snippet:-1, max-image-preview:large, max-video-preview:-1\" \/>\n<meta property=\"og:locale\" content=\"en_US\" \/>\n<meta property=\"og:type\" content=\"article\" \/>\n<meta property=\"og:title\" content=\"Chlore lent pastilles 20g - Hydrapro\" \/>\n<meta property=\"og:description\" content=\"D\u00e9sinfectant stabilis\u00e9.\" \/>\n<meta property=\"og:url\" content=\"https:\/\/staging.hydrapro.fr\/en\/produit\/chlore-lent-pastilles-20g\/\" \/>\n<meta property=\"og:site_name\" content=\"Hydrapro\" \/>\n<meta property=\"article:modified_time\" content=\"2019-10-10T07:47:09+00:00\" \/>\n<meta property=\"og:image\" content=\"https:\/\/staging.hydrapro.fr\/app\/uploads\/2019\/10\/2038-CHLORE-LENT-PASTILLES-1KG-2.png\" \/>\n\t<meta property=\"og:image:width\" content=\"600\" \/>\n\t<meta property=\"og:image:height\" content=\"791\" \/>\n\t<meta property=\"og:image:type\" content=\"image\/png\" \/>\n<meta name=\"twitter:card\" content=\"summary_large_image\" \/>\n<meta name=\"twitter:label1\" content=\"Est. reading time\" \/>\n\t<meta name=\"twitter:data1\" content=\"1 minute\" \/>\n<script type=\"application\/ld+json\" class=\"yoast-schema-graph\">{\"@context\":\"https:\/\/schema.org\",\"@graph\":[{\"@type\":\"WebPage\",\"@id\":\"https:\/\/staging.hydrapro.fr\/en\/produit\/chlore-lent-pastilles-20g\/\",\"url\":\"https:\/\/staging.hydrapro.fr\/en\/produit\/chlore-lent-pastilles-20g\/\",\"name\":\"Chlore lent pastilles 20g - Hydrapro\",\"isPartOf\":{\"@id\":\"https:\/\/staging.hydrapro.fr\/#website\"},\"primaryImageOfPage\":{\"@id\":\"https:\/\/staging.hydrapro.fr\/en\/produit\/chlore-lent-pastilles-20g\/#primaryimage\"},\"image\":{\"@id\":\"https:\/\/staging.hydrapro.fr\/en\/produit\/chlore-lent-pastilles-20g\/#primaryimage\"},\"thumbnailUrl\":\"https:\/\/staging.hydrapro.fr\/app\/uploads\/2019\/10\/2038-CHLORE-LENT-PASTILLES-1KG-2.png\",\"datePublished\":\"2019-08-12T07:25:25+00:00\",\"dateModified\":\"2019-10-10T07:47:09+00:00\",\"breadcrumb\":{\"@id\":\"https:\/\/staging.hydrapro.fr\/en\/produit\/chlore-lent-pastilles-20g\/#breadcrumb\"},\"inLanguage\":\"en-US\",\"potentialAction\":[{\"@type\":\"ReadAction\",\"target\":[\"https:\/\/staging.hydrapro.fr\/en\/produit\/chlore-lent-pastilles-20g\/\"]}]},{\"@type\":\"ImageObject\",\"inLanguage\":\"en-US\",\"@id\":\"https:\/\/staging.hydrapro.fr\/en\/produit\/chlore-lent-pastilles-20g\/#primaryimage\",\"url\":\"https:\/\/staging.hydrapro.fr\/app\/uploads\/2019\/10\/2038-CHLORE-LENT-PASTILLES-1KG-2.png\",\"contentUrl\":\"https:\/\/staging.hydrapro.fr\/app\/uploads\/2019\/10\/2038-CHLORE-LENT-PASTILLES-1KG-2.png\",\"width\":600,\"height\":791},{\"@type\":\"BreadcrumbList\",\"@id\":\"https:\/\/staging.hydrapro.fr\/en\/produit\/chlore-lent-pastilles-20g\/#breadcrumb\",\"itemListElement\":[{\"@type\":\"ListItem\",\"position\":1,\"name\":\"Home\",\"item\":\"https:\/\/staging.hydrapro.fr\/en\/\"},{\"@type\":\"ListItem\",\"position\":2,\"name\":\"Boutique\",\"item\":\"https:\/\/staging.hydrapro.fr\/boutique\/\"},{\"@type\":\"ListItem\",\"position\":3,\"name\":\"Chlore lent pastilles 20g\"}]},{\"@type\":\"WebSite\",\"@id\":\"https:\/\/staging.hydrapro.fr\/#website\",\"url\":\"https:\/\/staging.hydrapro.fr\/\",\"name\":\"Hydrapro\",\"description\":\"L&#039;\u00e9quilibre de l&#039;eau\",\"potentialAction\":[{\"@type\":\"SearchAction\",\"target\":{\"@type\":\"EntryPoint\",\"urlTemplate\":\"https:\/\/staging.hydrapro.fr\/?s={search_term_string}\"},\"query-input\":{\"@type\":\"PropertyValueSpecification\",\"valueRequired\":true,\"valueName\":\"search_term_string\"}}],\"inLanguage\":\"en-US\"}]}<\/script>\n<!-- \/ Yoast SEO plugin. -->","yoast_head_json":{"title":"Chlore lent pastilles 20g - Hydrapro","robots":{"index":"noindex","follow":"follow","max-snippet":"max-snippet:-1","max-image-preview":"max-image-preview:large","max-video-preview":"max-video-preview:-1"},"og_locale":"en_US","og_type":"article","og_title":"Chlore lent pastilles 20g - Hydrapro","og_description":"D\u00e9sinfectant stabilis\u00e9.","og_url":"https:\/\/staging.hydrapro.fr\/en\/produit\/chlore-lent-pastilles-20g\/","og_site_name":"Hydrapro","article_modified_time":"2019-10-10T07:47:09+00:00","og_image":[{"width":600,"height":791,"url":"https:\/\/staging.hydrapro.fr\/app\/uploads\/2019\/10\/2038-CHLORE-LENT-PASTILLES-1KG-2.png","type":"image\/png"}],"twitter_card":"summary_large_image","twitter_misc":{"Est. reading time":"1 minute"},"schema":{"@context":"https:\/\/schema.org","@graph":[{"@type":"WebPage","@id":"https:\/\/staging.hydrapro.fr\/en\/produit\/chlore-lent-pastilles-20g\/","url":"https:\/\/staging.hydrapro.fr\/en\/produit\/chlore-lent-pastilles-20g\/","name":"Chlore lent pastilles 20g - Hydrapro","isPartOf":{"@id":"https:\/\/staging.hydrapro.fr\/#website"},"primaryImageOfPage":{"@id":"https:\/\/staging.hydrapro.fr\/en\/produit\/chlore-lent-pastilles-20g\/#primaryimage"},"image":{"@id":"https:\/\/staging.hydrapro.fr\/en\/produit\/chlore-lent-pastilles-20g\/#primaryimage"},"thumbnailUrl":"https:\/\/staging.hydrapro.fr\/app\/uploads\/2019\/10\/2038-CHLORE-LENT-PASTILLES-1KG-2.png","datePublished":"2019-08-12T07:25:25+00:00","dateModified":"2019-10-10T07:47:09+00:00","breadcrumb":{"@id":"https:\/\/staging.hydrapro.fr\/en\/produit\/chlore-lent-pastilles-20g\/#breadcrumb"},"inLanguage":"en-US","potentialAction":[{"@type":"ReadAction","target":["https:\/\/staging.hydrapro.fr\/en\/produit\/chlore-lent-pastilles-20g\/"]}]},{"@type":"ImageObject","inLanguage":"en-US","@id":"https:\/\/staging.hydrapro.fr\/en\/produit\/chlore-lent-pastilles-20g\/#primaryimage","url":"https:\/\/staging.hydrapro.fr\/app\/uploads\/2019\/10\/2038-CHLORE-LENT-PASTILLES-1KG-2.png","contentUrl":"https:\/\/staging.hydrapro.fr\/app\/uploads\/2019\/10\/2038-CHLORE-LENT-PASTILLES-1KG-2.png","width":600,"height":791},{"@type":"BreadcrumbList","@id":"https:\/\/staging.hydrapro.fr\/en\/produit\/chlore-lent-pastilles-20g\/#breadcrumb","itemListElement":[{"@type":"ListItem","position":1,"name":"Home","item":"https:\/\/staging.hydrapro.fr\/en\/"},{"@type":"ListItem","position":2,"name":"Boutique","item":"https:\/\/staging.hydrapro.fr\/boutique\/"},{"@type":"ListItem","position":3,"name":"Chlore lent pastilles 20g"}]},{"@type":"WebSite","@id":"https:\/\/staging.hydrapro.fr\/#website","url":"https:\/\/staging.hydrapro.fr\/","name":"Hydrapro","description":"L&#039;\u00e9quilibre de l&#039;eau","potentialAction":[{"@type":"SearchAction","target":{"@type":"EntryPoint","urlTemplate":"https:\/\/staging.hydrapro.fr\/?s={search_term_string}"},"query-input":{"@type":"PropertyValueSpecification","valueRequired":true,"valueName":"search_term_string"}}],"inLanguage":"en-US"}]}},"_links":{"self":[{"href":"https:\/\/staging.hydrapro.fr\/en\/wp-json\/wp\/v2\/product\/364","targetHints":{"allow":["GET"]}}],"collection":[{"href":"https:\/\/staging.hydrapro.fr\/en\/wp-json\/wp\/v2\/product"}],"about":[{"href":"https:\/\/staging.hydrapro.fr\/en\/wp-json\/wp\/v2\/types\/product"}],"wp:featuredmedia":[{"embeddable":true,"href":"https:\/\/staging.hydrapro.fr\/en\/wp-json\/wp\/v2\/media\/1307"}],"wp:attachment":[{"href":"https:\/\/staging.hydrapro.fr\/en\/wp-json\/wp\/v2\/media?parent=364"}],"wp:term":[{"taxonomy":"product_brand","embeddable":true,"href":"https:\/\/staging.hydrapro.fr\/en\/wp-json\/wp\/v2\/product_brand?post=364"},{"taxonomy":"product_type","embeddable":true,"href":"https:\/\/staging.hydrapro.fr\/en\/wp-json\/wp\/v2\/product_type?post=364"},{"taxonomy":"product_visibility","embeddable":true,"href":"https:\/\/staging.hydrapro.fr\/en\/wp-json\/wp\/v2\/product_visibility?post=364"},{"taxonomy":"product_cat","embeddable":true,"href":"https:\/\/staging.hydrapro.fr\/en\/wp-json\/wp\/v2\/product_cat?post=364"}],"curies":[{"name":"wp","href":"https:\/\/api.w.org\/{rel}","templated":true}]}}