{"id":362,"date":"2019-08-12T09:25:23","date_gmt":"2019-08-12T07:25:23","guid":{"rendered":"https:\/\/staging.hydrapro.fr\/product\/chlore-multifonctions\/"},"modified":"2019-10-10T09:47:43","modified_gmt":"2019-10-10T07:47:43","slug":"chlore-multifonctions","status":"publish","type":"product","link":"https:\/\/staging.hydrapro.fr\/en\/produit\/chlore-multifonctions\/","title":{"rendered":"Chlore multifonctions"},"content":{"rendered":"<p><strong>Chlore multifonctions en galets d\u00e9velopp\u00e9 comme d\u00e9sinfectant, anti-algues, clarifiant et stabilisant pour l&#8217;eau de votre piscine.<\/strong><\/p>\n<p>Le Chlore multi-fonctions est un produit d\u00e9sinfectant permettant de se d\u00e9barrasser des micro-organismes pr\u00e9sents dans l&#8217;eau. Il se pr\u00e9sente sous forme de galet de 250 g \u00e0 dissolution lente.<br \/>\nIl permet de lutter contre les micro-organismes, am\u00e9liore la filtration et clarifie l&#8217;eau. Il d\u00e9truit \u00e9galement les algues et emp\u00eache leur d\u00e9veloppement.<br \/>\nSon pouvoir stabilisant permet d&#8217;\u00e9viter la destruction du d\u00e9sinfectant par le soleil. Il laisse une eau saine et cristalline sans r\u00e9sidus.<br \/>\nLe Chlore multifonctions est \u00e0 introduire \u00e0 l&#8217;int\u00e9rieur du panier du skimmer ou dans le diffuseur flottant, filtration en marche.<\/p>\n<p><strong>Dosage : 1 galet pour 25 \u00e0 30 m\u00b3 d&#8217;eau. <\/p>\n<p>Disponible en carton de 6 x 1 kg et seau de 5, 10 et 25 kg (strictement professionnel).<\/strong><\/p>\n<p class=\"y-product y-product__product-subtitle\">Avantage :<\/p>\n<p>Excellente dissolution et tenue du galet. <\/p>\n<p>Produit fabriqu\u00e9 en France.<\/p>\n<p>Remettre de nouveau un galet dans le skimmer d\u00e8s que le pr\u00e9c\u00e9dent est dissous.<\/p>\n<p><em>Utiliser les biocides avec pr\u00e9caution. Avant toute utilisation, lire l&#8217;\u00e9tiquette et les informations concernant le produit.<br \/>\nLes photos et coloris des produits ne sont pas contractuels.<\/em><\/p>\n","protected":false},"excerpt":{"rendered":"<p>D\u00e9sinfectant multifonctions.<\/p>\n","protected":false},"featured_media":1329,"template":"","meta":[],"product_brand":[],"product_type":[2],"product_visibility":[],"product_cat":[160,154,162,169],"class_list":{"0":"post-362","1":"product","2":"type-product","3":"status-publish","4":"has-post-thumbnail","6":"product_cat-produits-produitsdsinfectionchlore","7":"product_cat-produitsdesinfection","8":"product_cat-marquesdsinfection","9":"product_cat-typologiesgalet","10":"product_tag-anti-algue","11":"product_tag-chlore","12":"product_tag-clarifiant","13":"product_tag-desinfectant","14":"product_tag-piscine","15":"product_tag-stabilisant","16":"product_tag-traitement","18":"first","19":"instock","20":"shipping-taxable","21":"product-type-simple"},"acf":{"fiche_technique":"https:\/\/staging.hydrapro.fr\/app\/uploads\/2019\/08\/FT-2039-CHLORE-MULTI-GALETS.pdf","fiche_methode":""},"yoast_head":"<!-- This site is optimized with the Yoast SEO plugin v24.7 - https:\/\/yoast.com\/wordpress\/plugins\/seo\/ -->\n<title>Chlore multifonctions - Hydrapro<\/title>\n<meta name=\"robots\" content=\"noindex, follow, max-snippet:-1, max-image-preview:large, max-video-preview:-1\" \/>\n<meta property=\"og:locale\" content=\"en_US\" \/>\n<meta property=\"og:type\" content=\"article\" \/>\n<meta property=\"og:title\" content=\"Chlore multifonctions - Hydrapro\" \/>\n<meta property=\"og:description\" content=\"D\u00e9sinfectant multifonctions.\" \/>\n<meta property=\"og:url\" content=\"https:\/\/staging.hydrapro.fr\/en\/produit\/chlore-multifonctions\/\" \/>\n<meta property=\"og:site_name\" content=\"Hydrapro\" \/>\n<meta property=\"article:modified_time\" content=\"2019-10-10T07:47:43+00:00\" \/>\n<meta property=\"og:image\" content=\"https:\/\/staging.hydrapro.fr\/app\/uploads\/2019\/10\/2039-CHLORE-MULTIFONCTIONS-GALETS-5KG.png\" \/>\n\t<meta property=\"og:image:width\" content=\"600\" \/>\n\t<meta property=\"og:image:height\" content=\"779\" \/>\n\t<meta property=\"og:image:type\" content=\"image\/png\" \/>\n<meta name=\"twitter:card\" content=\"summary_large_image\" \/>\n<meta name=\"twitter:label1\" content=\"Est. reading time\" \/>\n\t<meta name=\"twitter:data1\" content=\"1 minute\" \/>\n<script type=\"application\/ld+json\" class=\"yoast-schema-graph\">{\"@context\":\"https:\/\/schema.org\",\"@graph\":[{\"@type\":\"WebPage\",\"@id\":\"https:\/\/staging.hydrapro.fr\/en\/produit\/chlore-multifonctions\/\",\"url\":\"https:\/\/staging.hydrapro.fr\/en\/produit\/chlore-multifonctions\/\",\"name\":\"Chlore multifonctions - Hydrapro\",\"isPartOf\":{\"@id\":\"https:\/\/staging.hydrapro.fr\/#website\"},\"primaryImageOfPage\":{\"@id\":\"https:\/\/staging.hydrapro.fr\/en\/produit\/chlore-multifonctions\/#primaryimage\"},\"image\":{\"@id\":\"https:\/\/staging.hydrapro.fr\/en\/produit\/chlore-multifonctions\/#primaryimage\"},\"thumbnailUrl\":\"https:\/\/staging.hydrapro.fr\/app\/uploads\/2019\/10\/2039-CHLORE-MULTIFONCTIONS-GALETS-5KG.png\",\"datePublished\":\"2019-08-12T07:25:23+00:00\",\"dateModified\":\"2019-10-10T07:47:43+00:00\",\"breadcrumb\":{\"@id\":\"https:\/\/staging.hydrapro.fr\/en\/produit\/chlore-multifonctions\/#breadcrumb\"},\"inLanguage\":\"en-US\",\"potentialAction\":[{\"@type\":\"ReadAction\",\"target\":[\"https:\/\/staging.hydrapro.fr\/en\/produit\/chlore-multifonctions\/\"]}]},{\"@type\":\"ImageObject\",\"inLanguage\":\"en-US\",\"@id\":\"https:\/\/staging.hydrapro.fr\/en\/produit\/chlore-multifonctions\/#primaryimage\",\"url\":\"https:\/\/staging.hydrapro.fr\/app\/uploads\/2019\/10\/2039-CHLORE-MULTIFONCTIONS-GALETS-5KG.png\",\"contentUrl\":\"https:\/\/staging.hydrapro.fr\/app\/uploads\/2019\/10\/2039-CHLORE-MULTIFONCTIONS-GALETS-5KG.png\",\"width\":600,\"height\":779},{\"@type\":\"BreadcrumbList\",\"@id\":\"https:\/\/staging.hydrapro.fr\/en\/produit\/chlore-multifonctions\/#breadcrumb\",\"itemListElement\":[{\"@type\":\"ListItem\",\"position\":1,\"name\":\"Home\",\"item\":\"https:\/\/staging.hydrapro.fr\/en\/\"},{\"@type\":\"ListItem\",\"position\":2,\"name\":\"Boutique\",\"item\":\"https:\/\/staging.hydrapro.fr\/boutique\/\"},{\"@type\":\"ListItem\",\"position\":3,\"name\":\"Chlore multifonctions\"}]},{\"@type\":\"WebSite\",\"@id\":\"https:\/\/staging.hydrapro.fr\/#website\",\"url\":\"https:\/\/staging.hydrapro.fr\/\",\"name\":\"Hydrapro\",\"description\":\"L&#039;\u00e9quilibre de l&#039;eau\",\"potentialAction\":[{\"@type\":\"SearchAction\",\"target\":{\"@type\":\"EntryPoint\",\"urlTemplate\":\"https:\/\/staging.hydrapro.fr\/?s={search_term_string}\"},\"query-input\":{\"@type\":\"PropertyValueSpecification\",\"valueRequired\":true,\"valueName\":\"search_term_string\"}}],\"inLanguage\":\"en-US\"}]}<\/script>\n<!-- \/ Yoast SEO plugin. -->","yoast_head_json":{"title":"Chlore multifonctions - Hydrapro","robots":{"index":"noindex","follow":"follow","max-snippet":"max-snippet:-1","max-image-preview":"max-image-preview:large","max-video-preview":"max-video-preview:-1"},"og_locale":"en_US","og_type":"article","og_title":"Chlore multifonctions - Hydrapro","og_description":"D\u00e9sinfectant multifonctions.","og_url":"https:\/\/staging.hydrapro.fr\/en\/produit\/chlore-multifonctions\/","og_site_name":"Hydrapro","article_modified_time":"2019-10-10T07:47:43+00:00","og_image":[{"width":600,"height":779,"url":"https:\/\/staging.hydrapro.fr\/app\/uploads\/2019\/10\/2039-CHLORE-MULTIFONCTIONS-GALETS-5KG.png","type":"image\/png"}],"twitter_card":"summary_large_image","twitter_misc":{"Est. reading time":"1 minute"},"schema":{"@context":"https:\/\/schema.org","@graph":[{"@type":"WebPage","@id":"https:\/\/staging.hydrapro.fr\/en\/produit\/chlore-multifonctions\/","url":"https:\/\/staging.hydrapro.fr\/en\/produit\/chlore-multifonctions\/","name":"Chlore multifonctions - Hydrapro","isPartOf":{"@id":"https:\/\/staging.hydrapro.fr\/#website"},"primaryImageOfPage":{"@id":"https:\/\/staging.hydrapro.fr\/en\/produit\/chlore-multifonctions\/#primaryimage"},"image":{"@id":"https:\/\/staging.hydrapro.fr\/en\/produit\/chlore-multifonctions\/#primaryimage"},"thumbnailUrl":"https:\/\/staging.hydrapro.fr\/app\/uploads\/2019\/10\/2039-CHLORE-MULTIFONCTIONS-GALETS-5KG.png","datePublished":"2019-08-12T07:25:23+00:00","dateModified":"2019-10-10T07:47:43+00:00","breadcrumb":{"@id":"https:\/\/staging.hydrapro.fr\/en\/produit\/chlore-multifonctions\/#breadcrumb"},"inLanguage":"en-US","potentialAction":[{"@type":"ReadAction","target":["https:\/\/staging.hydrapro.fr\/en\/produit\/chlore-multifonctions\/"]}]},{"@type":"ImageObject","inLanguage":"en-US","@id":"https:\/\/staging.hydrapro.fr\/en\/produit\/chlore-multifonctions\/#primaryimage","url":"https:\/\/staging.hydrapro.fr\/app\/uploads\/2019\/10\/2039-CHLORE-MULTIFONCTIONS-GALETS-5KG.png","contentUrl":"https:\/\/staging.hydrapro.fr\/app\/uploads\/2019\/10\/2039-CHLORE-MULTIFONCTIONS-GALETS-5KG.png","width":600,"height":779},{"@type":"BreadcrumbList","@id":"https:\/\/staging.hydrapro.fr\/en\/produit\/chlore-multifonctions\/#breadcrumb","itemListElement":[{"@type":"ListItem","position":1,"name":"Home","item":"https:\/\/staging.hydrapro.fr\/en\/"},{"@type":"ListItem","position":2,"name":"Boutique","item":"https:\/\/staging.hydrapro.fr\/boutique\/"},{"@type":"ListItem","position":3,"name":"Chlore multifonctions"}]},{"@type":"WebSite","@id":"https:\/\/staging.hydrapro.fr\/#website","url":"https:\/\/staging.hydrapro.fr\/","name":"Hydrapro","description":"L&#039;\u00e9quilibre de l&#039;eau","potentialAction":[{"@type":"SearchAction","target":{"@type":"EntryPoint","urlTemplate":"https:\/\/staging.hydrapro.fr\/?s={search_term_string}"},"query-input":{"@type":"PropertyValueSpecification","valueRequired":true,"valueName":"search_term_string"}}],"inLanguage":"en-US"}]}},"_links":{"self":[{"href":"https:\/\/staging.hydrapro.fr\/en\/wp-json\/wp\/v2\/product\/362","targetHints":{"allow":["GET"]}}],"collection":[{"href":"https:\/\/staging.hydrapro.fr\/en\/wp-json\/wp\/v2\/product"}],"about":[{"href":"https:\/\/staging.hydrapro.fr\/en\/wp-json\/wp\/v2\/types\/product"}],"wp:featuredmedia":[{"embeddable":true,"href":"https:\/\/staging.hydrapro.fr\/en\/wp-json\/wp\/v2\/media\/1329"}],"wp:attachment":[{"href":"https:\/\/staging.hydrapro.fr\/en\/wp-json\/wp\/v2\/media?parent=362"}],"wp:term":[{"taxonomy":"product_brand","embeddable":true,"href":"https:\/\/staging.hydrapro.fr\/en\/wp-json\/wp\/v2\/product_brand?post=362"},{"taxonomy":"product_type","embeddable":true,"href":"https:\/\/staging.hydrapro.fr\/en\/wp-json\/wp\/v2\/product_type?post=362"},{"taxonomy":"product_visibility","embeddable":true,"href":"https:\/\/staging.hydrapro.fr\/en\/wp-json\/wp\/v2\/product_visibility?post=362"},{"taxonomy":"product_cat","embeddable":true,"href":"https:\/\/staging.hydrapro.fr\/en\/wp-json\/wp\/v2\/product_cat?post=362"}],"curies":[{"name":"wp","href":"https:\/\/api.w.org\/{rel}","templated":true}]}}