{"id":360,"date":"2019-08-12T09:25:21","date_gmt":"2019-08-12T07:25:21","guid":{"rendered":"https:\/\/staging.hydrapro.fr\/product\/sticks-chlorit-300\/"},"modified":"2019-10-10T09:46:27","modified_gmt":"2019-10-10T07:46:27","slug":"sticks-chlorit-300","status":"publish","type":"product","link":"https:\/\/staging.hydrapro.fr\/en\/produit\/sticks-chlorit-300\/","title":{"rendered":"Sticks chlorit 300"},"content":{"rendered":"<p><strong>Sticks chlorit 300 g non stabilis\u00e9 qui assurent une d\u00e9sinfection permanente pour l&#8217;eau de votre piscine, particuli\u00e8rement pour les eaux douces.<\/strong><\/p>\n<p>Les Sticks chlorit 300 g sont des produits d\u00e9sinfectants \u00e0 base de chlore non stabilis\u00e9 permettant de se d\u00e9barrasser des bact\u00e9ries, virus, algues et champignons pr\u00e9sents dans l&#8217;eau. Ce produit convient pour une eau douce et n&#8217;apporte pas d&#8217;acide cyanurique dans l&#8217;eau.<br \/>\nLes Sticks chlorit 300 g sont \u00e0 introduire dans le skimmer de votre piscine tous les 4 \u00e0 5 jours environ.<\/p>\n<p><strong>Dosage : 300 g pour 25 m3. <\/p>\n<p>Disponible en seau de 5,4 et 25,2 kg (strictement professionnel).<\/strong><\/p>\n<p class=\"y-product y-product__product-subtitle\">Avantage :<\/p>\n<p>Chloration lente, n&#8217;apportant pas d&#8217;acide isocyanurique dans l&#8217;eau. <\/p>\n<p>Produit conditionn\u00e9 en France.<\/p>\n<p><em>Utiliser les biocides avec pr\u00e9caution. Avant toute utilisation, lire l&#8217;\u00e9tiquette et les informations concernant le produit.<br \/>\nLes photos et coloris des produits ne sont pas contractuels.<\/em><\/p>\n","protected":false},"excerpt":{"rendered":"<p>D\u00e9sinfectant non stabilis\u00e9.<\/p>\n","protected":false},"featured_media":1318,"template":"","meta":[],"product_brand":[],"product_type":[2],"product_visibility":[],"product_cat":[160,162,154,169],"class_list":{"0":"post-360","1":"product","2":"type-product","3":"status-publish","4":"has-post-thumbnail","6":"product_cat-produits-produitsdsinfectionchlore","7":"product_cat-marquesdsinfection","8":"product_cat-produitsdesinfection","9":"product_cat-typologiesgalet","10":"product_tag-chlore","11":"product_tag-chlorit","12":"product_tag-eau-douce","13":"product_tag-piscine","14":"product_tag-traitement","16":"first","17":"instock","18":"shipping-taxable","19":"product-type-simple"},"acf":{"fiche_technique":"https:\/\/staging.hydrapro.fr\/app\/uploads\/2019\/08\/FT-1755-STICKS-CHLORIT-300G.pdf","fiche_methode":""},"yoast_head":"<!-- This site is optimized with the Yoast SEO plugin v24.7 - https:\/\/yoast.com\/wordpress\/plugins\/seo\/ -->\n<title>Sticks chlorit 300 - Hydrapro<\/title>\n<meta name=\"robots\" content=\"noindex, follow, max-snippet:-1, max-image-preview:large, max-video-preview:-1\" \/>\n<meta property=\"og:locale\" content=\"en_US\" \/>\n<meta property=\"og:type\" content=\"article\" \/>\n<meta property=\"og:title\" content=\"Sticks chlorit 300 - Hydrapro\" \/>\n<meta property=\"og:description\" content=\"D\u00e9sinfectant non stabilis\u00e9.\" \/>\n<meta property=\"og:url\" content=\"https:\/\/staging.hydrapro.fr\/en\/produit\/sticks-chlorit-300\/\" \/>\n<meta property=\"og:site_name\" content=\"Hydrapro\" \/>\n<meta property=\"article:modified_time\" content=\"2019-10-10T07:46:27+00:00\" \/>\n<meta property=\"og:image\" content=\"https:\/\/staging.hydrapro.fr\/app\/uploads\/2019\/10\/1755-STICKS-CHLORIT-300G-5KG-1.png\" \/>\n\t<meta property=\"og:image:width\" content=\"600\" \/>\n\t<meta property=\"og:image:height\" content=\"779\" \/>\n\t<meta property=\"og:image:type\" content=\"image\/png\" \/>\n<meta name=\"twitter:card\" content=\"summary_large_image\" \/>\n<meta name=\"twitter:label1\" content=\"Est. reading time\" \/>\n\t<meta name=\"twitter:data1\" content=\"1 minute\" \/>\n<script type=\"application\/ld+json\" class=\"yoast-schema-graph\">{\"@context\":\"https:\/\/schema.org\",\"@graph\":[{\"@type\":\"WebPage\",\"@id\":\"https:\/\/staging.hydrapro.fr\/en\/produit\/sticks-chlorit-300\/\",\"url\":\"https:\/\/staging.hydrapro.fr\/en\/produit\/sticks-chlorit-300\/\",\"name\":\"Sticks chlorit 300 - Hydrapro\",\"isPartOf\":{\"@id\":\"https:\/\/staging.hydrapro.fr\/#website\"},\"primaryImageOfPage\":{\"@id\":\"https:\/\/staging.hydrapro.fr\/en\/produit\/sticks-chlorit-300\/#primaryimage\"},\"image\":{\"@id\":\"https:\/\/staging.hydrapro.fr\/en\/produit\/sticks-chlorit-300\/#primaryimage\"},\"thumbnailUrl\":\"https:\/\/staging.hydrapro.fr\/app\/uploads\/2019\/10\/1755-STICKS-CHLORIT-300G-5KG-1.png\",\"datePublished\":\"2019-08-12T07:25:21+00:00\",\"dateModified\":\"2019-10-10T07:46:27+00:00\",\"breadcrumb\":{\"@id\":\"https:\/\/staging.hydrapro.fr\/en\/produit\/sticks-chlorit-300\/#breadcrumb\"},\"inLanguage\":\"en-US\",\"potentialAction\":[{\"@type\":\"ReadAction\",\"target\":[\"https:\/\/staging.hydrapro.fr\/en\/produit\/sticks-chlorit-300\/\"]}]},{\"@type\":\"ImageObject\",\"inLanguage\":\"en-US\",\"@id\":\"https:\/\/staging.hydrapro.fr\/en\/produit\/sticks-chlorit-300\/#primaryimage\",\"url\":\"https:\/\/staging.hydrapro.fr\/app\/uploads\/2019\/10\/1755-STICKS-CHLORIT-300G-5KG-1.png\",\"contentUrl\":\"https:\/\/staging.hydrapro.fr\/app\/uploads\/2019\/10\/1755-STICKS-CHLORIT-300G-5KG-1.png\",\"width\":600,\"height\":779},{\"@type\":\"BreadcrumbList\",\"@id\":\"https:\/\/staging.hydrapro.fr\/en\/produit\/sticks-chlorit-300\/#breadcrumb\",\"itemListElement\":[{\"@type\":\"ListItem\",\"position\":1,\"name\":\"Home\",\"item\":\"https:\/\/staging.hydrapro.fr\/en\/\"},{\"@type\":\"ListItem\",\"position\":2,\"name\":\"Boutique\",\"item\":\"https:\/\/staging.hydrapro.fr\/boutique\/\"},{\"@type\":\"ListItem\",\"position\":3,\"name\":\"Sticks chlorit 300\"}]},{\"@type\":\"WebSite\",\"@id\":\"https:\/\/staging.hydrapro.fr\/#website\",\"url\":\"https:\/\/staging.hydrapro.fr\/\",\"name\":\"Hydrapro\",\"description\":\"L&#039;\u00e9quilibre de l&#039;eau\",\"potentialAction\":[{\"@type\":\"SearchAction\",\"target\":{\"@type\":\"EntryPoint\",\"urlTemplate\":\"https:\/\/staging.hydrapro.fr\/?s={search_term_string}\"},\"query-input\":{\"@type\":\"PropertyValueSpecification\",\"valueRequired\":true,\"valueName\":\"search_term_string\"}}],\"inLanguage\":\"en-US\"}]}<\/script>\n<!-- \/ Yoast SEO plugin. -->","yoast_head_json":{"title":"Sticks chlorit 300 - Hydrapro","robots":{"index":"noindex","follow":"follow","max-snippet":"max-snippet:-1","max-image-preview":"max-image-preview:large","max-video-preview":"max-video-preview:-1"},"og_locale":"en_US","og_type":"article","og_title":"Sticks chlorit 300 - Hydrapro","og_description":"D\u00e9sinfectant non stabilis\u00e9.","og_url":"https:\/\/staging.hydrapro.fr\/en\/produit\/sticks-chlorit-300\/","og_site_name":"Hydrapro","article_modified_time":"2019-10-10T07:46:27+00:00","og_image":[{"width":600,"height":779,"url":"https:\/\/staging.hydrapro.fr\/app\/uploads\/2019\/10\/1755-STICKS-CHLORIT-300G-5KG-1.png","type":"image\/png"}],"twitter_card":"summary_large_image","twitter_misc":{"Est. reading time":"1 minute"},"schema":{"@context":"https:\/\/schema.org","@graph":[{"@type":"WebPage","@id":"https:\/\/staging.hydrapro.fr\/en\/produit\/sticks-chlorit-300\/","url":"https:\/\/staging.hydrapro.fr\/en\/produit\/sticks-chlorit-300\/","name":"Sticks chlorit 300 - Hydrapro","isPartOf":{"@id":"https:\/\/staging.hydrapro.fr\/#website"},"primaryImageOfPage":{"@id":"https:\/\/staging.hydrapro.fr\/en\/produit\/sticks-chlorit-300\/#primaryimage"},"image":{"@id":"https:\/\/staging.hydrapro.fr\/en\/produit\/sticks-chlorit-300\/#primaryimage"},"thumbnailUrl":"https:\/\/staging.hydrapro.fr\/app\/uploads\/2019\/10\/1755-STICKS-CHLORIT-300G-5KG-1.png","datePublished":"2019-08-12T07:25:21+00:00","dateModified":"2019-10-10T07:46:27+00:00","breadcrumb":{"@id":"https:\/\/staging.hydrapro.fr\/en\/produit\/sticks-chlorit-300\/#breadcrumb"},"inLanguage":"en-US","potentialAction":[{"@type":"ReadAction","target":["https:\/\/staging.hydrapro.fr\/en\/produit\/sticks-chlorit-300\/"]}]},{"@type":"ImageObject","inLanguage":"en-US","@id":"https:\/\/staging.hydrapro.fr\/en\/produit\/sticks-chlorit-300\/#primaryimage","url":"https:\/\/staging.hydrapro.fr\/app\/uploads\/2019\/10\/1755-STICKS-CHLORIT-300G-5KG-1.png","contentUrl":"https:\/\/staging.hydrapro.fr\/app\/uploads\/2019\/10\/1755-STICKS-CHLORIT-300G-5KG-1.png","width":600,"height":779},{"@type":"BreadcrumbList","@id":"https:\/\/staging.hydrapro.fr\/en\/produit\/sticks-chlorit-300\/#breadcrumb","itemListElement":[{"@type":"ListItem","position":1,"name":"Home","item":"https:\/\/staging.hydrapro.fr\/en\/"},{"@type":"ListItem","position":2,"name":"Boutique","item":"https:\/\/staging.hydrapro.fr\/boutique\/"},{"@type":"ListItem","position":3,"name":"Sticks chlorit 300"}]},{"@type":"WebSite","@id":"https:\/\/staging.hydrapro.fr\/#website","url":"https:\/\/staging.hydrapro.fr\/","name":"Hydrapro","description":"L&#039;\u00e9quilibre de l&#039;eau","potentialAction":[{"@type":"SearchAction","target":{"@type":"EntryPoint","urlTemplate":"https:\/\/staging.hydrapro.fr\/?s={search_term_string}"},"query-input":{"@type":"PropertyValueSpecification","valueRequired":true,"valueName":"search_term_string"}}],"inLanguage":"en-US"}]}},"_links":{"self":[{"href":"https:\/\/staging.hydrapro.fr\/en\/wp-json\/wp\/v2\/product\/360","targetHints":{"allow":["GET"]}}],"collection":[{"href":"https:\/\/staging.hydrapro.fr\/en\/wp-json\/wp\/v2\/product"}],"about":[{"href":"https:\/\/staging.hydrapro.fr\/en\/wp-json\/wp\/v2\/types\/product"}],"wp:featuredmedia":[{"embeddable":true,"href":"https:\/\/staging.hydrapro.fr\/en\/wp-json\/wp\/v2\/media\/1318"}],"wp:attachment":[{"href":"https:\/\/staging.hydrapro.fr\/en\/wp-json\/wp\/v2\/media?parent=360"}],"wp:term":[{"taxonomy":"product_brand","embeddable":true,"href":"https:\/\/staging.hydrapro.fr\/en\/wp-json\/wp\/v2\/product_brand?post=360"},{"taxonomy":"product_type","embeddable":true,"href":"https:\/\/staging.hydrapro.fr\/en\/wp-json\/wp\/v2\/product_type?post=360"},{"taxonomy":"product_visibility","embeddable":true,"href":"https:\/\/staging.hydrapro.fr\/en\/wp-json\/wp\/v2\/product_visibility?post=360"},{"taxonomy":"product_cat","embeddable":true,"href":"https:\/\/staging.hydrapro.fr\/en\/wp-json\/wp\/v2\/product_cat?post=360"}],"curies":[{"name":"wp","href":"https:\/\/api.w.org\/{rel}","templated":true}]}}