{"id":358,"date":"2019-08-12T09:25:19","date_gmt":"2019-08-12T07:25:19","guid":{"rendered":"https:\/\/staging.hydrapro.fr\/product\/chlore-choc-pastilles-20g\/"},"modified":"2019-10-10T09:46:58","modified_gmt":"2019-10-10T07:46:58","slug":"chlore-choc-pastilles-20g","status":"publish","type":"product","link":"https:\/\/staging.hydrapro.fr\/en\/produit\/chlore-choc-pastilles-20g\/","title":{"rendered":"Chlore choc pastilles 20g"},"content":{"rendered":"<p><strong>Chlore choc stabilis\u00e9 en pastilles de 20 g qui assure une chloration et une d\u00e9sinfection choc pour l&#8217;eau de votre piscine.<\/strong><\/p>\n<p>Les pastilles de chlore choc sont des produits d\u00e9sinfectants permettant de remonter rapidement le taux de chlore et de se d\u00e9barrasser des micro-organismes pr\u00e9sents dans l&#8217;eau. Ce sont des pastilles effervescentes de 20 g de chlore stabilis\u00e9 \u00e0 dissolution rapide et compl\u00e8te. Son action stabilisante permet de lutter contre l&#8217;action destructrice des rayons UV de la lumi\u00e8re du soleil.<br \/>\nLes pastilles de chlore choc conviennent \u00e0 tous les types d&#8217;eau et sont compatibles avec tous les traitements sauf le PHMB et le brome.<br \/>\nNe jamais mettre les pastilles au contact du liner et ne pas les jeter au fond de la piscine au risque de d\u00e9t\u00e9rioration.<\/p>\n<p><strong>Dosage pour une action choc : 4 pastilles pour 10 m\u00b3. <\/p>\n<p>Disponible en carton de 6 x 1 kg et en seau de 5, 10 et 25 kg (strictement professionnel).<\/strong><\/p>\n<p class=\"y-product y-product__product-subtitle\">Avantage :<\/p>\n<p>Ce sont des pastilles effervescentes qui ne laissent aucun r\u00e9sidu. <\/p>\n<p>Produit fabriqu\u00e9 en France.<\/p>\n<p>Les pastilles de chlore choc sont \u00e0 placer dans le skimmer. Elles sont \u00e0 utiliser en d\u00e9but de saison, ou en cas de conditions climatiques extr\u00eames ou encore lors d&#8217;un usage intensif de la piscine.<\/p>\n<p>Agr\u00e9\u00e9 par le ministre de la sant\u00e9 publique pour un usage \u00e0 destination des piscines publiques.<\/p>\n<p><em>Utiliser les biocides avec pr\u00e9caution. Avant toute utilisation, lire l&#8217;\u00e9tiquette et les informations concernant le produit.<br \/>\nLes photos et coloris des produits ne sont pas contractuels.<\/em><\/p>\n","protected":false},"excerpt":{"rendered":"<p>D\u00e9sinfectant choc stabilis\u00e9.<\/p>\n","protected":false},"featured_media":1325,"template":"","meta":[],"product_brand":[],"product_type":[2],"product_visibility":[],"product_cat":[160,154,162,168],"class_list":{"0":"post-358","1":"product","2":"type-product","3":"status-publish","4":"has-post-thumbnail","6":"product_cat-produits-produitsdsinfectionchlore","7":"product_cat-produitsdesinfection","8":"product_cat-marquesdsinfection","9":"product_cat-typologiespastille","10":"product_tag-piscine","11":"product_tag-traitement","13":"first","14":"instock","15":"shipping-taxable","16":"product-type-simple"},"acf":{"fiche_technique":"https:\/\/staging.hydrapro.fr\/app\/uploads\/2019\/08\/FT-2010-CHLORE-CHOC-PASTILLES-20G.pdf","fiche_methode":""},"yoast_head":"<!-- This site is optimized with the Yoast SEO plugin v24.7 - https:\/\/yoast.com\/wordpress\/plugins\/seo\/ -->\n<title>Chlore choc pastilles 20g - Hydrapro<\/title>\n<meta name=\"robots\" content=\"noindex, follow, max-snippet:-1, max-image-preview:large, max-video-preview:-1\" \/>\n<meta property=\"og:locale\" content=\"en_US\" \/>\n<meta property=\"og:type\" content=\"article\" \/>\n<meta property=\"og:title\" content=\"Chlore choc pastilles 20g - Hydrapro\" \/>\n<meta property=\"og:description\" content=\"D\u00e9sinfectant choc stabilis\u00e9.\" \/>\n<meta property=\"og:url\" content=\"https:\/\/staging.hydrapro.fr\/en\/produit\/chlore-choc-pastilles-20g\/\" \/>\n<meta property=\"og:site_name\" content=\"Hydrapro\" \/>\n<meta property=\"article:modified_time\" content=\"2019-10-10T07:46:58+00:00\" \/>\n<meta property=\"og:image\" content=\"https:\/\/staging.hydrapro.fr\/app\/uploads\/2019\/10\/2010-CHLORE-CHOC-PASTILLES-5KG-1.png\" \/>\n\t<meta property=\"og:image:width\" content=\"600\" \/>\n\t<meta property=\"og:image:height\" content=\"779\" \/>\n\t<meta property=\"og:image:type\" content=\"image\/png\" \/>\n<meta name=\"twitter:card\" content=\"summary_large_image\" \/>\n<meta name=\"twitter:label1\" content=\"Est. reading time\" \/>\n\t<meta name=\"twitter:data1\" content=\"1 minute\" \/>\n<script type=\"application\/ld+json\" class=\"yoast-schema-graph\">{\"@context\":\"https:\/\/schema.org\",\"@graph\":[{\"@type\":\"WebPage\",\"@id\":\"https:\/\/staging.hydrapro.fr\/en\/produit\/chlore-choc-pastilles-20g\/\",\"url\":\"https:\/\/staging.hydrapro.fr\/en\/produit\/chlore-choc-pastilles-20g\/\",\"name\":\"Chlore choc pastilles 20g - Hydrapro\",\"isPartOf\":{\"@id\":\"https:\/\/staging.hydrapro.fr\/#website\"},\"primaryImageOfPage\":{\"@id\":\"https:\/\/staging.hydrapro.fr\/en\/produit\/chlore-choc-pastilles-20g\/#primaryimage\"},\"image\":{\"@id\":\"https:\/\/staging.hydrapro.fr\/en\/produit\/chlore-choc-pastilles-20g\/#primaryimage\"},\"thumbnailUrl\":\"https:\/\/staging.hydrapro.fr\/app\/uploads\/2019\/10\/2010-CHLORE-CHOC-PASTILLES-5KG-1.png\",\"datePublished\":\"2019-08-12T07:25:19+00:00\",\"dateModified\":\"2019-10-10T07:46:58+00:00\",\"breadcrumb\":{\"@id\":\"https:\/\/staging.hydrapro.fr\/en\/produit\/chlore-choc-pastilles-20g\/#breadcrumb\"},\"inLanguage\":\"en-US\",\"potentialAction\":[{\"@type\":\"ReadAction\",\"target\":[\"https:\/\/staging.hydrapro.fr\/en\/produit\/chlore-choc-pastilles-20g\/\"]}]},{\"@type\":\"ImageObject\",\"inLanguage\":\"en-US\",\"@id\":\"https:\/\/staging.hydrapro.fr\/en\/produit\/chlore-choc-pastilles-20g\/#primaryimage\",\"url\":\"https:\/\/staging.hydrapro.fr\/app\/uploads\/2019\/10\/2010-CHLORE-CHOC-PASTILLES-5KG-1.png\",\"contentUrl\":\"https:\/\/staging.hydrapro.fr\/app\/uploads\/2019\/10\/2010-CHLORE-CHOC-PASTILLES-5KG-1.png\",\"width\":600,\"height\":779},{\"@type\":\"BreadcrumbList\",\"@id\":\"https:\/\/staging.hydrapro.fr\/en\/produit\/chlore-choc-pastilles-20g\/#breadcrumb\",\"itemListElement\":[{\"@type\":\"ListItem\",\"position\":1,\"name\":\"Home\",\"item\":\"https:\/\/staging.hydrapro.fr\/en\/\"},{\"@type\":\"ListItem\",\"position\":2,\"name\":\"Boutique\",\"item\":\"https:\/\/staging.hydrapro.fr\/boutique\/\"},{\"@type\":\"ListItem\",\"position\":3,\"name\":\"Chlore choc pastilles 20g\"}]},{\"@type\":\"WebSite\",\"@id\":\"https:\/\/staging.hydrapro.fr\/#website\",\"url\":\"https:\/\/staging.hydrapro.fr\/\",\"name\":\"Hydrapro\",\"description\":\"L&#039;\u00e9quilibre de l&#039;eau\",\"potentialAction\":[{\"@type\":\"SearchAction\",\"target\":{\"@type\":\"EntryPoint\",\"urlTemplate\":\"https:\/\/staging.hydrapro.fr\/?s={search_term_string}\"},\"query-input\":{\"@type\":\"PropertyValueSpecification\",\"valueRequired\":true,\"valueName\":\"search_term_string\"}}],\"inLanguage\":\"en-US\"}]}<\/script>\n<!-- \/ Yoast SEO plugin. -->","yoast_head_json":{"title":"Chlore choc pastilles 20g - Hydrapro","robots":{"index":"noindex","follow":"follow","max-snippet":"max-snippet:-1","max-image-preview":"max-image-preview:large","max-video-preview":"max-video-preview:-1"},"og_locale":"en_US","og_type":"article","og_title":"Chlore choc pastilles 20g - Hydrapro","og_description":"D\u00e9sinfectant choc stabilis\u00e9.","og_url":"https:\/\/staging.hydrapro.fr\/en\/produit\/chlore-choc-pastilles-20g\/","og_site_name":"Hydrapro","article_modified_time":"2019-10-10T07:46:58+00:00","og_image":[{"width":600,"height":779,"url":"https:\/\/staging.hydrapro.fr\/app\/uploads\/2019\/10\/2010-CHLORE-CHOC-PASTILLES-5KG-1.png","type":"image\/png"}],"twitter_card":"summary_large_image","twitter_misc":{"Est. reading time":"1 minute"},"schema":{"@context":"https:\/\/schema.org","@graph":[{"@type":"WebPage","@id":"https:\/\/staging.hydrapro.fr\/en\/produit\/chlore-choc-pastilles-20g\/","url":"https:\/\/staging.hydrapro.fr\/en\/produit\/chlore-choc-pastilles-20g\/","name":"Chlore choc pastilles 20g - Hydrapro","isPartOf":{"@id":"https:\/\/staging.hydrapro.fr\/#website"},"primaryImageOfPage":{"@id":"https:\/\/staging.hydrapro.fr\/en\/produit\/chlore-choc-pastilles-20g\/#primaryimage"},"image":{"@id":"https:\/\/staging.hydrapro.fr\/en\/produit\/chlore-choc-pastilles-20g\/#primaryimage"},"thumbnailUrl":"https:\/\/staging.hydrapro.fr\/app\/uploads\/2019\/10\/2010-CHLORE-CHOC-PASTILLES-5KG-1.png","datePublished":"2019-08-12T07:25:19+00:00","dateModified":"2019-10-10T07:46:58+00:00","breadcrumb":{"@id":"https:\/\/staging.hydrapro.fr\/en\/produit\/chlore-choc-pastilles-20g\/#breadcrumb"},"inLanguage":"en-US","potentialAction":[{"@type":"ReadAction","target":["https:\/\/staging.hydrapro.fr\/en\/produit\/chlore-choc-pastilles-20g\/"]}]},{"@type":"ImageObject","inLanguage":"en-US","@id":"https:\/\/staging.hydrapro.fr\/en\/produit\/chlore-choc-pastilles-20g\/#primaryimage","url":"https:\/\/staging.hydrapro.fr\/app\/uploads\/2019\/10\/2010-CHLORE-CHOC-PASTILLES-5KG-1.png","contentUrl":"https:\/\/staging.hydrapro.fr\/app\/uploads\/2019\/10\/2010-CHLORE-CHOC-PASTILLES-5KG-1.png","width":600,"height":779},{"@type":"BreadcrumbList","@id":"https:\/\/staging.hydrapro.fr\/en\/produit\/chlore-choc-pastilles-20g\/#breadcrumb","itemListElement":[{"@type":"ListItem","position":1,"name":"Home","item":"https:\/\/staging.hydrapro.fr\/en\/"},{"@type":"ListItem","position":2,"name":"Boutique","item":"https:\/\/staging.hydrapro.fr\/boutique\/"},{"@type":"ListItem","position":3,"name":"Chlore choc pastilles 20g"}]},{"@type":"WebSite","@id":"https:\/\/staging.hydrapro.fr\/#website","url":"https:\/\/staging.hydrapro.fr\/","name":"Hydrapro","description":"L&#039;\u00e9quilibre de l&#039;eau","potentialAction":[{"@type":"SearchAction","target":{"@type":"EntryPoint","urlTemplate":"https:\/\/staging.hydrapro.fr\/?s={search_term_string}"},"query-input":{"@type":"PropertyValueSpecification","valueRequired":true,"valueName":"search_term_string"}}],"inLanguage":"en-US"}]}},"_links":{"self":[{"href":"https:\/\/staging.hydrapro.fr\/en\/wp-json\/wp\/v2\/product\/358","targetHints":{"allow":["GET"]}}],"collection":[{"href":"https:\/\/staging.hydrapro.fr\/en\/wp-json\/wp\/v2\/product"}],"about":[{"href":"https:\/\/staging.hydrapro.fr\/en\/wp-json\/wp\/v2\/types\/product"}],"wp:featuredmedia":[{"embeddable":true,"href":"https:\/\/staging.hydrapro.fr\/en\/wp-json\/wp\/v2\/media\/1325"}],"wp:attachment":[{"href":"https:\/\/staging.hydrapro.fr\/en\/wp-json\/wp\/v2\/media?parent=358"}],"wp:term":[{"taxonomy":"product_brand","embeddable":true,"href":"https:\/\/staging.hydrapro.fr\/en\/wp-json\/wp\/v2\/product_brand?post=358"},{"taxonomy":"product_type","embeddable":true,"href":"https:\/\/staging.hydrapro.fr\/en\/wp-json\/wp\/v2\/product_type?post=358"},{"taxonomy":"product_visibility","embeddable":true,"href":"https:\/\/staging.hydrapro.fr\/en\/wp-json\/wp\/v2\/product_visibility?post=358"},{"taxonomy":"product_cat","embeddable":true,"href":"https:\/\/staging.hydrapro.fr\/en\/wp-json\/wp\/v2\/product_cat?post=358"}],"curies":[{"name":"wp","href":"https:\/\/api.w.org\/{rel}","templated":true}]}}