{"id":355,"date":"2019-08-12T09:25:17","date_gmt":"2019-08-12T07:25:17","guid":{"rendered":"https:\/\/staging.hydrapro.fr\/product\/floculant-liquide\/"},"modified":"2019-10-10T09:18:28","modified_gmt":"2019-10-10T07:18:28","slug":"floculant-liquide","status":"publish","type":"product","link":"https:\/\/staging.hydrapro.fr\/en\/produit\/floculant-liquide\/","title":{"rendered":"Floculant liquide"},"content":{"rendered":"<p><strong>Floculant liquide qui assure une floculation rapide pour rattraper une eau trouble dans votre piscine.<\/strong><\/p>\n<p>Le Floculant liquide est un produit clarifiant \u00e0 base de polychlorosulfate d&#8217;aluminium, permettant de cr\u00e9er des floculats plus gros que les floculats habituels qui seront retenus dans le filtre \u00e0 sable. Ce produit clarifie l&#8217;eau et \u00e9limine les particules en suspension dans l&#8217;eau.<br \/>\nLe Floculant liquide est compatible avec tous les produits de traitement des piscines pour filtre \u00e0 sable.<\/p>\n<p><strong>Dosage : 200 mL pour 10 m\u00b3 d&#8217;eau recycl\u00e9e. <\/p>\n<p>Disponible en carton de 6 x 1 L et de 4 x 5 L et en bidon de 20 L.<\/strong><\/p>\n<p class=\"y-product y-product__product-subtitle\">Avantage :<\/p>\n<p>Tr\u00e8s concentr\u00e9, am\u00e9liore l&#8217;efficacit\u00e9 de la filtration. <\/p>\n<p>Produit fabriqu\u00e9 en France.<\/p>\n<p>Il faut effectuer des lavages \u00e0 contre-courant du filtre \u00e0 sable apr\u00e8s une floculation.<\/p>\n<p><em>Les photos et coloris des produits ne sont pas contractuels.<\/em><\/p>\n","protected":false},"excerpt":{"rendered":"<p>Floculant pour filtre \u00e0 sable.<\/p>\n","protected":false},"featured_media":1348,"template":"","meta":[],"product_brand":[],"product_type":[2],"product_visibility":[],"product_cat":[151,163,179,166],"class_list":{"0":"post-355","1":"product","2":"type-product","3":"status-publish","4":"has-post-thumbnail","6":"product_cat-produitsentretien","7":"product_cat-marquesentretien","8":"product_cat-produits-produitsentretienfloculer","9":"product_cat-typologiesliquide","10":"product_tag-clarifiant","11":"product_tag-floculant","12":"product_tag-piscine","13":"product_tag-traitement","15":"first","16":"instock","17":"shipping-taxable","18":"product-type-simple"},"acf":{"fiche_technique":"https:\/\/staging.hydrapro.fr\/app\/uploads\/2019\/08\/FT-0195-FLOCULANT-LIQUIDE.pdf","fiche_methode":""},"yoast_head":"<!-- This site is optimized with the Yoast SEO plugin v24.7 - https:\/\/yoast.com\/wordpress\/plugins\/seo\/ -->\n<title>Floculant liquide - Hydrapro<\/title>\n<meta name=\"robots\" content=\"noindex, follow, max-snippet:-1, max-image-preview:large, max-video-preview:-1\" \/>\n<meta property=\"og:locale\" content=\"en_US\" \/>\n<meta property=\"og:type\" content=\"article\" \/>\n<meta property=\"og:title\" content=\"Floculant liquide - Hydrapro\" \/>\n<meta property=\"og:description\" content=\"Floculant pour filtre \u00e0 sable.\" \/>\n<meta property=\"og:url\" content=\"https:\/\/staging.hydrapro.fr\/en\/produit\/floculant-liquide\/\" \/>\n<meta property=\"og:site_name\" content=\"Hydrapro\" \/>\n<meta property=\"article:modified_time\" content=\"2019-10-10T07:18:28+00:00\" \/>\n<meta property=\"og:image\" content=\"https:\/\/staging.hydrapro.fr\/app\/uploads\/2019\/10\/0195_FLOCULANT_LIQUIDE_5L.png\" \/>\n\t<meta property=\"og:image:width\" content=\"600\" \/>\n\t<meta property=\"og:image:height\" content=\"908\" \/>\n\t<meta property=\"og:image:type\" content=\"image\/png\" \/>\n<meta name=\"twitter:card\" content=\"summary_large_image\" \/>\n<meta name=\"twitter:label1\" content=\"Est. reading time\" \/>\n\t<meta name=\"twitter:data1\" content=\"1 minute\" \/>\n<script type=\"application\/ld+json\" class=\"yoast-schema-graph\">{\"@context\":\"https:\/\/schema.org\",\"@graph\":[{\"@type\":\"WebPage\",\"@id\":\"https:\/\/staging.hydrapro.fr\/en\/produit\/floculant-liquide\/\",\"url\":\"https:\/\/staging.hydrapro.fr\/en\/produit\/floculant-liquide\/\",\"name\":\"Floculant liquide - Hydrapro\",\"isPartOf\":{\"@id\":\"https:\/\/staging.hydrapro.fr\/#website\"},\"primaryImageOfPage\":{\"@id\":\"https:\/\/staging.hydrapro.fr\/en\/produit\/floculant-liquide\/#primaryimage\"},\"image\":{\"@id\":\"https:\/\/staging.hydrapro.fr\/en\/produit\/floculant-liquide\/#primaryimage\"},\"thumbnailUrl\":\"https:\/\/staging.hydrapro.fr\/app\/uploads\/2019\/10\/0195_FLOCULANT_LIQUIDE_5L.png\",\"datePublished\":\"2019-08-12T07:25:17+00:00\",\"dateModified\":\"2019-10-10T07:18:28+00:00\",\"breadcrumb\":{\"@id\":\"https:\/\/staging.hydrapro.fr\/en\/produit\/floculant-liquide\/#breadcrumb\"},\"inLanguage\":\"en-US\",\"potentialAction\":[{\"@type\":\"ReadAction\",\"target\":[\"https:\/\/staging.hydrapro.fr\/en\/produit\/floculant-liquide\/\"]}]},{\"@type\":\"ImageObject\",\"inLanguage\":\"en-US\",\"@id\":\"https:\/\/staging.hydrapro.fr\/en\/produit\/floculant-liquide\/#primaryimage\",\"url\":\"https:\/\/staging.hydrapro.fr\/app\/uploads\/2019\/10\/0195_FLOCULANT_LIQUIDE_5L.png\",\"contentUrl\":\"https:\/\/staging.hydrapro.fr\/app\/uploads\/2019\/10\/0195_FLOCULANT_LIQUIDE_5L.png\",\"width\":600,\"height\":908},{\"@type\":\"BreadcrumbList\",\"@id\":\"https:\/\/staging.hydrapro.fr\/en\/produit\/floculant-liquide\/#breadcrumb\",\"itemListElement\":[{\"@type\":\"ListItem\",\"position\":1,\"name\":\"Home\",\"item\":\"https:\/\/staging.hydrapro.fr\/en\/\"},{\"@type\":\"ListItem\",\"position\":2,\"name\":\"Boutique\",\"item\":\"https:\/\/staging.hydrapro.fr\/boutique\/\"},{\"@type\":\"ListItem\",\"position\":3,\"name\":\"Floculant liquide\"}]},{\"@type\":\"WebSite\",\"@id\":\"https:\/\/staging.hydrapro.fr\/#website\",\"url\":\"https:\/\/staging.hydrapro.fr\/\",\"name\":\"Hydrapro\",\"description\":\"L&#039;\u00e9quilibre de l&#039;eau\",\"potentialAction\":[{\"@type\":\"SearchAction\",\"target\":{\"@type\":\"EntryPoint\",\"urlTemplate\":\"https:\/\/staging.hydrapro.fr\/?s={search_term_string}\"},\"query-input\":{\"@type\":\"PropertyValueSpecification\",\"valueRequired\":true,\"valueName\":\"search_term_string\"}}],\"inLanguage\":\"en-US\"}]}<\/script>\n<!-- \/ Yoast SEO plugin. -->","yoast_head_json":{"title":"Floculant liquide - Hydrapro","robots":{"index":"noindex","follow":"follow","max-snippet":"max-snippet:-1","max-image-preview":"max-image-preview:large","max-video-preview":"max-video-preview:-1"},"og_locale":"en_US","og_type":"article","og_title":"Floculant liquide - Hydrapro","og_description":"Floculant pour filtre \u00e0 sable.","og_url":"https:\/\/staging.hydrapro.fr\/en\/produit\/floculant-liquide\/","og_site_name":"Hydrapro","article_modified_time":"2019-10-10T07:18:28+00:00","og_image":[{"width":600,"height":908,"url":"https:\/\/staging.hydrapro.fr\/app\/uploads\/2019\/10\/0195_FLOCULANT_LIQUIDE_5L.png","type":"image\/png"}],"twitter_card":"summary_large_image","twitter_misc":{"Est. reading time":"1 minute"},"schema":{"@context":"https:\/\/schema.org","@graph":[{"@type":"WebPage","@id":"https:\/\/staging.hydrapro.fr\/en\/produit\/floculant-liquide\/","url":"https:\/\/staging.hydrapro.fr\/en\/produit\/floculant-liquide\/","name":"Floculant liquide - Hydrapro","isPartOf":{"@id":"https:\/\/staging.hydrapro.fr\/#website"},"primaryImageOfPage":{"@id":"https:\/\/staging.hydrapro.fr\/en\/produit\/floculant-liquide\/#primaryimage"},"image":{"@id":"https:\/\/staging.hydrapro.fr\/en\/produit\/floculant-liquide\/#primaryimage"},"thumbnailUrl":"https:\/\/staging.hydrapro.fr\/app\/uploads\/2019\/10\/0195_FLOCULANT_LIQUIDE_5L.png","datePublished":"2019-08-12T07:25:17+00:00","dateModified":"2019-10-10T07:18:28+00:00","breadcrumb":{"@id":"https:\/\/staging.hydrapro.fr\/en\/produit\/floculant-liquide\/#breadcrumb"},"inLanguage":"en-US","potentialAction":[{"@type":"ReadAction","target":["https:\/\/staging.hydrapro.fr\/en\/produit\/floculant-liquide\/"]}]},{"@type":"ImageObject","inLanguage":"en-US","@id":"https:\/\/staging.hydrapro.fr\/en\/produit\/floculant-liquide\/#primaryimage","url":"https:\/\/staging.hydrapro.fr\/app\/uploads\/2019\/10\/0195_FLOCULANT_LIQUIDE_5L.png","contentUrl":"https:\/\/staging.hydrapro.fr\/app\/uploads\/2019\/10\/0195_FLOCULANT_LIQUIDE_5L.png","width":600,"height":908},{"@type":"BreadcrumbList","@id":"https:\/\/staging.hydrapro.fr\/en\/produit\/floculant-liquide\/#breadcrumb","itemListElement":[{"@type":"ListItem","position":1,"name":"Home","item":"https:\/\/staging.hydrapro.fr\/en\/"},{"@type":"ListItem","position":2,"name":"Boutique","item":"https:\/\/staging.hydrapro.fr\/boutique\/"},{"@type":"ListItem","position":3,"name":"Floculant liquide"}]},{"@type":"WebSite","@id":"https:\/\/staging.hydrapro.fr\/#website","url":"https:\/\/staging.hydrapro.fr\/","name":"Hydrapro","description":"L&#039;\u00e9quilibre de l&#039;eau","potentialAction":[{"@type":"SearchAction","target":{"@type":"EntryPoint","urlTemplate":"https:\/\/staging.hydrapro.fr\/?s={search_term_string}"},"query-input":{"@type":"PropertyValueSpecification","valueRequired":true,"valueName":"search_term_string"}}],"inLanguage":"en-US"}]}},"_links":{"self":[{"href":"https:\/\/staging.hydrapro.fr\/en\/wp-json\/wp\/v2\/product\/355","targetHints":{"allow":["GET"]}}],"collection":[{"href":"https:\/\/staging.hydrapro.fr\/en\/wp-json\/wp\/v2\/product"}],"about":[{"href":"https:\/\/staging.hydrapro.fr\/en\/wp-json\/wp\/v2\/types\/product"}],"wp:featuredmedia":[{"embeddable":true,"href":"https:\/\/staging.hydrapro.fr\/en\/wp-json\/wp\/v2\/media\/1348"}],"wp:attachment":[{"href":"https:\/\/staging.hydrapro.fr\/en\/wp-json\/wp\/v2\/media?parent=355"}],"wp:term":[{"taxonomy":"product_brand","embeddable":true,"href":"https:\/\/staging.hydrapro.fr\/en\/wp-json\/wp\/v2\/product_brand?post=355"},{"taxonomy":"product_type","embeddable":true,"href":"https:\/\/staging.hydrapro.fr\/en\/wp-json\/wp\/v2\/product_type?post=355"},{"taxonomy":"product_visibility","embeddable":true,"href":"https:\/\/staging.hydrapro.fr\/en\/wp-json\/wp\/v2\/product_visibility?post=355"},{"taxonomy":"product_cat","embeddable":true,"href":"https:\/\/staging.hydrapro.fr\/en\/wp-json\/wp\/v2\/product_cat?post=355"}],"curies":[{"name":"wp","href":"https:\/\/api.w.org\/{rel}","templated":true}]}}