{"id":354,"date":"2019-08-12T09:25:16","date_gmt":"2019-08-12T07:25:16","guid":{"rendered":"https:\/\/staging.hydrapro.fr\/product\/nettoyant-detartrant\/"},"modified":"2019-10-10T09:18:13","modified_gmt":"2019-10-10T07:18:13","slug":"nettoyant-detartrant","status":"publish","type":"product","link":"https:\/\/staging.hydrapro.fr\/en\/produit\/nettoyant-detartrant\/","title":{"rendered":"Nettoyant D\u00e9tartrant"},"content":{"rendered":"<p><strong>Nettoyant d\u00e9tartrant liquide qui assure un nettoyage et un d\u00e9tartrage de vos bassins lors des vidanges.<\/strong><\/p>\n<p>Le Nettoyant d\u00e9tartrant est un produit d&#8217;entretien permettant d&#8217;\u00e9liminer les d\u00e9p\u00f4ts tenaces de calcaire et de rouille pr\u00e9sents sur les rev\u00eatements. De plus, ce produit contient un inhibiteur de corrosion.<br \/>\nLe Nettoyant d\u00e9tartrant convient \u00e0 tous les types de rev\u00eatement.<\/p>\n<p><strong>Dosage : 200 mL \u00e0 1 L pour 1 L d&#8217;eau en fonction de l&#8217;entartrage. <\/p>\n<p>Disponible en carton de 4 x 5 L et en bidon de 10 L.<\/strong><\/p>\n<p class=\"y-product y-product__product-subtitle\">Avantage :<\/p>\n<p>Fort pouvoir d\u00e9tartrant avec un inhibiteur de corrosion. <\/p>\n<p>Produit fabriqu\u00e9 en France.<\/p>\n<p>Verser le produit dans l&#8217;eau et jamais l&#8217;eau dans le produit.<\/p>\n<p><em>Les photos et coloris des produits ne sont pas contractuels.<\/em><\/p>\n","protected":false},"excerpt":{"rendered":"<p>Nettoyant d\u00e9tartrant l\u00e9g\u00e8rement moussant.<\/p>\n","protected":false},"featured_media":1346,"template":"","meta":[],"product_brand":[],"product_type":[2],"product_visibility":[],"product_cat":[178,163,151,166,180],"class_list":{"0":"post-354","1":"product","2":"type-product","3":"status-publish","4":"has-post-thumbnail","6":"product_cat-produits-produitsentretiendtartrer","7":"product_cat-marquesentretien","8":"product_cat-produitsentretien","9":"product_cat-typologiesliquide","10":"product_cat-produits-produitsentretiennettoyer","11":"product_tag-detartrant","12":"product_tag-inhibiteur-de-corrosion","13":"product_tag-nettoyant","14":"product_tag-piscine","15":"product_tag-traitement","17":"first","18":"instock","19":"shipping-taxable","20":"product-type-simple"},"acf":{"fiche_technique":"https:\/\/staging.hydrapro.fr\/app\/uploads\/2019\/08\/FT-0192-NETTOYANT-DETARTRANT.pdf","fiche_methode":""},"yoast_head":"<!-- This site is optimized with the Yoast SEO plugin v24.7 - https:\/\/yoast.com\/wordpress\/plugins\/seo\/ -->\n<title>Nettoyant D\u00e9tartrant - Hydrapro<\/title>\n<meta name=\"robots\" content=\"noindex, follow, max-snippet:-1, max-image-preview:large, max-video-preview:-1\" \/>\n<meta property=\"og:locale\" content=\"en_US\" \/>\n<meta property=\"og:type\" content=\"article\" \/>\n<meta property=\"og:title\" content=\"Nettoyant D\u00e9tartrant - Hydrapro\" \/>\n<meta property=\"og:description\" content=\"Nettoyant d\u00e9tartrant l\u00e9g\u00e8rement moussant.\" \/>\n<meta property=\"og:url\" content=\"https:\/\/staging.hydrapro.fr\/en\/produit\/nettoyant-detartrant\/\" \/>\n<meta property=\"og:site_name\" content=\"Hydrapro\" \/>\n<meta property=\"article:modified_time\" content=\"2019-10-10T07:18:13+00:00\" \/>\n<meta property=\"og:image\" content=\"https:\/\/staging.hydrapro.fr\/app\/uploads\/2019\/10\/0192_NETTOYANT_DETARTRANT_5L.png\" \/>\n\t<meta property=\"og:image:width\" content=\"600\" \/>\n\t<meta property=\"og:image:height\" content=\"930\" \/>\n\t<meta property=\"og:image:type\" content=\"image\/png\" \/>\n<meta name=\"twitter:card\" content=\"summary_large_image\" \/>\n<meta name=\"twitter:label1\" content=\"Est. reading time\" \/>\n\t<meta name=\"twitter:data1\" content=\"1 minute\" \/>\n<script type=\"application\/ld+json\" class=\"yoast-schema-graph\">{\"@context\":\"https:\/\/schema.org\",\"@graph\":[{\"@type\":\"WebPage\",\"@id\":\"https:\/\/staging.hydrapro.fr\/en\/produit\/nettoyant-detartrant\/\",\"url\":\"https:\/\/staging.hydrapro.fr\/en\/produit\/nettoyant-detartrant\/\",\"name\":\"Nettoyant D\u00e9tartrant - Hydrapro\",\"isPartOf\":{\"@id\":\"https:\/\/staging.hydrapro.fr\/#website\"},\"primaryImageOfPage\":{\"@id\":\"https:\/\/staging.hydrapro.fr\/en\/produit\/nettoyant-detartrant\/#primaryimage\"},\"image\":{\"@id\":\"https:\/\/staging.hydrapro.fr\/en\/produit\/nettoyant-detartrant\/#primaryimage\"},\"thumbnailUrl\":\"https:\/\/staging.hydrapro.fr\/app\/uploads\/2019\/10\/0192_NETTOYANT_DETARTRANT_5L.png\",\"datePublished\":\"2019-08-12T07:25:16+00:00\",\"dateModified\":\"2019-10-10T07:18:13+00:00\",\"breadcrumb\":{\"@id\":\"https:\/\/staging.hydrapro.fr\/en\/produit\/nettoyant-detartrant\/#breadcrumb\"},\"inLanguage\":\"en-US\",\"potentialAction\":[{\"@type\":\"ReadAction\",\"target\":[\"https:\/\/staging.hydrapro.fr\/en\/produit\/nettoyant-detartrant\/\"]}]},{\"@type\":\"ImageObject\",\"inLanguage\":\"en-US\",\"@id\":\"https:\/\/staging.hydrapro.fr\/en\/produit\/nettoyant-detartrant\/#primaryimage\",\"url\":\"https:\/\/staging.hydrapro.fr\/app\/uploads\/2019\/10\/0192_NETTOYANT_DETARTRANT_5L.png\",\"contentUrl\":\"https:\/\/staging.hydrapro.fr\/app\/uploads\/2019\/10\/0192_NETTOYANT_DETARTRANT_5L.png\",\"width\":600,\"height\":930},{\"@type\":\"BreadcrumbList\",\"@id\":\"https:\/\/staging.hydrapro.fr\/en\/produit\/nettoyant-detartrant\/#breadcrumb\",\"itemListElement\":[{\"@type\":\"ListItem\",\"position\":1,\"name\":\"Home\",\"item\":\"https:\/\/staging.hydrapro.fr\/en\/\"},{\"@type\":\"ListItem\",\"position\":2,\"name\":\"Boutique\",\"item\":\"https:\/\/staging.hydrapro.fr\/boutique\/\"},{\"@type\":\"ListItem\",\"position\":3,\"name\":\"Nettoyant D\u00e9tartrant\"}]},{\"@type\":\"WebSite\",\"@id\":\"https:\/\/staging.hydrapro.fr\/#website\",\"url\":\"https:\/\/staging.hydrapro.fr\/\",\"name\":\"Hydrapro\",\"description\":\"L&#039;\u00e9quilibre de l&#039;eau\",\"potentialAction\":[{\"@type\":\"SearchAction\",\"target\":{\"@type\":\"EntryPoint\",\"urlTemplate\":\"https:\/\/staging.hydrapro.fr\/?s={search_term_string}\"},\"query-input\":{\"@type\":\"PropertyValueSpecification\",\"valueRequired\":true,\"valueName\":\"search_term_string\"}}],\"inLanguage\":\"en-US\"}]}<\/script>\n<!-- \/ Yoast SEO plugin. -->","yoast_head_json":{"title":"Nettoyant D\u00e9tartrant - Hydrapro","robots":{"index":"noindex","follow":"follow","max-snippet":"max-snippet:-1","max-image-preview":"max-image-preview:large","max-video-preview":"max-video-preview:-1"},"og_locale":"en_US","og_type":"article","og_title":"Nettoyant D\u00e9tartrant - Hydrapro","og_description":"Nettoyant d\u00e9tartrant l\u00e9g\u00e8rement moussant.","og_url":"https:\/\/staging.hydrapro.fr\/en\/produit\/nettoyant-detartrant\/","og_site_name":"Hydrapro","article_modified_time":"2019-10-10T07:18:13+00:00","og_image":[{"width":600,"height":930,"url":"https:\/\/staging.hydrapro.fr\/app\/uploads\/2019\/10\/0192_NETTOYANT_DETARTRANT_5L.png","type":"image\/png"}],"twitter_card":"summary_large_image","twitter_misc":{"Est. reading time":"1 minute"},"schema":{"@context":"https:\/\/schema.org","@graph":[{"@type":"WebPage","@id":"https:\/\/staging.hydrapro.fr\/en\/produit\/nettoyant-detartrant\/","url":"https:\/\/staging.hydrapro.fr\/en\/produit\/nettoyant-detartrant\/","name":"Nettoyant D\u00e9tartrant - Hydrapro","isPartOf":{"@id":"https:\/\/staging.hydrapro.fr\/#website"},"primaryImageOfPage":{"@id":"https:\/\/staging.hydrapro.fr\/en\/produit\/nettoyant-detartrant\/#primaryimage"},"image":{"@id":"https:\/\/staging.hydrapro.fr\/en\/produit\/nettoyant-detartrant\/#primaryimage"},"thumbnailUrl":"https:\/\/staging.hydrapro.fr\/app\/uploads\/2019\/10\/0192_NETTOYANT_DETARTRANT_5L.png","datePublished":"2019-08-12T07:25:16+00:00","dateModified":"2019-10-10T07:18:13+00:00","breadcrumb":{"@id":"https:\/\/staging.hydrapro.fr\/en\/produit\/nettoyant-detartrant\/#breadcrumb"},"inLanguage":"en-US","potentialAction":[{"@type":"ReadAction","target":["https:\/\/staging.hydrapro.fr\/en\/produit\/nettoyant-detartrant\/"]}]},{"@type":"ImageObject","inLanguage":"en-US","@id":"https:\/\/staging.hydrapro.fr\/en\/produit\/nettoyant-detartrant\/#primaryimage","url":"https:\/\/staging.hydrapro.fr\/app\/uploads\/2019\/10\/0192_NETTOYANT_DETARTRANT_5L.png","contentUrl":"https:\/\/staging.hydrapro.fr\/app\/uploads\/2019\/10\/0192_NETTOYANT_DETARTRANT_5L.png","width":600,"height":930},{"@type":"BreadcrumbList","@id":"https:\/\/staging.hydrapro.fr\/en\/produit\/nettoyant-detartrant\/#breadcrumb","itemListElement":[{"@type":"ListItem","position":1,"name":"Home","item":"https:\/\/staging.hydrapro.fr\/en\/"},{"@type":"ListItem","position":2,"name":"Boutique","item":"https:\/\/staging.hydrapro.fr\/boutique\/"},{"@type":"ListItem","position":3,"name":"Nettoyant D\u00e9tartrant"}]},{"@type":"WebSite","@id":"https:\/\/staging.hydrapro.fr\/#website","url":"https:\/\/staging.hydrapro.fr\/","name":"Hydrapro","description":"L&#039;\u00e9quilibre de l&#039;eau","potentialAction":[{"@type":"SearchAction","target":{"@type":"EntryPoint","urlTemplate":"https:\/\/staging.hydrapro.fr\/?s={search_term_string}"},"query-input":{"@type":"PropertyValueSpecification","valueRequired":true,"valueName":"search_term_string"}}],"inLanguage":"en-US"}]}},"_links":{"self":[{"href":"https:\/\/staging.hydrapro.fr\/en\/wp-json\/wp\/v2\/product\/354","targetHints":{"allow":["GET"]}}],"collection":[{"href":"https:\/\/staging.hydrapro.fr\/en\/wp-json\/wp\/v2\/product"}],"about":[{"href":"https:\/\/staging.hydrapro.fr\/en\/wp-json\/wp\/v2\/types\/product"}],"wp:featuredmedia":[{"embeddable":true,"href":"https:\/\/staging.hydrapro.fr\/en\/wp-json\/wp\/v2\/media\/1346"}],"wp:attachment":[{"href":"https:\/\/staging.hydrapro.fr\/en\/wp-json\/wp\/v2\/media?parent=354"}],"wp:term":[{"taxonomy":"product_brand","embeddable":true,"href":"https:\/\/staging.hydrapro.fr\/en\/wp-json\/wp\/v2\/product_brand?post=354"},{"taxonomy":"product_type","embeddable":true,"href":"https:\/\/staging.hydrapro.fr\/en\/wp-json\/wp\/v2\/product_type?post=354"},{"taxonomy":"product_visibility","embeddable":true,"href":"https:\/\/staging.hydrapro.fr\/en\/wp-json\/wp\/v2\/product_visibility?post=354"},{"taxonomy":"product_cat","embeddable":true,"href":"https:\/\/staging.hydrapro.fr\/en\/wp-json\/wp\/v2\/product_cat?post=354"}],"curies":[{"name":"wp","href":"https:\/\/api.w.org\/{rel}","templated":true}]}}