{"id":353,"date":"2019-08-12T09:25:15","date_gmt":"2019-08-12T07:25:15","guid":{"rendered":"https:\/\/staging.hydrapro.fr\/product\/floculant-en-chaussettes\/"},"modified":"2019-10-10T09:46:00","modified_gmt":"2019-10-10T07:46:00","slug":"floculant-en-chaussettes","status":"publish","type":"product","link":"https:\/\/staging.hydrapro.fr\/en\/produit\/floculant-en-chaussettes\/","title":{"rendered":"Floculant en chaussettes"},"content":{"rendered":"<p><strong>Floculant en chaussettes qui assure une floculation longue dur\u00e9e et une eau cristalline dans votre piscine.<\/strong><\/p>\n<p>Le Floculant en chaussettes est un produit clarifiant permettant de pi\u00e9ger les particules en suspension pr\u00e9sentes dans l&#8217;eau des piscines \u00e9quip\u00e9es d&#8217;un filtre \u00e0 sable. Ce sont des pastilles de floculant \u00e0 dissolution lente et emball\u00e9es dans une chaussette de 100 g.<br \/>\nUne utilisation r\u00e9guli\u00e8re du Floculant en chaussettes r\u00e9duit la consommation de d\u00e9sinfectant.<\/p>\n<p><strong>Dosage : 1 chaussette dans chaque skimmer ou 1 chaussette pour 40 \u00e0 50 m\u00b3 d&#8217;eau. <\/p>\n<p>Disponible en carton de 12 bo\u00eetes x 1 kg  (8 chaussettes x boite de 1kg).<\/strong><\/p>\n<p class=\"y-product y-product__product-subtitle\">Avantage :<\/p>\n<p>L&#8217;action prolong\u00e9e assure une eau claire et cristalline.<\/p>\n<p><em>Les photos et coloris des produits ne sont pas contractuels.<\/em><\/p>\n","protected":false},"excerpt":{"rendered":"<p>Floculant pour filtre \u00e0 sable.<\/p>\n","protected":false},"featured_media":1287,"template":"","meta":[],"product_brand":[],"product_type":[2],"product_visibility":[],"product_cat":[163,151,179,168],"class_list":{"0":"post-353","1":"product","2":"type-product","3":"status-publish","4":"has-post-thumbnail","6":"product_cat-marquesentretien","7":"product_cat-produitsentretien","8":"product_cat-produits-produitsentretienfloculer","9":"product_cat-typologiespastille","10":"product_tag-clarifiant","11":"product_tag-eau-claire","12":"product_tag-floculant","13":"product_tag-piscine","14":"product_tag-traitement","16":"first","17":"instock","18":"shipping-taxable","19":"product-type-simple"},"acf":{"fiche_technique":"https:\/\/staging.hydrapro.fr\/app\/uploads\/2019\/08\/FT-1699-FLOCULANT-CHAUSSETTE.pdf","fiche_methode":""},"yoast_head":"<!-- This site is optimized with the Yoast SEO plugin v24.7 - https:\/\/yoast.com\/wordpress\/plugins\/seo\/ -->\n<title>Floculant en chaussettes - Hydrapro<\/title>\n<meta name=\"robots\" content=\"noindex, follow, max-snippet:-1, max-image-preview:large, max-video-preview:-1\" \/>\n<meta property=\"og:locale\" content=\"en_US\" \/>\n<meta property=\"og:type\" content=\"article\" \/>\n<meta property=\"og:title\" content=\"Floculant en chaussettes - Hydrapro\" \/>\n<meta property=\"og:description\" content=\"Floculant pour filtre \u00e0 sable.\" \/>\n<meta property=\"og:url\" content=\"https:\/\/staging.hydrapro.fr\/en\/produit\/floculant-en-chaussettes\/\" \/>\n<meta property=\"og:site_name\" content=\"Hydrapro\" \/>\n<meta property=\"article:modified_time\" content=\"2019-10-10T07:46:00+00:00\" \/>\n<meta property=\"og:image\" content=\"https:\/\/staging.hydrapro.fr\/app\/uploads\/2019\/10\/1699-FLOCULANT-CHAUSSETTE-1KG.png\" \/>\n\t<meta property=\"og:image:width\" content=\"600\" \/>\n\t<meta property=\"og:image:height\" content=\"348\" \/>\n\t<meta property=\"og:image:type\" content=\"image\/png\" \/>\n<meta name=\"twitter:card\" content=\"summary_large_image\" \/>\n<meta name=\"twitter:label1\" content=\"Est. reading time\" \/>\n\t<meta name=\"twitter:data1\" content=\"1 minute\" \/>\n<script type=\"application\/ld+json\" class=\"yoast-schema-graph\">{\"@context\":\"https:\/\/schema.org\",\"@graph\":[{\"@type\":\"WebPage\",\"@id\":\"https:\/\/staging.hydrapro.fr\/en\/produit\/floculant-en-chaussettes\/\",\"url\":\"https:\/\/staging.hydrapro.fr\/en\/produit\/floculant-en-chaussettes\/\",\"name\":\"Floculant en chaussettes - Hydrapro\",\"isPartOf\":{\"@id\":\"https:\/\/staging.hydrapro.fr\/#website\"},\"primaryImageOfPage\":{\"@id\":\"https:\/\/staging.hydrapro.fr\/en\/produit\/floculant-en-chaussettes\/#primaryimage\"},\"image\":{\"@id\":\"https:\/\/staging.hydrapro.fr\/en\/produit\/floculant-en-chaussettes\/#primaryimage\"},\"thumbnailUrl\":\"https:\/\/staging.hydrapro.fr\/app\/uploads\/2019\/10\/1699-FLOCULANT-CHAUSSETTE-1KG.png\",\"datePublished\":\"2019-08-12T07:25:15+00:00\",\"dateModified\":\"2019-10-10T07:46:00+00:00\",\"breadcrumb\":{\"@id\":\"https:\/\/staging.hydrapro.fr\/en\/produit\/floculant-en-chaussettes\/#breadcrumb\"},\"inLanguage\":\"en-US\",\"potentialAction\":[{\"@type\":\"ReadAction\",\"target\":[\"https:\/\/staging.hydrapro.fr\/en\/produit\/floculant-en-chaussettes\/\"]}]},{\"@type\":\"ImageObject\",\"inLanguage\":\"en-US\",\"@id\":\"https:\/\/staging.hydrapro.fr\/en\/produit\/floculant-en-chaussettes\/#primaryimage\",\"url\":\"https:\/\/staging.hydrapro.fr\/app\/uploads\/2019\/10\/1699-FLOCULANT-CHAUSSETTE-1KG.png\",\"contentUrl\":\"https:\/\/staging.hydrapro.fr\/app\/uploads\/2019\/10\/1699-FLOCULANT-CHAUSSETTE-1KG.png\",\"width\":600,\"height\":348},{\"@type\":\"BreadcrumbList\",\"@id\":\"https:\/\/staging.hydrapro.fr\/en\/produit\/floculant-en-chaussettes\/#breadcrumb\",\"itemListElement\":[{\"@type\":\"ListItem\",\"position\":1,\"name\":\"Home\",\"item\":\"https:\/\/staging.hydrapro.fr\/en\/\"},{\"@type\":\"ListItem\",\"position\":2,\"name\":\"Boutique\",\"item\":\"https:\/\/staging.hydrapro.fr\/boutique\/\"},{\"@type\":\"ListItem\",\"position\":3,\"name\":\"Floculant en chaussettes\"}]},{\"@type\":\"WebSite\",\"@id\":\"https:\/\/staging.hydrapro.fr\/#website\",\"url\":\"https:\/\/staging.hydrapro.fr\/\",\"name\":\"Hydrapro\",\"description\":\"L&#039;\u00e9quilibre de l&#039;eau\",\"potentialAction\":[{\"@type\":\"SearchAction\",\"target\":{\"@type\":\"EntryPoint\",\"urlTemplate\":\"https:\/\/staging.hydrapro.fr\/?s={search_term_string}\"},\"query-input\":{\"@type\":\"PropertyValueSpecification\",\"valueRequired\":true,\"valueName\":\"search_term_string\"}}],\"inLanguage\":\"en-US\"}]}<\/script>\n<!-- \/ Yoast SEO plugin. -->","yoast_head_json":{"title":"Floculant en chaussettes - Hydrapro","robots":{"index":"noindex","follow":"follow","max-snippet":"max-snippet:-1","max-image-preview":"max-image-preview:large","max-video-preview":"max-video-preview:-1"},"og_locale":"en_US","og_type":"article","og_title":"Floculant en chaussettes - Hydrapro","og_description":"Floculant pour filtre \u00e0 sable.","og_url":"https:\/\/staging.hydrapro.fr\/en\/produit\/floculant-en-chaussettes\/","og_site_name":"Hydrapro","article_modified_time":"2019-10-10T07:46:00+00:00","og_image":[{"width":600,"height":348,"url":"https:\/\/staging.hydrapro.fr\/app\/uploads\/2019\/10\/1699-FLOCULANT-CHAUSSETTE-1KG.png","type":"image\/png"}],"twitter_card":"summary_large_image","twitter_misc":{"Est. reading time":"1 minute"},"schema":{"@context":"https:\/\/schema.org","@graph":[{"@type":"WebPage","@id":"https:\/\/staging.hydrapro.fr\/en\/produit\/floculant-en-chaussettes\/","url":"https:\/\/staging.hydrapro.fr\/en\/produit\/floculant-en-chaussettes\/","name":"Floculant en chaussettes - Hydrapro","isPartOf":{"@id":"https:\/\/staging.hydrapro.fr\/#website"},"primaryImageOfPage":{"@id":"https:\/\/staging.hydrapro.fr\/en\/produit\/floculant-en-chaussettes\/#primaryimage"},"image":{"@id":"https:\/\/staging.hydrapro.fr\/en\/produit\/floculant-en-chaussettes\/#primaryimage"},"thumbnailUrl":"https:\/\/staging.hydrapro.fr\/app\/uploads\/2019\/10\/1699-FLOCULANT-CHAUSSETTE-1KG.png","datePublished":"2019-08-12T07:25:15+00:00","dateModified":"2019-10-10T07:46:00+00:00","breadcrumb":{"@id":"https:\/\/staging.hydrapro.fr\/en\/produit\/floculant-en-chaussettes\/#breadcrumb"},"inLanguage":"en-US","potentialAction":[{"@type":"ReadAction","target":["https:\/\/staging.hydrapro.fr\/en\/produit\/floculant-en-chaussettes\/"]}]},{"@type":"ImageObject","inLanguage":"en-US","@id":"https:\/\/staging.hydrapro.fr\/en\/produit\/floculant-en-chaussettes\/#primaryimage","url":"https:\/\/staging.hydrapro.fr\/app\/uploads\/2019\/10\/1699-FLOCULANT-CHAUSSETTE-1KG.png","contentUrl":"https:\/\/staging.hydrapro.fr\/app\/uploads\/2019\/10\/1699-FLOCULANT-CHAUSSETTE-1KG.png","width":600,"height":348},{"@type":"BreadcrumbList","@id":"https:\/\/staging.hydrapro.fr\/en\/produit\/floculant-en-chaussettes\/#breadcrumb","itemListElement":[{"@type":"ListItem","position":1,"name":"Home","item":"https:\/\/staging.hydrapro.fr\/en\/"},{"@type":"ListItem","position":2,"name":"Boutique","item":"https:\/\/staging.hydrapro.fr\/boutique\/"},{"@type":"ListItem","position":3,"name":"Floculant en chaussettes"}]},{"@type":"WebSite","@id":"https:\/\/staging.hydrapro.fr\/#website","url":"https:\/\/staging.hydrapro.fr\/","name":"Hydrapro","description":"L&#039;\u00e9quilibre de l&#039;eau","potentialAction":[{"@type":"SearchAction","target":{"@type":"EntryPoint","urlTemplate":"https:\/\/staging.hydrapro.fr\/?s={search_term_string}"},"query-input":{"@type":"PropertyValueSpecification","valueRequired":true,"valueName":"search_term_string"}}],"inLanguage":"en-US"}]}},"_links":{"self":[{"href":"https:\/\/staging.hydrapro.fr\/en\/wp-json\/wp\/v2\/product\/353","targetHints":{"allow":["GET"]}}],"collection":[{"href":"https:\/\/staging.hydrapro.fr\/en\/wp-json\/wp\/v2\/product"}],"about":[{"href":"https:\/\/staging.hydrapro.fr\/en\/wp-json\/wp\/v2\/types\/product"}],"wp:featuredmedia":[{"embeddable":true,"href":"https:\/\/staging.hydrapro.fr\/en\/wp-json\/wp\/v2\/media\/1287"}],"wp:attachment":[{"href":"https:\/\/staging.hydrapro.fr\/en\/wp-json\/wp\/v2\/media?parent=353"}],"wp:term":[{"taxonomy":"product_brand","embeddable":true,"href":"https:\/\/staging.hydrapro.fr\/en\/wp-json\/wp\/v2\/product_brand?post=353"},{"taxonomy":"product_type","embeddable":true,"href":"https:\/\/staging.hydrapro.fr\/en\/wp-json\/wp\/v2\/product_type?post=353"},{"taxonomy":"product_visibility","embeddable":true,"href":"https:\/\/staging.hydrapro.fr\/en\/wp-json\/wp\/v2\/product_visibility?post=353"},{"taxonomy":"product_cat","embeddable":true,"href":"https:\/\/staging.hydrapro.fr\/en\/wp-json\/wp\/v2\/product_cat?post=353"}],"curies":[{"name":"wp","href":"https:\/\/api.w.org\/{rel}","templated":true}]}}