{"id":351,"date":"2019-08-12T09:25:13","date_gmt":"2019-08-12T07:25:13","guid":{"rendered":"https:\/\/staging.hydrapro.fr\/product\/detartrant-filtre-et-electrode\/"},"modified":"2019-10-10T09:16:36","modified_gmt":"2019-10-10T07:16:36","slug":"detartrant-filtre-et-electrode","status":"publish","type":"product","link":"https:\/\/staging.hydrapro.fr\/en\/produit\/detartrant-filtre-et-electrode\/","title":{"rendered":"D\u00e9tartrant filtre et \u00e9lectrode"},"content":{"rendered":"<p><strong>D\u00e9tartrant filtre et \u00e9lectrode liquide assure un nettoyage et un d\u00e9tartrage des filtres \u00e0 sable et \u00e0 diatom\u00e9es de votre piscine.<\/strong><\/p>\n<p>Le D\u00e9tartrant filtre et \u00e9lectrode est un produit d&#8217;entretien permettant d&#8217;\u00e9liminer les incrustations de calcaire, les d\u00e9p\u00f4ts et les s\u00e9dimentations du filtre \u00e0 sable et des \u00e9lectrodes. Ce produit redonne au filtre toutes ses capacit\u00e9s de d\u00e9bit.<\/p>\n<p><strong>Dosage : A adapter selon le filtre. <\/p>\n<p>Disponible en carton de 4 x 5 L.<\/strong><\/p>\n<p class=\"y-product y-product__product-subtitle\">Avantage :<\/p>\n<p>Nettoie et d\u00e9tartre les filtres \u00e0 sable \u00e0 cartouche et les \u00e9lectrodes d&#8217;\u00e9lectrolyseur au sel. <\/p>\n<p>Produit fabriqu\u00e9 en France.<\/p>\n<p><em>Les photos et coloris des produits ne sont pas contractuels.<\/em><\/p>\n","protected":false},"excerpt":{"rendered":"<p>D\u00e9tartrant filtre et \u00e9lectrode l\u00e9g\u00e8rement moussant.<\/p>\n","protected":false},"featured_media":1342,"template":"","meta":[],"product_brand":[],"product_type":[2],"product_visibility":[],"product_cat":[178,151,163,166,180],"class_list":{"0":"post-351","1":"product","2":"type-product","3":"status-publish","4":"has-post-thumbnail","6":"product_cat-produits-produitsentretiendtartrer","7":"product_cat-produitsentretien","8":"product_cat-marquesentretien","9":"product_cat-typologiesliquide","10":"product_cat-produits-produitsentretiennettoyer","11":"product_tag-detartrant","12":"product_tag-filtre-et-electrode","14":"first","15":"instock","16":"shipping-taxable","17":"product-type-simple"},"acf":{"fiche_technique":"https:\/\/staging.hydrapro.fr\/app\/uploads\/2019\/08\/FT-0046-DETARTRANT-FILTRE-ET-ELECTRODE.pdf","fiche_methode":""},"yoast_head":"<!-- This site is optimized with the Yoast SEO plugin v24.7 - https:\/\/yoast.com\/wordpress\/plugins\/seo\/ -->\n<title>D\u00e9tartrant filtre et \u00e9lectrode - Hydrapro<\/title>\n<meta name=\"robots\" content=\"noindex, follow, max-snippet:-1, max-image-preview:large, max-video-preview:-1\" \/>\n<meta property=\"og:locale\" content=\"en_US\" \/>\n<meta property=\"og:type\" content=\"article\" \/>\n<meta property=\"og:title\" content=\"D\u00e9tartrant filtre et \u00e9lectrode - Hydrapro\" \/>\n<meta property=\"og:description\" content=\"D\u00e9tartrant filtre et \u00e9lectrode l\u00e9g\u00e8rement moussant.\" \/>\n<meta property=\"og:url\" content=\"https:\/\/staging.hydrapro.fr\/en\/produit\/detartrant-filtre-et-electrode\/\" \/>\n<meta property=\"og:site_name\" content=\"Hydrapro\" \/>\n<meta property=\"article:modified_time\" content=\"2019-10-10T07:16:36+00:00\" \/>\n<meta property=\"og:image\" content=\"https:\/\/staging.hydrapro.fr\/app\/uploads\/2019\/10\/0046_DETARTRANT_FILTRE_ET_ELECTRODE_5L.png\" \/>\n\t<meta property=\"og:image:width\" content=\"600\" \/>\n\t<meta property=\"og:image:height\" content=\"930\" \/>\n\t<meta property=\"og:image:type\" content=\"image\/png\" \/>\n<meta name=\"twitter:card\" content=\"summary_large_image\" \/>\n<meta name=\"twitter:label1\" content=\"Est. reading time\" \/>\n\t<meta name=\"twitter:data1\" content=\"1 minute\" \/>\n<script type=\"application\/ld+json\" class=\"yoast-schema-graph\">{\"@context\":\"https:\/\/schema.org\",\"@graph\":[{\"@type\":\"WebPage\",\"@id\":\"https:\/\/staging.hydrapro.fr\/en\/produit\/detartrant-filtre-et-electrode\/\",\"url\":\"https:\/\/staging.hydrapro.fr\/en\/produit\/detartrant-filtre-et-electrode\/\",\"name\":\"D\u00e9tartrant filtre et \u00e9lectrode - Hydrapro\",\"isPartOf\":{\"@id\":\"https:\/\/staging.hydrapro.fr\/#website\"},\"primaryImageOfPage\":{\"@id\":\"https:\/\/staging.hydrapro.fr\/en\/produit\/detartrant-filtre-et-electrode\/#primaryimage\"},\"image\":{\"@id\":\"https:\/\/staging.hydrapro.fr\/en\/produit\/detartrant-filtre-et-electrode\/#primaryimage\"},\"thumbnailUrl\":\"https:\/\/staging.hydrapro.fr\/app\/uploads\/2019\/10\/0046_DETARTRANT_FILTRE_ET_ELECTRODE_5L.png\",\"datePublished\":\"2019-08-12T07:25:13+00:00\",\"dateModified\":\"2019-10-10T07:16:36+00:00\",\"breadcrumb\":{\"@id\":\"https:\/\/staging.hydrapro.fr\/en\/produit\/detartrant-filtre-et-electrode\/#breadcrumb\"},\"inLanguage\":\"en-US\",\"potentialAction\":[{\"@type\":\"ReadAction\",\"target\":[\"https:\/\/staging.hydrapro.fr\/en\/produit\/detartrant-filtre-et-electrode\/\"]}]},{\"@type\":\"ImageObject\",\"inLanguage\":\"en-US\",\"@id\":\"https:\/\/staging.hydrapro.fr\/en\/produit\/detartrant-filtre-et-electrode\/#primaryimage\",\"url\":\"https:\/\/staging.hydrapro.fr\/app\/uploads\/2019\/10\/0046_DETARTRANT_FILTRE_ET_ELECTRODE_5L.png\",\"contentUrl\":\"https:\/\/staging.hydrapro.fr\/app\/uploads\/2019\/10\/0046_DETARTRANT_FILTRE_ET_ELECTRODE_5L.png\",\"width\":600,\"height\":930},{\"@type\":\"BreadcrumbList\",\"@id\":\"https:\/\/staging.hydrapro.fr\/en\/produit\/detartrant-filtre-et-electrode\/#breadcrumb\",\"itemListElement\":[{\"@type\":\"ListItem\",\"position\":1,\"name\":\"Home\",\"item\":\"https:\/\/staging.hydrapro.fr\/en\/\"},{\"@type\":\"ListItem\",\"position\":2,\"name\":\"Boutique\",\"item\":\"https:\/\/staging.hydrapro.fr\/boutique\/\"},{\"@type\":\"ListItem\",\"position\":3,\"name\":\"D\u00e9tartrant filtre et \u00e9lectrode\"}]},{\"@type\":\"WebSite\",\"@id\":\"https:\/\/staging.hydrapro.fr\/#website\",\"url\":\"https:\/\/staging.hydrapro.fr\/\",\"name\":\"Hydrapro\",\"description\":\"L&#039;\u00e9quilibre de l&#039;eau\",\"potentialAction\":[{\"@type\":\"SearchAction\",\"target\":{\"@type\":\"EntryPoint\",\"urlTemplate\":\"https:\/\/staging.hydrapro.fr\/?s={search_term_string}\"},\"query-input\":{\"@type\":\"PropertyValueSpecification\",\"valueRequired\":true,\"valueName\":\"search_term_string\"}}],\"inLanguage\":\"en-US\"}]}<\/script>\n<!-- \/ Yoast SEO plugin. -->","yoast_head_json":{"title":"D\u00e9tartrant filtre et \u00e9lectrode - Hydrapro","robots":{"index":"noindex","follow":"follow","max-snippet":"max-snippet:-1","max-image-preview":"max-image-preview:large","max-video-preview":"max-video-preview:-1"},"og_locale":"en_US","og_type":"article","og_title":"D\u00e9tartrant filtre et \u00e9lectrode - Hydrapro","og_description":"D\u00e9tartrant filtre et \u00e9lectrode l\u00e9g\u00e8rement moussant.","og_url":"https:\/\/staging.hydrapro.fr\/en\/produit\/detartrant-filtre-et-electrode\/","og_site_name":"Hydrapro","article_modified_time":"2019-10-10T07:16:36+00:00","og_image":[{"width":600,"height":930,"url":"https:\/\/staging.hydrapro.fr\/app\/uploads\/2019\/10\/0046_DETARTRANT_FILTRE_ET_ELECTRODE_5L.png","type":"image\/png"}],"twitter_card":"summary_large_image","twitter_misc":{"Est. reading time":"1 minute"},"schema":{"@context":"https:\/\/schema.org","@graph":[{"@type":"WebPage","@id":"https:\/\/staging.hydrapro.fr\/en\/produit\/detartrant-filtre-et-electrode\/","url":"https:\/\/staging.hydrapro.fr\/en\/produit\/detartrant-filtre-et-electrode\/","name":"D\u00e9tartrant filtre et \u00e9lectrode - Hydrapro","isPartOf":{"@id":"https:\/\/staging.hydrapro.fr\/#website"},"primaryImageOfPage":{"@id":"https:\/\/staging.hydrapro.fr\/en\/produit\/detartrant-filtre-et-electrode\/#primaryimage"},"image":{"@id":"https:\/\/staging.hydrapro.fr\/en\/produit\/detartrant-filtre-et-electrode\/#primaryimage"},"thumbnailUrl":"https:\/\/staging.hydrapro.fr\/app\/uploads\/2019\/10\/0046_DETARTRANT_FILTRE_ET_ELECTRODE_5L.png","datePublished":"2019-08-12T07:25:13+00:00","dateModified":"2019-10-10T07:16:36+00:00","breadcrumb":{"@id":"https:\/\/staging.hydrapro.fr\/en\/produit\/detartrant-filtre-et-electrode\/#breadcrumb"},"inLanguage":"en-US","potentialAction":[{"@type":"ReadAction","target":["https:\/\/staging.hydrapro.fr\/en\/produit\/detartrant-filtre-et-electrode\/"]}]},{"@type":"ImageObject","inLanguage":"en-US","@id":"https:\/\/staging.hydrapro.fr\/en\/produit\/detartrant-filtre-et-electrode\/#primaryimage","url":"https:\/\/staging.hydrapro.fr\/app\/uploads\/2019\/10\/0046_DETARTRANT_FILTRE_ET_ELECTRODE_5L.png","contentUrl":"https:\/\/staging.hydrapro.fr\/app\/uploads\/2019\/10\/0046_DETARTRANT_FILTRE_ET_ELECTRODE_5L.png","width":600,"height":930},{"@type":"BreadcrumbList","@id":"https:\/\/staging.hydrapro.fr\/en\/produit\/detartrant-filtre-et-electrode\/#breadcrumb","itemListElement":[{"@type":"ListItem","position":1,"name":"Home","item":"https:\/\/staging.hydrapro.fr\/en\/"},{"@type":"ListItem","position":2,"name":"Boutique","item":"https:\/\/staging.hydrapro.fr\/boutique\/"},{"@type":"ListItem","position":3,"name":"D\u00e9tartrant filtre et \u00e9lectrode"}]},{"@type":"WebSite","@id":"https:\/\/staging.hydrapro.fr\/#website","url":"https:\/\/staging.hydrapro.fr\/","name":"Hydrapro","description":"L&#039;\u00e9quilibre de l&#039;eau","potentialAction":[{"@type":"SearchAction","target":{"@type":"EntryPoint","urlTemplate":"https:\/\/staging.hydrapro.fr\/?s={search_term_string}"},"query-input":{"@type":"PropertyValueSpecification","valueRequired":true,"valueName":"search_term_string"}}],"inLanguage":"en-US"}]}},"_links":{"self":[{"href":"https:\/\/staging.hydrapro.fr\/en\/wp-json\/wp\/v2\/product\/351","targetHints":{"allow":["GET"]}}],"collection":[{"href":"https:\/\/staging.hydrapro.fr\/en\/wp-json\/wp\/v2\/product"}],"about":[{"href":"https:\/\/staging.hydrapro.fr\/en\/wp-json\/wp\/v2\/types\/product"}],"wp:featuredmedia":[{"embeddable":true,"href":"https:\/\/staging.hydrapro.fr\/en\/wp-json\/wp\/v2\/media\/1342"}],"wp:attachment":[{"href":"https:\/\/staging.hydrapro.fr\/en\/wp-json\/wp\/v2\/media?parent=351"}],"wp:term":[{"taxonomy":"product_brand","embeddable":true,"href":"https:\/\/staging.hydrapro.fr\/en\/wp-json\/wp\/v2\/product_brand?post=351"},{"taxonomy":"product_type","embeddable":true,"href":"https:\/\/staging.hydrapro.fr\/en\/wp-json\/wp\/v2\/product_type?post=351"},{"taxonomy":"product_visibility","embeddable":true,"href":"https:\/\/staging.hydrapro.fr\/en\/wp-json\/wp\/v2\/product_visibility?post=351"},{"taxonomy":"product_cat","embeddable":true,"href":"https:\/\/staging.hydrapro.fr\/en\/wp-json\/wp\/v2\/product_cat?post=351"}],"curies":[{"name":"wp","href":"https:\/\/api.w.org\/{rel}","templated":true}]}}