{"id":349,"date":"2019-08-12T09:25:12","date_gmt":"2019-08-12T07:25:12","guid":{"rendered":"https:\/\/staging.hydrapro.fr\/product\/liner\/"},"modified":"2019-10-10T09:19:19","modified_gmt":"2019-10-10T07:19:19","slug":"liner","status":"publish","type":"product","link":"https:\/\/staging.hydrapro.fr\/en\/produit\/liner\/","title":{"rendered":"Liner"},"content":{"rendered":"<p><strong>Liner liquide assure une d\u00e9sinfection pour les parois avant la pose du liner de votre piscine.<\/strong><\/p>\n<p>Le Liner est un produit d\u00e9sinfectant permettant de r\u00e9duire la prolif\u00e9ration des micro-organismes pr\u00e9sents sous les rev\u00eatements. Ce produit est un agent d\u00e9sinfectant tr\u00e8s puissant et pr\u00eat \u00e0 l&#8217;emploi. Le Liner est \u00e0 appliquer sur les murs de le piscine, avant la pose du liner ou de la membrane PVC.<\/p>\n<p><strong>Dosage : 5 L pour traiter 100 m\u00b2. <\/p>\n<p>Disponible en carton de 4 x 5 L.<\/strong><\/p>\n<p class=\"y-product y-product__product-subtitle\">Avantage :<\/p>\n<p>Puissant d\u00e9sinfectant \u00e0 tr\u00e8s large spectre d&#8217;action. <\/p>\n<p>Produit fabriqu\u00e9 en France.<\/p>\n<p><em>Utiliser les biocides avec pr\u00e9caution. Avant toute utilisation, lire l&#8217;\u00e9tiquette et les informations concernant le produit.<br \/>\nLes photos et coloris des produits ne sont pas contractuels.<\/em><\/p>\n","protected":false},"excerpt":{"rendered":"<p>D\u00e9sinfection avant la pose du liner.<\/p>\n","protected":false},"featured_media":1351,"template":"","meta":[],"product_brand":[],"product_type":[2],"product_visibility":[],"product_cat":[151,163,166,180],"class_list":{"0":"post-349","1":"product","2":"type-product","3":"status-publish","4":"has-post-thumbnail","6":"product_cat-produitsentretien","7":"product_cat-marquesentretien","8":"product_cat-typologiesliquide","9":"product_cat-produits-produitsentretiennettoyer","10":"product_tag-liner","12":"first","13":"instock","14":"shipping-taxable","15":"product-type-simple"},"acf":{"fiche_technique":"https:\/\/staging.hydrapro.fr\/app\/uploads\/2019\/08\/FT-0560-LINER.pdf","fiche_methode":""},"yoast_head":"<!-- This site is optimized with the Yoast SEO plugin v24.7 - https:\/\/yoast.com\/wordpress\/plugins\/seo\/ -->\n<title>Liner - Hydrapro<\/title>\n<meta name=\"robots\" content=\"noindex, follow, max-snippet:-1, max-image-preview:large, max-video-preview:-1\" \/>\n<meta property=\"og:locale\" content=\"en_US\" \/>\n<meta property=\"og:type\" content=\"article\" \/>\n<meta property=\"og:title\" content=\"Liner - Hydrapro\" \/>\n<meta property=\"og:description\" content=\"D\u00e9sinfection avant la pose du liner.\" \/>\n<meta property=\"og:url\" content=\"https:\/\/staging.hydrapro.fr\/en\/produit\/liner\/\" \/>\n<meta property=\"og:site_name\" content=\"Hydrapro\" \/>\n<meta property=\"article:modified_time\" content=\"2019-10-10T07:19:19+00:00\" \/>\n<meta property=\"og:image\" content=\"https:\/\/staging.hydrapro.fr\/app\/uploads\/2019\/10\/0560_LINER_5L.png\" \/>\n\t<meta property=\"og:image:width\" content=\"600\" \/>\n\t<meta property=\"og:image:height\" content=\"908\" \/>\n\t<meta property=\"og:image:type\" content=\"image\/png\" \/>\n<meta name=\"twitter:card\" content=\"summary_large_image\" \/>\n<meta name=\"twitter:label1\" content=\"Est. reading time\" \/>\n\t<meta name=\"twitter:data1\" content=\"1 minute\" \/>\n<script type=\"application\/ld+json\" class=\"yoast-schema-graph\">{\"@context\":\"https:\/\/schema.org\",\"@graph\":[{\"@type\":\"WebPage\",\"@id\":\"https:\/\/staging.hydrapro.fr\/en\/produit\/liner\/\",\"url\":\"https:\/\/staging.hydrapro.fr\/en\/produit\/liner\/\",\"name\":\"Liner - Hydrapro\",\"isPartOf\":{\"@id\":\"https:\/\/staging.hydrapro.fr\/#website\"},\"primaryImageOfPage\":{\"@id\":\"https:\/\/staging.hydrapro.fr\/en\/produit\/liner\/#primaryimage\"},\"image\":{\"@id\":\"https:\/\/staging.hydrapro.fr\/en\/produit\/liner\/#primaryimage\"},\"thumbnailUrl\":\"https:\/\/staging.hydrapro.fr\/app\/uploads\/2019\/10\/0560_LINER_5L.png\",\"datePublished\":\"2019-08-12T07:25:12+00:00\",\"dateModified\":\"2019-10-10T07:19:19+00:00\",\"breadcrumb\":{\"@id\":\"https:\/\/staging.hydrapro.fr\/en\/produit\/liner\/#breadcrumb\"},\"inLanguage\":\"en-US\",\"potentialAction\":[{\"@type\":\"ReadAction\",\"target\":[\"https:\/\/staging.hydrapro.fr\/en\/produit\/liner\/\"]}]},{\"@type\":\"ImageObject\",\"inLanguage\":\"en-US\",\"@id\":\"https:\/\/staging.hydrapro.fr\/en\/produit\/liner\/#primaryimage\",\"url\":\"https:\/\/staging.hydrapro.fr\/app\/uploads\/2019\/10\/0560_LINER_5L.png\",\"contentUrl\":\"https:\/\/staging.hydrapro.fr\/app\/uploads\/2019\/10\/0560_LINER_5L.png\",\"width\":600,\"height\":908},{\"@type\":\"BreadcrumbList\",\"@id\":\"https:\/\/staging.hydrapro.fr\/en\/produit\/liner\/#breadcrumb\",\"itemListElement\":[{\"@type\":\"ListItem\",\"position\":1,\"name\":\"Home\",\"item\":\"https:\/\/staging.hydrapro.fr\/en\/\"},{\"@type\":\"ListItem\",\"position\":2,\"name\":\"Boutique\",\"item\":\"https:\/\/staging.hydrapro.fr\/boutique\/\"},{\"@type\":\"ListItem\",\"position\":3,\"name\":\"Liner\"}]},{\"@type\":\"WebSite\",\"@id\":\"https:\/\/staging.hydrapro.fr\/#website\",\"url\":\"https:\/\/staging.hydrapro.fr\/\",\"name\":\"Hydrapro\",\"description\":\"L&#039;\u00e9quilibre de l&#039;eau\",\"potentialAction\":[{\"@type\":\"SearchAction\",\"target\":{\"@type\":\"EntryPoint\",\"urlTemplate\":\"https:\/\/staging.hydrapro.fr\/?s={search_term_string}\"},\"query-input\":{\"@type\":\"PropertyValueSpecification\",\"valueRequired\":true,\"valueName\":\"search_term_string\"}}],\"inLanguage\":\"en-US\"}]}<\/script>\n<!-- \/ Yoast SEO plugin. -->","yoast_head_json":{"title":"Liner - Hydrapro","robots":{"index":"noindex","follow":"follow","max-snippet":"max-snippet:-1","max-image-preview":"max-image-preview:large","max-video-preview":"max-video-preview:-1"},"og_locale":"en_US","og_type":"article","og_title":"Liner - Hydrapro","og_description":"D\u00e9sinfection avant la pose du liner.","og_url":"https:\/\/staging.hydrapro.fr\/en\/produit\/liner\/","og_site_name":"Hydrapro","article_modified_time":"2019-10-10T07:19:19+00:00","og_image":[{"width":600,"height":908,"url":"https:\/\/staging.hydrapro.fr\/app\/uploads\/2019\/10\/0560_LINER_5L.png","type":"image\/png"}],"twitter_card":"summary_large_image","twitter_misc":{"Est. reading time":"1 minute"},"schema":{"@context":"https:\/\/schema.org","@graph":[{"@type":"WebPage","@id":"https:\/\/staging.hydrapro.fr\/en\/produit\/liner\/","url":"https:\/\/staging.hydrapro.fr\/en\/produit\/liner\/","name":"Liner - Hydrapro","isPartOf":{"@id":"https:\/\/staging.hydrapro.fr\/#website"},"primaryImageOfPage":{"@id":"https:\/\/staging.hydrapro.fr\/en\/produit\/liner\/#primaryimage"},"image":{"@id":"https:\/\/staging.hydrapro.fr\/en\/produit\/liner\/#primaryimage"},"thumbnailUrl":"https:\/\/staging.hydrapro.fr\/app\/uploads\/2019\/10\/0560_LINER_5L.png","datePublished":"2019-08-12T07:25:12+00:00","dateModified":"2019-10-10T07:19:19+00:00","breadcrumb":{"@id":"https:\/\/staging.hydrapro.fr\/en\/produit\/liner\/#breadcrumb"},"inLanguage":"en-US","potentialAction":[{"@type":"ReadAction","target":["https:\/\/staging.hydrapro.fr\/en\/produit\/liner\/"]}]},{"@type":"ImageObject","inLanguage":"en-US","@id":"https:\/\/staging.hydrapro.fr\/en\/produit\/liner\/#primaryimage","url":"https:\/\/staging.hydrapro.fr\/app\/uploads\/2019\/10\/0560_LINER_5L.png","contentUrl":"https:\/\/staging.hydrapro.fr\/app\/uploads\/2019\/10\/0560_LINER_5L.png","width":600,"height":908},{"@type":"BreadcrumbList","@id":"https:\/\/staging.hydrapro.fr\/en\/produit\/liner\/#breadcrumb","itemListElement":[{"@type":"ListItem","position":1,"name":"Home","item":"https:\/\/staging.hydrapro.fr\/en\/"},{"@type":"ListItem","position":2,"name":"Boutique","item":"https:\/\/staging.hydrapro.fr\/boutique\/"},{"@type":"ListItem","position":3,"name":"Liner"}]},{"@type":"WebSite","@id":"https:\/\/staging.hydrapro.fr\/#website","url":"https:\/\/staging.hydrapro.fr\/","name":"Hydrapro","description":"L&#039;\u00e9quilibre de l&#039;eau","potentialAction":[{"@type":"SearchAction","target":{"@type":"EntryPoint","urlTemplate":"https:\/\/staging.hydrapro.fr\/?s={search_term_string}"},"query-input":{"@type":"PropertyValueSpecification","valueRequired":true,"valueName":"search_term_string"}}],"inLanguage":"en-US"}]}},"_links":{"self":[{"href":"https:\/\/staging.hydrapro.fr\/en\/wp-json\/wp\/v2\/product\/349","targetHints":{"allow":["GET"]}}],"collection":[{"href":"https:\/\/staging.hydrapro.fr\/en\/wp-json\/wp\/v2\/product"}],"about":[{"href":"https:\/\/staging.hydrapro.fr\/en\/wp-json\/wp\/v2\/types\/product"}],"wp:featuredmedia":[{"embeddable":true,"href":"https:\/\/staging.hydrapro.fr\/en\/wp-json\/wp\/v2\/media\/1351"}],"wp:attachment":[{"href":"https:\/\/staging.hydrapro.fr\/en\/wp-json\/wp\/v2\/media?parent=349"}],"wp:term":[{"taxonomy":"product_brand","embeddable":true,"href":"https:\/\/staging.hydrapro.fr\/en\/wp-json\/wp\/v2\/product_brand?post=349"},{"taxonomy":"product_type","embeddable":true,"href":"https:\/\/staging.hydrapro.fr\/en\/wp-json\/wp\/v2\/product_type?post=349"},{"taxonomy":"product_visibility","embeddable":true,"href":"https:\/\/staging.hydrapro.fr\/en\/wp-json\/wp\/v2\/product_visibility?post=349"},{"taxonomy":"product_cat","embeddable":true,"href":"https:\/\/staging.hydrapro.fr\/en\/wp-json\/wp\/v2\/product_cat?post=349"}],"curies":[{"name":"wp","href":"https:\/\/api.w.org\/{rel}","templated":true}]}}