{"id":347,"date":"2019-08-12T09:25:10","date_gmt":"2019-08-12T07:25:10","guid":{"rendered":"https:\/\/staging.hydrapro.fr\/product\/nettoyant-ligne-deau-acide\/"},"modified":"2019-10-10T09:18:05","modified_gmt":"2019-10-10T07:18:05","slug":"nettoyant-ligne-deau-acide","status":"publish","type":"product","link":"https:\/\/staging.hydrapro.fr\/en\/produit\/nettoyant-ligne-deau-acide\/","title":{"rendered":"Nettoyant ligne d&#8217;eau acide"},"content":{"rendered":"<p><strong>Nettoyant ligne d&#8217;eau acide liquide qui assure un nettoyage de la ligne d&#8217;eau pour les piscines poss\u00e9dant des eaux dures.<\/strong><\/p>\n<p>Le Nettoyant ligne d&#8217;eau acide est un produit d&#8217;entretien permettant d&#8217;\u00e9liminer les mati\u00e8res min\u00e9rales pr\u00e9sentes au niveau de la ligne d&#8217;eau. Ce produit se verse sur une \u00e9ponge, pour ensuite frotter la surface souill\u00e9e.<\/p>\n<p><strong>Dosage : A adapter selon usage. <\/p>\n<p>Disponible en carton de 6 x 1 L.<\/strong><\/p>\n<p class=\"y-product y-product__product-subtitle\">Avantage :<\/p>\n<p>Permet de d\u00e9tartrer la ligne d&#8217;eau. <\/p>\n<p>Produit fabriqu\u00e9 en France.<\/p>\n<p><em>Les photos et coloris des produits ne sont pas contractuels.<\/em><\/p>\n","protected":false},"excerpt":{"rendered":"<p>Nettoyant de ligne d&#8217;eau pour eaux dures.<\/p>\n","protected":false},"featured_media":1306,"template":"","meta":[],"product_brand":[],"product_type":[2],"product_visibility":[],"product_cat":[163,151,166,180],"class_list":{"0":"post-347","1":"product","2":"type-product","3":"status-publish","4":"has-post-thumbnail","6":"product_cat-marquesentretien","7":"product_cat-produitsentretien","8":"product_cat-typologiesliquide","9":"product_cat-produits-produitsentretiennettoyer","10":"product_tag-acide","11":"product_tag-ligne-deau","12":"product_tag-nettoyant","13":"product_tag-piscine","14":"product_tag-traitement","16":"first","17":"instock","18":"shipping-taxable","19":"product-type-simple"},"acf":{"fiche_technique":"https:\/\/staging.hydrapro.fr\/app\/uploads\/2019\/08\/FT-0189-NETTOYANT-LIGNE-DEAU-ALCALIN.pdf","fiche_methode":""},"yoast_head":"<!-- This site is optimized with the Yoast SEO plugin v24.7 - https:\/\/yoast.com\/wordpress\/plugins\/seo\/ -->\n<title>Nettoyant ligne d&#039;eau acide - Hydrapro<\/title>\n<meta name=\"robots\" content=\"noindex, follow, max-snippet:-1, max-image-preview:large, max-video-preview:-1\" \/>\n<meta property=\"og:locale\" content=\"en_US\" \/>\n<meta property=\"og:type\" content=\"article\" \/>\n<meta property=\"og:title\" content=\"Nettoyant ligne d&#039;eau acide - Hydrapro\" \/>\n<meta property=\"og:description\" content=\"Nettoyant de ligne d&#039;eau pour eaux dures.\" \/>\n<meta property=\"og:url\" content=\"https:\/\/staging.hydrapro.fr\/en\/produit\/nettoyant-ligne-deau-acide\/\" \/>\n<meta property=\"og:site_name\" content=\"Hydrapro\" \/>\n<meta property=\"article:modified_time\" content=\"2019-10-10T07:18:05+00:00\" \/>\n<meta property=\"og:image\" content=\"https:\/\/staging.hydrapro.fr\/app\/uploads\/2019\/10\/0190-NETTOYANT-LIGNE-D-EAU-ACIDE-1L-1.png\" \/>\n\t<meta property=\"og:image:width\" content=\"600\" \/>\n\t<meta property=\"og:image:height\" content=\"853\" \/>\n\t<meta property=\"og:image:type\" content=\"image\/png\" \/>\n<meta name=\"twitter:card\" content=\"summary_large_image\" \/>\n<script type=\"application\/ld+json\" class=\"yoast-schema-graph\">{\"@context\":\"https:\/\/schema.org\",\"@graph\":[{\"@type\":\"WebPage\",\"@id\":\"https:\/\/staging.hydrapro.fr\/en\/produit\/nettoyant-ligne-deau-acide\/\",\"url\":\"https:\/\/staging.hydrapro.fr\/en\/produit\/nettoyant-ligne-deau-acide\/\",\"name\":\"Nettoyant ligne d'eau acide - Hydrapro\",\"isPartOf\":{\"@id\":\"https:\/\/staging.hydrapro.fr\/#website\"},\"primaryImageOfPage\":{\"@id\":\"https:\/\/staging.hydrapro.fr\/en\/produit\/nettoyant-ligne-deau-acide\/#primaryimage\"},\"image\":{\"@id\":\"https:\/\/staging.hydrapro.fr\/en\/produit\/nettoyant-ligne-deau-acide\/#primaryimage\"},\"thumbnailUrl\":\"https:\/\/staging.hydrapro.fr\/app\/uploads\/2019\/10\/0190-NETTOYANT-LIGNE-D-EAU-ACIDE-1L-1.png\",\"datePublished\":\"2019-08-12T07:25:10+00:00\",\"dateModified\":\"2019-10-10T07:18:05+00:00\",\"breadcrumb\":{\"@id\":\"https:\/\/staging.hydrapro.fr\/en\/produit\/nettoyant-ligne-deau-acide\/#breadcrumb\"},\"inLanguage\":\"en-US\",\"potentialAction\":[{\"@type\":\"ReadAction\",\"target\":[\"https:\/\/staging.hydrapro.fr\/en\/produit\/nettoyant-ligne-deau-acide\/\"]}]},{\"@type\":\"ImageObject\",\"inLanguage\":\"en-US\",\"@id\":\"https:\/\/staging.hydrapro.fr\/en\/produit\/nettoyant-ligne-deau-acide\/#primaryimage\",\"url\":\"https:\/\/staging.hydrapro.fr\/app\/uploads\/2019\/10\/0190-NETTOYANT-LIGNE-D-EAU-ACIDE-1L-1.png\",\"contentUrl\":\"https:\/\/staging.hydrapro.fr\/app\/uploads\/2019\/10\/0190-NETTOYANT-LIGNE-D-EAU-ACIDE-1L-1.png\",\"width\":600,\"height\":853},{\"@type\":\"BreadcrumbList\",\"@id\":\"https:\/\/staging.hydrapro.fr\/en\/produit\/nettoyant-ligne-deau-acide\/#breadcrumb\",\"itemListElement\":[{\"@type\":\"ListItem\",\"position\":1,\"name\":\"Home\",\"item\":\"https:\/\/staging.hydrapro.fr\/en\/\"},{\"@type\":\"ListItem\",\"position\":2,\"name\":\"Boutique\",\"item\":\"https:\/\/staging.hydrapro.fr\/boutique\/\"},{\"@type\":\"ListItem\",\"position\":3,\"name\":\"Nettoyant ligne d&rsquo;eau acide\"}]},{\"@type\":\"WebSite\",\"@id\":\"https:\/\/staging.hydrapro.fr\/#website\",\"url\":\"https:\/\/staging.hydrapro.fr\/\",\"name\":\"Hydrapro\",\"description\":\"L&#039;\u00e9quilibre de l&#039;eau\",\"potentialAction\":[{\"@type\":\"SearchAction\",\"target\":{\"@type\":\"EntryPoint\",\"urlTemplate\":\"https:\/\/staging.hydrapro.fr\/?s={search_term_string}\"},\"query-input\":{\"@type\":\"PropertyValueSpecification\",\"valueRequired\":true,\"valueName\":\"search_term_string\"}}],\"inLanguage\":\"en-US\"}]}<\/script>\n<!-- \/ Yoast SEO plugin. -->","yoast_head_json":{"title":"Nettoyant ligne d'eau acide - Hydrapro","robots":{"index":"noindex","follow":"follow","max-snippet":"max-snippet:-1","max-image-preview":"max-image-preview:large","max-video-preview":"max-video-preview:-1"},"og_locale":"en_US","og_type":"article","og_title":"Nettoyant ligne d'eau acide - Hydrapro","og_description":"Nettoyant de ligne d'eau pour eaux dures.","og_url":"https:\/\/staging.hydrapro.fr\/en\/produit\/nettoyant-ligne-deau-acide\/","og_site_name":"Hydrapro","article_modified_time":"2019-10-10T07:18:05+00:00","og_image":[{"width":600,"height":853,"url":"https:\/\/staging.hydrapro.fr\/app\/uploads\/2019\/10\/0190-NETTOYANT-LIGNE-D-EAU-ACIDE-1L-1.png","type":"image\/png"}],"twitter_card":"summary_large_image","schema":{"@context":"https:\/\/schema.org","@graph":[{"@type":"WebPage","@id":"https:\/\/staging.hydrapro.fr\/en\/produit\/nettoyant-ligne-deau-acide\/","url":"https:\/\/staging.hydrapro.fr\/en\/produit\/nettoyant-ligne-deau-acide\/","name":"Nettoyant ligne d'eau acide - Hydrapro","isPartOf":{"@id":"https:\/\/staging.hydrapro.fr\/#website"},"primaryImageOfPage":{"@id":"https:\/\/staging.hydrapro.fr\/en\/produit\/nettoyant-ligne-deau-acide\/#primaryimage"},"image":{"@id":"https:\/\/staging.hydrapro.fr\/en\/produit\/nettoyant-ligne-deau-acide\/#primaryimage"},"thumbnailUrl":"https:\/\/staging.hydrapro.fr\/app\/uploads\/2019\/10\/0190-NETTOYANT-LIGNE-D-EAU-ACIDE-1L-1.png","datePublished":"2019-08-12T07:25:10+00:00","dateModified":"2019-10-10T07:18:05+00:00","breadcrumb":{"@id":"https:\/\/staging.hydrapro.fr\/en\/produit\/nettoyant-ligne-deau-acide\/#breadcrumb"},"inLanguage":"en-US","potentialAction":[{"@type":"ReadAction","target":["https:\/\/staging.hydrapro.fr\/en\/produit\/nettoyant-ligne-deau-acide\/"]}]},{"@type":"ImageObject","inLanguage":"en-US","@id":"https:\/\/staging.hydrapro.fr\/en\/produit\/nettoyant-ligne-deau-acide\/#primaryimage","url":"https:\/\/staging.hydrapro.fr\/app\/uploads\/2019\/10\/0190-NETTOYANT-LIGNE-D-EAU-ACIDE-1L-1.png","contentUrl":"https:\/\/staging.hydrapro.fr\/app\/uploads\/2019\/10\/0190-NETTOYANT-LIGNE-D-EAU-ACIDE-1L-1.png","width":600,"height":853},{"@type":"BreadcrumbList","@id":"https:\/\/staging.hydrapro.fr\/en\/produit\/nettoyant-ligne-deau-acide\/#breadcrumb","itemListElement":[{"@type":"ListItem","position":1,"name":"Home","item":"https:\/\/staging.hydrapro.fr\/en\/"},{"@type":"ListItem","position":2,"name":"Boutique","item":"https:\/\/staging.hydrapro.fr\/boutique\/"},{"@type":"ListItem","position":3,"name":"Nettoyant ligne d&rsquo;eau acide"}]},{"@type":"WebSite","@id":"https:\/\/staging.hydrapro.fr\/#website","url":"https:\/\/staging.hydrapro.fr\/","name":"Hydrapro","description":"L&#039;\u00e9quilibre de l&#039;eau","potentialAction":[{"@type":"SearchAction","target":{"@type":"EntryPoint","urlTemplate":"https:\/\/staging.hydrapro.fr\/?s={search_term_string}"},"query-input":{"@type":"PropertyValueSpecification","valueRequired":true,"valueName":"search_term_string"}}],"inLanguage":"en-US"}]}},"_links":{"self":[{"href":"https:\/\/staging.hydrapro.fr\/en\/wp-json\/wp\/v2\/product\/347","targetHints":{"allow":["GET"]}}],"collection":[{"href":"https:\/\/staging.hydrapro.fr\/en\/wp-json\/wp\/v2\/product"}],"about":[{"href":"https:\/\/staging.hydrapro.fr\/en\/wp-json\/wp\/v2\/types\/product"}],"wp:featuredmedia":[{"embeddable":true,"href":"https:\/\/staging.hydrapro.fr\/en\/wp-json\/wp\/v2\/media\/1306"}],"wp:attachment":[{"href":"https:\/\/staging.hydrapro.fr\/en\/wp-json\/wp\/v2\/media?parent=347"}],"wp:term":[{"taxonomy":"product_brand","embeddable":true,"href":"https:\/\/staging.hydrapro.fr\/en\/wp-json\/wp\/v2\/product_brand?post=347"},{"taxonomy":"product_type","embeddable":true,"href":"https:\/\/staging.hydrapro.fr\/en\/wp-json\/wp\/v2\/product_type?post=347"},{"taxonomy":"product_visibility","embeddable":true,"href":"https:\/\/staging.hydrapro.fr\/en\/wp-json\/wp\/v2\/product_visibility?post=347"},{"taxonomy":"product_cat","embeddable":true,"href":"https:\/\/staging.hydrapro.fr\/en\/wp-json\/wp\/v2\/product_cat?post=347"}],"curies":[{"name":"wp","href":"https:\/\/api.w.org\/{rel}","templated":true}]}}