{"id":342,"date":"2019-08-12T09:25:06","date_gmt":"2019-08-12T07:25:06","guid":{"rendered":"https:\/\/staging.hydrapro.fr\/product\/ph-plus-liquide\/"},"modified":"2019-10-10T09:19:52","modified_gmt":"2019-10-10T07:19:52","slug":"ph-plus-liquide","status":"publish","type":"product","link":"https:\/\/staging.hydrapro.fr\/en\/produit\/ph-plus-liquide\/","title":{"rendered":"Ph plus liquide"},"content":{"rendered":"<p><strong>PH plus liquide assure une hausse du taux de pH par pompe doseuse pour l&#8217;eau de votre piscine.<\/strong><\/p>\n<p>Le pH plus liquide est un produit \u00e0 base de soude permettant d&#8217;augmenter rapidement le pH pr\u00e9sent dans l&#8217;eau. Ce produit est particuli\u00e8rement adapt\u00e9 au syst\u00e8me de r\u00e9gulation du pH automatique.<br \/>\nLe pH plus liquide est compatible avec tous les types de traitement des piscines.<\/p>\n<p><strong>Dosage pour augmenter de 0,1 unit\u00e9 pH : 100 mL pour 10 m\u00b3. <\/p>\n<p>Disponible en bidon de 6, 12,5 et 25 kg.<\/strong><\/p>\n<p class=\"y-product y-product__product-subtitle\">Avantage :<\/p>\n<p>Base forte et concentr\u00e9e. <\/p>\n<p>Produit fabriqu\u00e9 en France.<\/p>\n<p><em>Les photos et coloris des produits ne sont pas contractuels.<\/em><\/p>\n","protected":false},"excerpt":{"rendered":"<p>Augmentation du pH.<\/p>\n","protected":false},"featured_media":1352,"template":"","meta":[],"product_brand":[],"product_type":[2],"product_visibility":[],"product_cat":[175,153,164,166],"class_list":{"0":"post-342","1":"product","2":"type-product","3":"status-publish","4":"has-post-thumbnail","6":"product_cat-produits-produitsequilibreaugmenter","7":"product_cat-produitsequilibre","8":"product_cat-marquesequilibre","9":"product_cat-typologiesliquide","10":"product_tag-ph","11":"product_tag-plus","13":"first","14":"instock","15":"shipping-taxable","16":"product-type-simple"},"acf":{"fiche_technique":"https:\/\/staging.hydrapro.fr\/app\/uploads\/2019\/08\/FT-1083-PH-PLUS-LIQUIDE.pdf","fiche_methode":""},"yoast_head":"<!-- This site is optimized with the Yoast SEO plugin v24.7 - https:\/\/yoast.com\/wordpress\/plugins\/seo\/ -->\n<title>Ph plus liquide - Hydrapro<\/title>\n<meta name=\"robots\" content=\"noindex, follow, max-snippet:-1, max-image-preview:large, max-video-preview:-1\" \/>\n<meta property=\"og:locale\" content=\"en_US\" \/>\n<meta property=\"og:type\" content=\"article\" \/>\n<meta property=\"og:title\" content=\"Ph plus liquide - Hydrapro\" \/>\n<meta property=\"og:description\" content=\"Augmentation du pH.\" \/>\n<meta property=\"og:url\" content=\"https:\/\/staging.hydrapro.fr\/en\/produit\/ph-plus-liquide\/\" \/>\n<meta property=\"og:site_name\" content=\"Hydrapro\" \/>\n<meta property=\"article:modified_time\" content=\"2019-10-10T07:19:52+00:00\" \/>\n<meta property=\"og:image\" content=\"https:\/\/staging.hydrapro.fr\/app\/uploads\/2019\/10\/1083_PH_PLUS_LIQUIDE_6KG.png\" \/>\n\t<meta property=\"og:image:width\" content=\"600\" \/>\n\t<meta property=\"og:image:height\" content=\"929\" \/>\n\t<meta property=\"og:image:type\" content=\"image\/png\" \/>\n<meta name=\"twitter:card\" content=\"summary_large_image\" \/>\n<meta name=\"twitter:label1\" content=\"Est. reading time\" \/>\n\t<meta name=\"twitter:data1\" content=\"1 minute\" \/>\n<script type=\"application\/ld+json\" class=\"yoast-schema-graph\">{\"@context\":\"https:\/\/schema.org\",\"@graph\":[{\"@type\":\"WebPage\",\"@id\":\"https:\/\/staging.hydrapro.fr\/en\/produit\/ph-plus-liquide\/\",\"url\":\"https:\/\/staging.hydrapro.fr\/en\/produit\/ph-plus-liquide\/\",\"name\":\"Ph plus liquide - Hydrapro\",\"isPartOf\":{\"@id\":\"https:\/\/staging.hydrapro.fr\/#website\"},\"primaryImageOfPage\":{\"@id\":\"https:\/\/staging.hydrapro.fr\/en\/produit\/ph-plus-liquide\/#primaryimage\"},\"image\":{\"@id\":\"https:\/\/staging.hydrapro.fr\/en\/produit\/ph-plus-liquide\/#primaryimage\"},\"thumbnailUrl\":\"https:\/\/staging.hydrapro.fr\/app\/uploads\/2019\/10\/1083_PH_PLUS_LIQUIDE_6KG.png\",\"datePublished\":\"2019-08-12T07:25:06+00:00\",\"dateModified\":\"2019-10-10T07:19:52+00:00\",\"breadcrumb\":{\"@id\":\"https:\/\/staging.hydrapro.fr\/en\/produit\/ph-plus-liquide\/#breadcrumb\"},\"inLanguage\":\"en-US\",\"potentialAction\":[{\"@type\":\"ReadAction\",\"target\":[\"https:\/\/staging.hydrapro.fr\/en\/produit\/ph-plus-liquide\/\"]}]},{\"@type\":\"ImageObject\",\"inLanguage\":\"en-US\",\"@id\":\"https:\/\/staging.hydrapro.fr\/en\/produit\/ph-plus-liquide\/#primaryimage\",\"url\":\"https:\/\/staging.hydrapro.fr\/app\/uploads\/2019\/10\/1083_PH_PLUS_LIQUIDE_6KG.png\",\"contentUrl\":\"https:\/\/staging.hydrapro.fr\/app\/uploads\/2019\/10\/1083_PH_PLUS_LIQUIDE_6KG.png\",\"width\":600,\"height\":929},{\"@type\":\"BreadcrumbList\",\"@id\":\"https:\/\/staging.hydrapro.fr\/en\/produit\/ph-plus-liquide\/#breadcrumb\",\"itemListElement\":[{\"@type\":\"ListItem\",\"position\":1,\"name\":\"Home\",\"item\":\"https:\/\/staging.hydrapro.fr\/en\/\"},{\"@type\":\"ListItem\",\"position\":2,\"name\":\"Boutique\",\"item\":\"https:\/\/staging.hydrapro.fr\/boutique\/\"},{\"@type\":\"ListItem\",\"position\":3,\"name\":\"Ph plus liquide\"}]},{\"@type\":\"WebSite\",\"@id\":\"https:\/\/staging.hydrapro.fr\/#website\",\"url\":\"https:\/\/staging.hydrapro.fr\/\",\"name\":\"Hydrapro\",\"description\":\"L&#039;\u00e9quilibre de l&#039;eau\",\"potentialAction\":[{\"@type\":\"SearchAction\",\"target\":{\"@type\":\"EntryPoint\",\"urlTemplate\":\"https:\/\/staging.hydrapro.fr\/?s={search_term_string}\"},\"query-input\":{\"@type\":\"PropertyValueSpecification\",\"valueRequired\":true,\"valueName\":\"search_term_string\"}}],\"inLanguage\":\"en-US\"}]}<\/script>\n<!-- \/ Yoast SEO plugin. -->","yoast_head_json":{"title":"Ph plus liquide - Hydrapro","robots":{"index":"noindex","follow":"follow","max-snippet":"max-snippet:-1","max-image-preview":"max-image-preview:large","max-video-preview":"max-video-preview:-1"},"og_locale":"en_US","og_type":"article","og_title":"Ph plus liquide - Hydrapro","og_description":"Augmentation du pH.","og_url":"https:\/\/staging.hydrapro.fr\/en\/produit\/ph-plus-liquide\/","og_site_name":"Hydrapro","article_modified_time":"2019-10-10T07:19:52+00:00","og_image":[{"width":600,"height":929,"url":"https:\/\/staging.hydrapro.fr\/app\/uploads\/2019\/10\/1083_PH_PLUS_LIQUIDE_6KG.png","type":"image\/png"}],"twitter_card":"summary_large_image","twitter_misc":{"Est. reading time":"1 minute"},"schema":{"@context":"https:\/\/schema.org","@graph":[{"@type":"WebPage","@id":"https:\/\/staging.hydrapro.fr\/en\/produit\/ph-plus-liquide\/","url":"https:\/\/staging.hydrapro.fr\/en\/produit\/ph-plus-liquide\/","name":"Ph plus liquide - Hydrapro","isPartOf":{"@id":"https:\/\/staging.hydrapro.fr\/#website"},"primaryImageOfPage":{"@id":"https:\/\/staging.hydrapro.fr\/en\/produit\/ph-plus-liquide\/#primaryimage"},"image":{"@id":"https:\/\/staging.hydrapro.fr\/en\/produit\/ph-plus-liquide\/#primaryimage"},"thumbnailUrl":"https:\/\/staging.hydrapro.fr\/app\/uploads\/2019\/10\/1083_PH_PLUS_LIQUIDE_6KG.png","datePublished":"2019-08-12T07:25:06+00:00","dateModified":"2019-10-10T07:19:52+00:00","breadcrumb":{"@id":"https:\/\/staging.hydrapro.fr\/en\/produit\/ph-plus-liquide\/#breadcrumb"},"inLanguage":"en-US","potentialAction":[{"@type":"ReadAction","target":["https:\/\/staging.hydrapro.fr\/en\/produit\/ph-plus-liquide\/"]}]},{"@type":"ImageObject","inLanguage":"en-US","@id":"https:\/\/staging.hydrapro.fr\/en\/produit\/ph-plus-liquide\/#primaryimage","url":"https:\/\/staging.hydrapro.fr\/app\/uploads\/2019\/10\/1083_PH_PLUS_LIQUIDE_6KG.png","contentUrl":"https:\/\/staging.hydrapro.fr\/app\/uploads\/2019\/10\/1083_PH_PLUS_LIQUIDE_6KG.png","width":600,"height":929},{"@type":"BreadcrumbList","@id":"https:\/\/staging.hydrapro.fr\/en\/produit\/ph-plus-liquide\/#breadcrumb","itemListElement":[{"@type":"ListItem","position":1,"name":"Home","item":"https:\/\/staging.hydrapro.fr\/en\/"},{"@type":"ListItem","position":2,"name":"Boutique","item":"https:\/\/staging.hydrapro.fr\/boutique\/"},{"@type":"ListItem","position":3,"name":"Ph plus liquide"}]},{"@type":"WebSite","@id":"https:\/\/staging.hydrapro.fr\/#website","url":"https:\/\/staging.hydrapro.fr\/","name":"Hydrapro","description":"L&#039;\u00e9quilibre de l&#039;eau","potentialAction":[{"@type":"SearchAction","target":{"@type":"EntryPoint","urlTemplate":"https:\/\/staging.hydrapro.fr\/?s={search_term_string}"},"query-input":{"@type":"PropertyValueSpecification","valueRequired":true,"valueName":"search_term_string"}}],"inLanguage":"en-US"}]}},"_links":{"self":[{"href":"https:\/\/staging.hydrapro.fr\/en\/wp-json\/wp\/v2\/product\/342","targetHints":{"allow":["GET"]}}],"collection":[{"href":"https:\/\/staging.hydrapro.fr\/en\/wp-json\/wp\/v2\/product"}],"about":[{"href":"https:\/\/staging.hydrapro.fr\/en\/wp-json\/wp\/v2\/types\/product"}],"wp:featuredmedia":[{"embeddable":true,"href":"https:\/\/staging.hydrapro.fr\/en\/wp-json\/wp\/v2\/media\/1352"}],"wp:attachment":[{"href":"https:\/\/staging.hydrapro.fr\/en\/wp-json\/wp\/v2\/media?parent=342"}],"wp:term":[{"taxonomy":"product_brand","embeddable":true,"href":"https:\/\/staging.hydrapro.fr\/en\/wp-json\/wp\/v2\/product_brand?post=342"},{"taxonomy":"product_type","embeddable":true,"href":"https:\/\/staging.hydrapro.fr\/en\/wp-json\/wp\/v2\/product_type?post=342"},{"taxonomy":"product_visibility","embeddable":true,"href":"https:\/\/staging.hydrapro.fr\/en\/wp-json\/wp\/v2\/product_visibility?post=342"},{"taxonomy":"product_cat","embeddable":true,"href":"https:\/\/staging.hydrapro.fr\/en\/wp-json\/wp\/v2\/product_cat?post=342"}],"curies":[{"name":"wp","href":"https:\/\/api.w.org\/{rel}","templated":true}]}}