{"id":340,"date":"2019-08-12T09:25:05","date_gmt":"2019-08-12T07:25:05","guid":{"rendered":"https:\/\/staging.hydrapro.fr\/product\/acide-chlorhydrique-33\/"},"modified":"2019-10-10T09:19:59","modified_gmt":"2019-10-10T07:19:59","slug":"acide-chlorhydrique-33","status":"publish","type":"product","link":"https:\/\/staging.hydrapro.fr\/en\/produit\/acide-chlorhydrique-33\/","title":{"rendered":"Acide chlorhydrique 33"},"content":{"rendered":"<p><strong>Acide chlorhydrique 33%\u00a0liquide assure une action anti-tartre pour l&#8217;eau de votre piscine.<\/strong><\/p>\n<p>L&#8217;Acide chlorhydrique 33% est un produit permettant l&#8217;\u00e9limination rapide du tartre et l&#8217;abaissement du TAC.<\/p>\n<p><strong>Dosage pour un d\u00e9tartrage : solution \u00e0 10 ou 20%.<br \/>\nDosage pour baisser le TAC de 1\u00b0F : 180 mL pour 10 m\u00b3.<br \/>\nDosage pour baisser le pH de 0.2 \u00e0 0.3 unit\u00e9 :  100 mL pour 10 m\u00b3. <\/p>\n<p>Disponible en bidon de 5 et 24 kg.<\/strong><\/p>\n<p class=\"y-product y-product__product-subtitle\">Avantage :<\/p>\n<p>Permet de stabiliser le pH. <\/p>\n<p>Produit conditionn\u00e9 en France.<\/p>\n<p>Ne doit pas \u00eatre utilis\u00e9 sur des mat\u00e9riaux tels que l&#8217;inox, le galva ou l&#8217;aluminium.<\/p>\n<p><em>Les photos et coloris des produits ne sont pas contractuels.<\/em><\/p>\n","protected":false},"excerpt":{"rendered":"<p>Diminution du TAC et d\u00e9tartrage.<\/p>\n","protected":false},"featured_media":1353,"template":"","meta":[],"product_brand":[],"product_type":[2],"product_visibility":[],"product_cat":[176,153,164,166],"class_list":{"0":"post-340","1":"product","2":"type-product","3":"status-publish","4":"has-post-thumbnail","6":"product_cat-produits-produitsequilibrebaisser","7":"product_cat-produitsequilibre","8":"product_cat-marquesequilibre","9":"product_cat-typologiesliquide","10":"product_tag-acide","11":"product_tag-chlorhydrique","13":"first","14":"instock","15":"shipping-taxable","16":"product-type-simple"},"acf":{"fiche_technique":"https:\/\/staging.hydrapro.fr\/app\/uploads\/2019\/08\/FT-1087-ACIDE-CHLORHYDRIQUE-33.pdf","fiche_methode":""},"yoast_head":"<!-- This site is optimized with the Yoast SEO plugin v24.7 - https:\/\/yoast.com\/wordpress\/plugins\/seo\/ -->\n<title>Acide chlorhydrique 33 - Hydrapro<\/title>\n<meta name=\"robots\" content=\"noindex, follow, max-snippet:-1, max-image-preview:large, max-video-preview:-1\" \/>\n<meta property=\"og:locale\" content=\"en_US\" \/>\n<meta property=\"og:type\" content=\"article\" \/>\n<meta property=\"og:title\" content=\"Acide chlorhydrique 33 - Hydrapro\" \/>\n<meta property=\"og:description\" content=\"Diminution du TAC et d\u00e9tartrage.\" \/>\n<meta property=\"og:url\" content=\"https:\/\/staging.hydrapro.fr\/en\/produit\/acide-chlorhydrique-33\/\" \/>\n<meta property=\"og:site_name\" content=\"Hydrapro\" \/>\n<meta property=\"article:modified_time\" content=\"2019-10-10T07:19:59+00:00\" \/>\n<meta property=\"og:image\" content=\"https:\/\/staging.hydrapro.fr\/app\/uploads\/2019\/10\/1087_ACIDE_CHLORHYDRIQUE_33_5L.png\" \/>\n\t<meta property=\"og:image:width\" content=\"600\" \/>\n\t<meta property=\"og:image:height\" content=\"923\" \/>\n\t<meta property=\"og:image:type\" content=\"image\/png\" \/>\n<meta name=\"twitter:card\" content=\"summary_large_image\" \/>\n<script type=\"application\/ld+json\" class=\"yoast-schema-graph\">{\"@context\":\"https:\/\/schema.org\",\"@graph\":[{\"@type\":\"WebPage\",\"@id\":\"https:\/\/staging.hydrapro.fr\/en\/produit\/acide-chlorhydrique-33\/\",\"url\":\"https:\/\/staging.hydrapro.fr\/en\/produit\/acide-chlorhydrique-33\/\",\"name\":\"Acide chlorhydrique 33 - Hydrapro\",\"isPartOf\":{\"@id\":\"https:\/\/staging.hydrapro.fr\/#website\"},\"primaryImageOfPage\":{\"@id\":\"https:\/\/staging.hydrapro.fr\/en\/produit\/acide-chlorhydrique-33\/#primaryimage\"},\"image\":{\"@id\":\"https:\/\/staging.hydrapro.fr\/en\/produit\/acide-chlorhydrique-33\/#primaryimage\"},\"thumbnailUrl\":\"https:\/\/staging.hydrapro.fr\/app\/uploads\/2019\/10\/1087_ACIDE_CHLORHYDRIQUE_33_5L.png\",\"datePublished\":\"2019-08-12T07:25:05+00:00\",\"dateModified\":\"2019-10-10T07:19:59+00:00\",\"breadcrumb\":{\"@id\":\"https:\/\/staging.hydrapro.fr\/en\/produit\/acide-chlorhydrique-33\/#breadcrumb\"},\"inLanguage\":\"en-US\",\"potentialAction\":[{\"@type\":\"ReadAction\",\"target\":[\"https:\/\/staging.hydrapro.fr\/en\/produit\/acide-chlorhydrique-33\/\"]}]},{\"@type\":\"ImageObject\",\"inLanguage\":\"en-US\",\"@id\":\"https:\/\/staging.hydrapro.fr\/en\/produit\/acide-chlorhydrique-33\/#primaryimage\",\"url\":\"https:\/\/staging.hydrapro.fr\/app\/uploads\/2019\/10\/1087_ACIDE_CHLORHYDRIQUE_33_5L.png\",\"contentUrl\":\"https:\/\/staging.hydrapro.fr\/app\/uploads\/2019\/10\/1087_ACIDE_CHLORHYDRIQUE_33_5L.png\",\"width\":600,\"height\":923},{\"@type\":\"BreadcrumbList\",\"@id\":\"https:\/\/staging.hydrapro.fr\/en\/produit\/acide-chlorhydrique-33\/#breadcrumb\",\"itemListElement\":[{\"@type\":\"ListItem\",\"position\":1,\"name\":\"Home\",\"item\":\"https:\/\/staging.hydrapro.fr\/en\/\"},{\"@type\":\"ListItem\",\"position\":2,\"name\":\"Boutique\",\"item\":\"https:\/\/staging.hydrapro.fr\/boutique\/\"},{\"@type\":\"ListItem\",\"position\":3,\"name\":\"Acide chlorhydrique 33\"}]},{\"@type\":\"WebSite\",\"@id\":\"https:\/\/staging.hydrapro.fr\/#website\",\"url\":\"https:\/\/staging.hydrapro.fr\/\",\"name\":\"Hydrapro\",\"description\":\"L&#039;\u00e9quilibre de l&#039;eau\",\"potentialAction\":[{\"@type\":\"SearchAction\",\"target\":{\"@type\":\"EntryPoint\",\"urlTemplate\":\"https:\/\/staging.hydrapro.fr\/?s={search_term_string}\"},\"query-input\":{\"@type\":\"PropertyValueSpecification\",\"valueRequired\":true,\"valueName\":\"search_term_string\"}}],\"inLanguage\":\"en-US\"}]}<\/script>\n<!-- \/ Yoast SEO plugin. -->","yoast_head_json":{"title":"Acide chlorhydrique 33 - Hydrapro","robots":{"index":"noindex","follow":"follow","max-snippet":"max-snippet:-1","max-image-preview":"max-image-preview:large","max-video-preview":"max-video-preview:-1"},"og_locale":"en_US","og_type":"article","og_title":"Acide chlorhydrique 33 - Hydrapro","og_description":"Diminution du TAC et d\u00e9tartrage.","og_url":"https:\/\/staging.hydrapro.fr\/en\/produit\/acide-chlorhydrique-33\/","og_site_name":"Hydrapro","article_modified_time":"2019-10-10T07:19:59+00:00","og_image":[{"width":600,"height":923,"url":"https:\/\/staging.hydrapro.fr\/app\/uploads\/2019\/10\/1087_ACIDE_CHLORHYDRIQUE_33_5L.png","type":"image\/png"}],"twitter_card":"summary_large_image","schema":{"@context":"https:\/\/schema.org","@graph":[{"@type":"WebPage","@id":"https:\/\/staging.hydrapro.fr\/en\/produit\/acide-chlorhydrique-33\/","url":"https:\/\/staging.hydrapro.fr\/en\/produit\/acide-chlorhydrique-33\/","name":"Acide chlorhydrique 33 - Hydrapro","isPartOf":{"@id":"https:\/\/staging.hydrapro.fr\/#website"},"primaryImageOfPage":{"@id":"https:\/\/staging.hydrapro.fr\/en\/produit\/acide-chlorhydrique-33\/#primaryimage"},"image":{"@id":"https:\/\/staging.hydrapro.fr\/en\/produit\/acide-chlorhydrique-33\/#primaryimage"},"thumbnailUrl":"https:\/\/staging.hydrapro.fr\/app\/uploads\/2019\/10\/1087_ACIDE_CHLORHYDRIQUE_33_5L.png","datePublished":"2019-08-12T07:25:05+00:00","dateModified":"2019-10-10T07:19:59+00:00","breadcrumb":{"@id":"https:\/\/staging.hydrapro.fr\/en\/produit\/acide-chlorhydrique-33\/#breadcrumb"},"inLanguage":"en-US","potentialAction":[{"@type":"ReadAction","target":["https:\/\/staging.hydrapro.fr\/en\/produit\/acide-chlorhydrique-33\/"]}]},{"@type":"ImageObject","inLanguage":"en-US","@id":"https:\/\/staging.hydrapro.fr\/en\/produit\/acide-chlorhydrique-33\/#primaryimage","url":"https:\/\/staging.hydrapro.fr\/app\/uploads\/2019\/10\/1087_ACIDE_CHLORHYDRIQUE_33_5L.png","contentUrl":"https:\/\/staging.hydrapro.fr\/app\/uploads\/2019\/10\/1087_ACIDE_CHLORHYDRIQUE_33_5L.png","width":600,"height":923},{"@type":"BreadcrumbList","@id":"https:\/\/staging.hydrapro.fr\/en\/produit\/acide-chlorhydrique-33\/#breadcrumb","itemListElement":[{"@type":"ListItem","position":1,"name":"Home","item":"https:\/\/staging.hydrapro.fr\/en\/"},{"@type":"ListItem","position":2,"name":"Boutique","item":"https:\/\/staging.hydrapro.fr\/boutique\/"},{"@type":"ListItem","position":3,"name":"Acide chlorhydrique 33"}]},{"@type":"WebSite","@id":"https:\/\/staging.hydrapro.fr\/#website","url":"https:\/\/staging.hydrapro.fr\/","name":"Hydrapro","description":"L&#039;\u00e9quilibre de l&#039;eau","potentialAction":[{"@type":"SearchAction","target":{"@type":"EntryPoint","urlTemplate":"https:\/\/staging.hydrapro.fr\/?s={search_term_string}"},"query-input":{"@type":"PropertyValueSpecification","valueRequired":true,"valueName":"search_term_string"}}],"inLanguage":"en-US"}]}},"_links":{"self":[{"href":"https:\/\/staging.hydrapro.fr\/en\/wp-json\/wp\/v2\/product\/340","targetHints":{"allow":["GET"]}}],"collection":[{"href":"https:\/\/staging.hydrapro.fr\/en\/wp-json\/wp\/v2\/product"}],"about":[{"href":"https:\/\/staging.hydrapro.fr\/en\/wp-json\/wp\/v2\/types\/product"}],"wp:featuredmedia":[{"embeddable":true,"href":"https:\/\/staging.hydrapro.fr\/en\/wp-json\/wp\/v2\/media\/1353"}],"wp:attachment":[{"href":"https:\/\/staging.hydrapro.fr\/en\/wp-json\/wp\/v2\/media?parent=340"}],"wp:term":[{"taxonomy":"product_brand","embeddable":true,"href":"https:\/\/staging.hydrapro.fr\/en\/wp-json\/wp\/v2\/product_brand?post=340"},{"taxonomy":"product_type","embeddable":true,"href":"https:\/\/staging.hydrapro.fr\/en\/wp-json\/wp\/v2\/product_type?post=340"},{"taxonomy":"product_visibility","embeddable":true,"href":"https:\/\/staging.hydrapro.fr\/en\/wp-json\/wp\/v2\/product_visibility?post=340"},{"taxonomy":"product_cat","embeddable":true,"href":"https:\/\/staging.hydrapro.fr\/en\/wp-json\/wp\/v2\/product_cat?post=340"}],"curies":[{"name":"wp","href":"https:\/\/api.w.org\/{rel}","templated":true}]}}