{"id":339,"date":"2019-08-12T09:25:04","date_gmt":"2019-08-12T07:25:04","guid":{"rendered":"https:\/\/staging.hydrapro.fr\/product\/algicide-100-purissimeau\/"},"modified":"2019-10-10T09:16:00","modified_gmt":"2019-10-10T07:16:00","slug":"algicide-100-purissimeau","status":"publish","type":"product","link":"https:\/\/staging.hydrapro.fr\/en\/produit\/algicide-100-purissimeau\/","title":{"rendered":"Algicide 100"},"content":{"rendered":"<p><strong>Algicide 100 liquide qui assure une action anti-algues pr\u00e9ventive et curative pour l&#8217;eau de votre piscine.<\/strong><\/p>\n<p>L&#8217;Algicide 100 est un produit anti-algues permettant d&#8217;emp\u00eacher la formation des algues et de les d\u00e9truire. Ce produit est l\u00e9g\u00e8rement moussant, il est donc \u00e0 \u00e9viter dans les piscines \u00e9quip\u00e9es d&#8217;une nage \u00e0 contre-courant.<br \/>\nL&#8217;Algicide 100 est compatible avec tous les types de traitement, de rev\u00eatements et de filtrations.<\/p>\n<p><strong>Dosage pour le traitement initial : 200 \u00e0 300 mL pour 10 m\u00b3.<br \/>\nDosage pour le traitement hebdomadaire : 30 mL pour 10 m\u00b3. <\/p>\n<p>Disponible en carton de 4 x 5 L et en bidon de 20 L.<\/strong><\/p>\n<p class=\"y-product y-product__product-subtitle\">Avantage :<\/p>\n<p>Anti-algues pr\u00e9ventif et curatif. <\/p>\n<p>Produit fabriqu\u00e9 en France.<\/p>\n<p><em>Utiliser les biocides avec pr\u00e9caution. Avant toute utilisation, lire l&#8217;\u00e9tiquette et les informations concernant le produit.<br \/>\nLes photos et coloris des produits ne sont pas contractuels.<\/em><\/p>\n","protected":false},"excerpt":{"rendered":"<p>Algicide l\u00e9g\u00e8rement moussant.<\/p>\n","protected":false},"featured_media":1339,"template":"","meta":[],"product_brand":[],"product_type":[2],"product_visibility":[],"product_cat":[173,150,165,166],"class_list":{"0":"post-339","1":"product","2":"type-product","3":"status-publish","4":"has-post-thumbnail","6":"product_cat-produits-produitsalgicidealgicide","7":"product_cat-produitsalgicide","8":"product_cat-marquesalgicide","9":"product_cat-typologiesliquide","10":"product_tag-anti-algue","11":"product_tag-curatif","12":"product_tag-preventif","13":"product_tag-traitement","15":"first","16":"instock","17":"shipping-taxable","18":"product-type-simple"},"acf":{"fiche_technique":"https:\/\/staging.hydrapro.fr\/app\/uploads\/2019\/08\/FT-0043-ALGICIDE-100.pdf","fiche_methode":""},"yoast_head":"<!-- This site is optimized with the Yoast SEO plugin v24.7 - https:\/\/yoast.com\/wordpress\/plugins\/seo\/ -->\n<title>Algicide 100 - Hydrapro<\/title>\n<meta name=\"robots\" content=\"noindex, follow, max-snippet:-1, max-image-preview:large, max-video-preview:-1\" \/>\n<meta property=\"og:locale\" content=\"en_US\" \/>\n<meta property=\"og:type\" content=\"article\" \/>\n<meta property=\"og:title\" content=\"Algicide 100 - Hydrapro\" \/>\n<meta property=\"og:description\" content=\"Algicide l\u00e9g\u00e8rement moussant.\" \/>\n<meta property=\"og:url\" content=\"https:\/\/staging.hydrapro.fr\/en\/produit\/algicide-100-purissimeau\/\" \/>\n<meta property=\"og:site_name\" content=\"Hydrapro\" \/>\n<meta property=\"article:modified_time\" content=\"2019-10-10T07:16:00+00:00\" \/>\n<meta property=\"og:image\" content=\"https:\/\/staging.hydrapro.fr\/app\/uploads\/2019\/10\/0043_ALGICIDE_100_5L.png\" \/>\n\t<meta property=\"og:image:width\" content=\"600\" \/>\n\t<meta property=\"og:image:height\" content=\"930\" \/>\n\t<meta property=\"og:image:type\" content=\"image\/png\" \/>\n<meta name=\"twitter:card\" content=\"summary_large_image\" \/>\n<meta name=\"twitter:label1\" content=\"Est. reading time\" \/>\n\t<meta name=\"twitter:data1\" content=\"1 minute\" \/>\n<script type=\"application\/ld+json\" class=\"yoast-schema-graph\">{\"@context\":\"https:\/\/schema.org\",\"@graph\":[{\"@type\":\"WebPage\",\"@id\":\"https:\/\/staging.hydrapro.fr\/en\/produit\/algicide-100-purissimeau\/\",\"url\":\"https:\/\/staging.hydrapro.fr\/en\/produit\/algicide-100-purissimeau\/\",\"name\":\"Algicide 100 - Hydrapro\",\"isPartOf\":{\"@id\":\"https:\/\/staging.hydrapro.fr\/#website\"},\"primaryImageOfPage\":{\"@id\":\"https:\/\/staging.hydrapro.fr\/en\/produit\/algicide-100-purissimeau\/#primaryimage\"},\"image\":{\"@id\":\"https:\/\/staging.hydrapro.fr\/en\/produit\/algicide-100-purissimeau\/#primaryimage\"},\"thumbnailUrl\":\"https:\/\/staging.hydrapro.fr\/app\/uploads\/2019\/10\/0043_ALGICIDE_100_5L.png\",\"datePublished\":\"2019-08-12T07:25:04+00:00\",\"dateModified\":\"2019-10-10T07:16:00+00:00\",\"breadcrumb\":{\"@id\":\"https:\/\/staging.hydrapro.fr\/en\/produit\/algicide-100-purissimeau\/#breadcrumb\"},\"inLanguage\":\"en-US\",\"potentialAction\":[{\"@type\":\"ReadAction\",\"target\":[\"https:\/\/staging.hydrapro.fr\/en\/produit\/algicide-100-purissimeau\/\"]}]},{\"@type\":\"ImageObject\",\"inLanguage\":\"en-US\",\"@id\":\"https:\/\/staging.hydrapro.fr\/en\/produit\/algicide-100-purissimeau\/#primaryimage\",\"url\":\"https:\/\/staging.hydrapro.fr\/app\/uploads\/2019\/10\/0043_ALGICIDE_100_5L.png\",\"contentUrl\":\"https:\/\/staging.hydrapro.fr\/app\/uploads\/2019\/10\/0043_ALGICIDE_100_5L.png\",\"width\":600,\"height\":930},{\"@type\":\"BreadcrumbList\",\"@id\":\"https:\/\/staging.hydrapro.fr\/en\/produit\/algicide-100-purissimeau\/#breadcrumb\",\"itemListElement\":[{\"@type\":\"ListItem\",\"position\":1,\"name\":\"Home\",\"item\":\"https:\/\/staging.hydrapro.fr\/en\/\"},{\"@type\":\"ListItem\",\"position\":2,\"name\":\"Boutique\",\"item\":\"https:\/\/staging.hydrapro.fr\/boutique\/\"},{\"@type\":\"ListItem\",\"position\":3,\"name\":\"Algicide 100\"}]},{\"@type\":\"WebSite\",\"@id\":\"https:\/\/staging.hydrapro.fr\/#website\",\"url\":\"https:\/\/staging.hydrapro.fr\/\",\"name\":\"Hydrapro\",\"description\":\"L&#039;\u00e9quilibre de l&#039;eau\",\"potentialAction\":[{\"@type\":\"SearchAction\",\"target\":{\"@type\":\"EntryPoint\",\"urlTemplate\":\"https:\/\/staging.hydrapro.fr\/?s={search_term_string}\"},\"query-input\":{\"@type\":\"PropertyValueSpecification\",\"valueRequired\":true,\"valueName\":\"search_term_string\"}}],\"inLanguage\":\"en-US\"}]}<\/script>\n<!-- \/ Yoast SEO plugin. -->","yoast_head_json":{"title":"Algicide 100 - Hydrapro","robots":{"index":"noindex","follow":"follow","max-snippet":"max-snippet:-1","max-image-preview":"max-image-preview:large","max-video-preview":"max-video-preview:-1"},"og_locale":"en_US","og_type":"article","og_title":"Algicide 100 - Hydrapro","og_description":"Algicide l\u00e9g\u00e8rement moussant.","og_url":"https:\/\/staging.hydrapro.fr\/en\/produit\/algicide-100-purissimeau\/","og_site_name":"Hydrapro","article_modified_time":"2019-10-10T07:16:00+00:00","og_image":[{"width":600,"height":930,"url":"https:\/\/staging.hydrapro.fr\/app\/uploads\/2019\/10\/0043_ALGICIDE_100_5L.png","type":"image\/png"}],"twitter_card":"summary_large_image","twitter_misc":{"Est. reading time":"1 minute"},"schema":{"@context":"https:\/\/schema.org","@graph":[{"@type":"WebPage","@id":"https:\/\/staging.hydrapro.fr\/en\/produit\/algicide-100-purissimeau\/","url":"https:\/\/staging.hydrapro.fr\/en\/produit\/algicide-100-purissimeau\/","name":"Algicide 100 - Hydrapro","isPartOf":{"@id":"https:\/\/staging.hydrapro.fr\/#website"},"primaryImageOfPage":{"@id":"https:\/\/staging.hydrapro.fr\/en\/produit\/algicide-100-purissimeau\/#primaryimage"},"image":{"@id":"https:\/\/staging.hydrapro.fr\/en\/produit\/algicide-100-purissimeau\/#primaryimage"},"thumbnailUrl":"https:\/\/staging.hydrapro.fr\/app\/uploads\/2019\/10\/0043_ALGICIDE_100_5L.png","datePublished":"2019-08-12T07:25:04+00:00","dateModified":"2019-10-10T07:16:00+00:00","breadcrumb":{"@id":"https:\/\/staging.hydrapro.fr\/en\/produit\/algicide-100-purissimeau\/#breadcrumb"},"inLanguage":"en-US","potentialAction":[{"@type":"ReadAction","target":["https:\/\/staging.hydrapro.fr\/en\/produit\/algicide-100-purissimeau\/"]}]},{"@type":"ImageObject","inLanguage":"en-US","@id":"https:\/\/staging.hydrapro.fr\/en\/produit\/algicide-100-purissimeau\/#primaryimage","url":"https:\/\/staging.hydrapro.fr\/app\/uploads\/2019\/10\/0043_ALGICIDE_100_5L.png","contentUrl":"https:\/\/staging.hydrapro.fr\/app\/uploads\/2019\/10\/0043_ALGICIDE_100_5L.png","width":600,"height":930},{"@type":"BreadcrumbList","@id":"https:\/\/staging.hydrapro.fr\/en\/produit\/algicide-100-purissimeau\/#breadcrumb","itemListElement":[{"@type":"ListItem","position":1,"name":"Home","item":"https:\/\/staging.hydrapro.fr\/en\/"},{"@type":"ListItem","position":2,"name":"Boutique","item":"https:\/\/staging.hydrapro.fr\/boutique\/"},{"@type":"ListItem","position":3,"name":"Algicide 100"}]},{"@type":"WebSite","@id":"https:\/\/staging.hydrapro.fr\/#website","url":"https:\/\/staging.hydrapro.fr\/","name":"Hydrapro","description":"L&#039;\u00e9quilibre de l&#039;eau","potentialAction":[{"@type":"SearchAction","target":{"@type":"EntryPoint","urlTemplate":"https:\/\/staging.hydrapro.fr\/?s={search_term_string}"},"query-input":{"@type":"PropertyValueSpecification","valueRequired":true,"valueName":"search_term_string"}}],"inLanguage":"en-US"}]}},"_links":{"self":[{"href":"https:\/\/staging.hydrapro.fr\/en\/wp-json\/wp\/v2\/product\/339","targetHints":{"allow":["GET"]}}],"collection":[{"href":"https:\/\/staging.hydrapro.fr\/en\/wp-json\/wp\/v2\/product"}],"about":[{"href":"https:\/\/staging.hydrapro.fr\/en\/wp-json\/wp\/v2\/types\/product"}],"wp:featuredmedia":[{"embeddable":true,"href":"https:\/\/staging.hydrapro.fr\/en\/wp-json\/wp\/v2\/media\/1339"}],"wp:attachment":[{"href":"https:\/\/staging.hydrapro.fr\/en\/wp-json\/wp\/v2\/media?parent=339"}],"wp:term":[{"taxonomy":"product_brand","embeddable":true,"href":"https:\/\/staging.hydrapro.fr\/en\/wp-json\/wp\/v2\/product_brand?post=339"},{"taxonomy":"product_type","embeddable":true,"href":"https:\/\/staging.hydrapro.fr\/en\/wp-json\/wp\/v2\/product_type?post=339"},{"taxonomy":"product_visibility","embeddable":true,"href":"https:\/\/staging.hydrapro.fr\/en\/wp-json\/wp\/v2\/product_visibility?post=339"},{"taxonomy":"product_cat","embeddable":true,"href":"https:\/\/staging.hydrapro.fr\/en\/wp-json\/wp\/v2\/product_cat?post=339"}],"curies":[{"name":"wp","href":"https:\/\/api.w.org\/{rel}","templated":true}]}}