{"id":338,"date":"2019-08-12T09:25:03","date_gmt":"2019-08-12T07:25:03","guid":{"rendered":"https:\/\/staging.hydrapro.fr\/product\/anti-phosphates\/"},"modified":"2019-08-12T09:25:04","modified_gmt":"2019-08-12T07:25:04","slug":"anti-phosphates","status":"publish","type":"product","link":"https:\/\/staging.hydrapro.fr\/en\/produit\/anti-phosphates\/","title":{"rendered":"anti-phosphates"},"content":{"rendered":"<h2 class=\"description-produit\">L&rsquo;Anti-phosphates limite la prolif\u00e9ration des algues dans les piscines.<\/h2>\n<p class=\"text-description-produit\"><img decoding=\"async\" class=\"conditionnement-produit\" alt=\"anti-phosphates\" src=\"https:\/\/staging.hydrapro.fr\/wp-content\/uploads\/2018\/03\/1697-1L.png\" height=\"200\" \/>L&rsquo;Anti-phosphates \u00e9limine les phosphates pr\u00e9sents dans l&rsquo;eau de votre piscine et par ce moyen limite la prolif\u00e9ration des algues. Il facilite l&rsquo;entretien de votre piscine et r\u00e9duit l&rsquo;utilisation d&rsquo;algicide. Il peut \u00eatre utilis\u00e9 en traitement pr\u00e9ventif ou curatif en fonction du besoin.<\/p>\n<p class=\"information-produit\"><span class=\"dose-utilisation\" style=\"margin: 20px 0px 0px 0px\">Dosage : en fonction du volume de la piscine et de la quantit\u00e9 de phosphates dans votre piscine<\/span><br \/> <br \/>\n<span class=\"dose-utilisation\">Disponible en carton de 6 x 1 L<\/span><\/p>\n<div class=\"conseil-produit\"><span>Tester le taux de phosphates de votre bassin \u00e0 l&rsquo;aide de bandelettes de test pr\u00e9vues \u00e0 cet effet avant d&rsquo;effectuer tout traitement.<\/span><\/div>\n<div class=\"plus-produit\"><span>Facilite l&rsquo;entretien de votre piscine et r\u00e9duit l&rsquo;utilisation d&rsquo;algicide. Produit fabriqu\u00e9 en France.<\/span><\/div>\n<\/p>\n<p>[download id=\u00a0\u00bb8810&Prime;]\u00a0<a class=\"lien-fds-pdt\" href=\"https:\/\/staging.hydrapro.fr\/fiches-de-donnees-de-securite\/\">Acc\u00e9dez aux Fiches de Donn\u00e9es de S\u00e9curit\u00e9<\/a><\/p>\n","protected":false},"excerpt":{"rendered":"<p>Anti-phosphates pour limiter la prolif\u00e9ration des algues dans les piscines.<\/p>\n","protected":false},"featured_media":143,"template":"","meta":[],"product_brand":[],"product_type":[2],"product_visibility":[],"product_cat":[151],"class_list":{"0":"post-338","1":"product","2":"type-product","3":"status-publish","4":"has-post-thumbnail","6":"product_cat-produitsentretien","7":"product_tag-anti-phosphate","8":"product_tag-curatif","9":"product_tag-preventif","11":"first","12":"instock","13":"shipping-taxable","14":"purchasable","15":"product-type-simple"},"acf":{"fiche_technique":null,"fiche_methode":null},"yoast_head":"<!-- This site is optimized with the Yoast SEO plugin v24.7 - https:\/\/yoast.com\/wordpress\/plugins\/seo\/ -->\n<title>anti-phosphates - Hydrapro<\/title>\n<meta name=\"robots\" content=\"noindex, follow, max-snippet:-1, max-image-preview:large, max-video-preview:-1\" \/>\n<meta property=\"og:locale\" content=\"en_US\" \/>\n<meta property=\"og:type\" content=\"article\" \/>\n<meta property=\"og:title\" content=\"anti-phosphates - Hydrapro\" \/>\n<meta property=\"og:description\" content=\"Anti-phosphates pour limiter la prolif\u00e9ration des algues dans les piscines.\" \/>\n<meta property=\"og:url\" content=\"https:\/\/staging.hydrapro.fr\/en\/produit\/anti-phosphates\/\" \/>\n<meta property=\"og:site_name\" content=\"Hydrapro\" \/>\n<meta property=\"article:modified_time\" content=\"2019-08-12T07:25:04+00:00\" \/>\n<meta property=\"og:image\" content=\"https:\/\/staging.hydrapro.fr\/app\/uploads\/2019\/08\/newsletter-algicide.jpg\" \/>\n\t<meta property=\"og:image:width\" content=\"424\" \/>\n\t<meta property=\"og:image:height\" content=\"251\" \/>\n\t<meta property=\"og:image:type\" content=\"image\/jpeg\" \/>\n<meta name=\"twitter:card\" content=\"summary_large_image\" \/>\n<meta name=\"twitter:label1\" content=\"Est. reading time\" \/>\n\t<meta name=\"twitter:data1\" content=\"1 minute\" \/>\n<script type=\"application\/ld+json\" class=\"yoast-schema-graph\">{\"@context\":\"https:\/\/schema.org\",\"@graph\":[{\"@type\":\"WebPage\",\"@id\":\"https:\/\/staging.hydrapro.fr\/en\/produit\/anti-phosphates\/\",\"url\":\"https:\/\/staging.hydrapro.fr\/en\/produit\/anti-phosphates\/\",\"name\":\"anti-phosphates - Hydrapro\",\"isPartOf\":{\"@id\":\"https:\/\/staging.hydrapro.fr\/#website\"},\"primaryImageOfPage\":{\"@id\":\"https:\/\/staging.hydrapro.fr\/en\/produit\/anti-phosphates\/#primaryimage\"},\"image\":{\"@id\":\"https:\/\/staging.hydrapro.fr\/en\/produit\/anti-phosphates\/#primaryimage\"},\"thumbnailUrl\":\"https:\/\/staging.hydrapro.fr\/app\/uploads\/2019\/08\/newsletter-algicide.jpg\",\"datePublished\":\"2019-08-12T07:25:03+00:00\",\"dateModified\":\"2019-08-12T07:25:04+00:00\",\"breadcrumb\":{\"@id\":\"https:\/\/staging.hydrapro.fr\/en\/produit\/anti-phosphates\/#breadcrumb\"},\"inLanguage\":\"en-US\",\"potentialAction\":[{\"@type\":\"ReadAction\",\"target\":[\"https:\/\/staging.hydrapro.fr\/en\/produit\/anti-phosphates\/\"]}]},{\"@type\":\"ImageObject\",\"inLanguage\":\"en-US\",\"@id\":\"https:\/\/staging.hydrapro.fr\/en\/produit\/anti-phosphates\/#primaryimage\",\"url\":\"https:\/\/staging.hydrapro.fr\/app\/uploads\/2019\/08\/newsletter-algicide.jpg\",\"contentUrl\":\"https:\/\/staging.hydrapro.fr\/app\/uploads\/2019\/08\/newsletter-algicide.jpg\",\"width\":424,\"height\":251},{\"@type\":\"BreadcrumbList\",\"@id\":\"https:\/\/staging.hydrapro.fr\/en\/produit\/anti-phosphates\/#breadcrumb\",\"itemListElement\":[{\"@type\":\"ListItem\",\"position\":1,\"name\":\"Home\",\"item\":\"https:\/\/staging.hydrapro.fr\/en\/\"},{\"@type\":\"ListItem\",\"position\":2,\"name\":\"Boutique\",\"item\":\"https:\/\/staging.hydrapro.fr\/boutique\/\"},{\"@type\":\"ListItem\",\"position\":3,\"name\":\"anti-phosphates\"}]},{\"@type\":\"WebSite\",\"@id\":\"https:\/\/staging.hydrapro.fr\/#website\",\"url\":\"https:\/\/staging.hydrapro.fr\/\",\"name\":\"Hydrapro\",\"description\":\"L&#039;\u00e9quilibre de l&#039;eau\",\"potentialAction\":[{\"@type\":\"SearchAction\",\"target\":{\"@type\":\"EntryPoint\",\"urlTemplate\":\"https:\/\/staging.hydrapro.fr\/?s={search_term_string}\"},\"query-input\":{\"@type\":\"PropertyValueSpecification\",\"valueRequired\":true,\"valueName\":\"search_term_string\"}}],\"inLanguage\":\"en-US\"}]}<\/script>\n<!-- \/ Yoast SEO plugin. -->","yoast_head_json":{"title":"anti-phosphates - Hydrapro","robots":{"index":"noindex","follow":"follow","max-snippet":"max-snippet:-1","max-image-preview":"max-image-preview:large","max-video-preview":"max-video-preview:-1"},"og_locale":"en_US","og_type":"article","og_title":"anti-phosphates - Hydrapro","og_description":"Anti-phosphates pour limiter la prolif\u00e9ration des algues dans les piscines.","og_url":"https:\/\/staging.hydrapro.fr\/en\/produit\/anti-phosphates\/","og_site_name":"Hydrapro","article_modified_time":"2019-08-12T07:25:04+00:00","og_image":[{"width":424,"height":251,"url":"https:\/\/staging.hydrapro.fr\/app\/uploads\/2019\/08\/newsletter-algicide.jpg","type":"image\/jpeg"}],"twitter_card":"summary_large_image","twitter_misc":{"Est. reading time":"1 minute"},"schema":{"@context":"https:\/\/schema.org","@graph":[{"@type":"WebPage","@id":"https:\/\/staging.hydrapro.fr\/en\/produit\/anti-phosphates\/","url":"https:\/\/staging.hydrapro.fr\/en\/produit\/anti-phosphates\/","name":"anti-phosphates - Hydrapro","isPartOf":{"@id":"https:\/\/staging.hydrapro.fr\/#website"},"primaryImageOfPage":{"@id":"https:\/\/staging.hydrapro.fr\/en\/produit\/anti-phosphates\/#primaryimage"},"image":{"@id":"https:\/\/staging.hydrapro.fr\/en\/produit\/anti-phosphates\/#primaryimage"},"thumbnailUrl":"https:\/\/staging.hydrapro.fr\/app\/uploads\/2019\/08\/newsletter-algicide.jpg","datePublished":"2019-08-12T07:25:03+00:00","dateModified":"2019-08-12T07:25:04+00:00","breadcrumb":{"@id":"https:\/\/staging.hydrapro.fr\/en\/produit\/anti-phosphates\/#breadcrumb"},"inLanguage":"en-US","potentialAction":[{"@type":"ReadAction","target":["https:\/\/staging.hydrapro.fr\/en\/produit\/anti-phosphates\/"]}]},{"@type":"ImageObject","inLanguage":"en-US","@id":"https:\/\/staging.hydrapro.fr\/en\/produit\/anti-phosphates\/#primaryimage","url":"https:\/\/staging.hydrapro.fr\/app\/uploads\/2019\/08\/newsletter-algicide.jpg","contentUrl":"https:\/\/staging.hydrapro.fr\/app\/uploads\/2019\/08\/newsletter-algicide.jpg","width":424,"height":251},{"@type":"BreadcrumbList","@id":"https:\/\/staging.hydrapro.fr\/en\/produit\/anti-phosphates\/#breadcrumb","itemListElement":[{"@type":"ListItem","position":1,"name":"Home","item":"https:\/\/staging.hydrapro.fr\/en\/"},{"@type":"ListItem","position":2,"name":"Boutique","item":"https:\/\/staging.hydrapro.fr\/boutique\/"},{"@type":"ListItem","position":3,"name":"anti-phosphates"}]},{"@type":"WebSite","@id":"https:\/\/staging.hydrapro.fr\/#website","url":"https:\/\/staging.hydrapro.fr\/","name":"Hydrapro","description":"L&#039;\u00e9quilibre de l&#039;eau","potentialAction":[{"@type":"SearchAction","target":{"@type":"EntryPoint","urlTemplate":"https:\/\/staging.hydrapro.fr\/?s={search_term_string}"},"query-input":{"@type":"PropertyValueSpecification","valueRequired":true,"valueName":"search_term_string"}}],"inLanguage":"en-US"}]}},"_links":{"self":[{"href":"https:\/\/staging.hydrapro.fr\/en\/wp-json\/wp\/v2\/product\/338","targetHints":{"allow":["GET"]}}],"collection":[{"href":"https:\/\/staging.hydrapro.fr\/en\/wp-json\/wp\/v2\/product"}],"about":[{"href":"https:\/\/staging.hydrapro.fr\/en\/wp-json\/wp\/v2\/types\/product"}],"wp:featuredmedia":[{"embeddable":true,"href":"https:\/\/staging.hydrapro.fr\/en\/wp-json\/wp\/v2\/media\/143"}],"wp:attachment":[{"href":"https:\/\/staging.hydrapro.fr\/en\/wp-json\/wp\/v2\/media?parent=338"}],"wp:term":[{"taxonomy":"product_brand","embeddable":true,"href":"https:\/\/staging.hydrapro.fr\/en\/wp-json\/wp\/v2\/product_brand?post=338"},{"taxonomy":"product_type","embeddable":true,"href":"https:\/\/staging.hydrapro.fr\/en\/wp-json\/wp\/v2\/product_type?post=338"},{"taxonomy":"product_visibility","embeddable":true,"href":"https:\/\/staging.hydrapro.fr\/en\/wp-json\/wp\/v2\/product_visibility?post=338"},{"taxonomy":"product_cat","embeddable":true,"href":"https:\/\/staging.hydrapro.fr\/en\/wp-json\/wp\/v2\/product_cat?post=338"}],"curies":[{"name":"wp","href":"https:\/\/api.w.org\/{rel}","templated":true}]}}