{"id":335,"date":"2019-08-12T09:25:00","date_gmt":"2019-08-12T07:25:00","guid":{"rendered":"https:\/\/staging.hydrapro.fr\/product\/hivernage-purissimeau\/"},"modified":"2019-10-10T09:19:11","modified_gmt":"2019-10-10T07:19:11","slug":"hivernage-purissimeau","status":"publish","type":"product","link":"https:\/\/staging.hydrapro.fr\/en\/produit\/hivernage-purissimeau\/","title":{"rendered":"Hivernage"},"content":{"rendered":"<p><strong>Hivernage liquide assure une action anti-algues et anti-calcaire sp\u00e9cialement pour l&#8217;hiver de votre piscine.<\/strong><\/p>\n<p>L&#8217;Hivernage est un produit permettant d&#8217;emp\u00eacher la formation d&#8217;algues et de d\u00e9p\u00f4ts de calcaire durant l&#8217;hiver. Ce produit se verse directement dans le bassin apr\u00e8s la saison de baignade. C&#8217;est un liquide tr\u00e8s peu moussant pour les traitements d&#8217;hiver.<\/p>\n<p><strong>Dosage pour une duret\u00e9 inf\u00e9rieur \u00e0 35\u00b0F : 300 \u00e0 500 mL pour 10 m\u00b3.<br \/>\nDosage pour une duret\u00e9 sup\u00e9rieur \u00e0 35\u00b0F : 500 \u00e0 700 mL pour 10 m\u00b3. <\/p>\n<p>Disponible en carton de 4 x 5 L et en bidon de 20 L\u00b3<\/strong><\/p>\n<p class=\"y-product y-product__product-subtitle\">Avantage :<\/p>\n<p>Permet de lutter contre les algues pendant l&#8217;hiver. <\/p>\n<p>Produit fabriqu\u00e9 en France.<\/p>\n<p><em>Utiliser les biocides avec pr\u00e9caution. Avant toute utilisation, lire l&#8217;\u00e9tiquette et les informations concernant le produit.<br \/>\nLes photos et coloris des produits ne sont pas contractuels.<\/em><\/p>\n","protected":false},"excerpt":{"rendered":"<p>Hivernage peu moussant.<\/p>\n","protected":false},"featured_media":1350,"template":"","meta":[],"product_brand":[],"product_type":[2],"product_visibility":[],"product_cat":[150,165,174],"class_list":{"0":"post-335","1":"product","2":"type-product","3":"status-publish","4":"has-post-thumbnail","6":"product_cat-produitsalgicide","7":"product_cat-marquesalgicide","8":"product_cat-produits-produitsalgicidehivernage","9":"product_tag-algicide-2","10":"product_tag-anti-algue","11":"product_tag-anti-calcaire","12":"product_tag-hivernage","13":"product_tag-piscine","14":"product_tag-traitement","16":"first","17":"instock","18":"shipping-taxable","19":"product-type-simple"},"acf":{"fiche_technique":"https:\/\/staging.hydrapro.fr\/app\/uploads\/2019\/08\/FT-0501-HIVERNAGE.pdf","fiche_methode":""},"yoast_head":"<!-- This site is optimized with the Yoast SEO plugin v24.7 - https:\/\/yoast.com\/wordpress\/plugins\/seo\/ -->\n<title>Hivernage - Hydrapro<\/title>\n<meta name=\"robots\" content=\"noindex, follow, max-snippet:-1, max-image-preview:large, max-video-preview:-1\" \/>\n<meta property=\"og:locale\" content=\"en_US\" \/>\n<meta property=\"og:type\" content=\"article\" \/>\n<meta property=\"og:title\" content=\"Hivernage - Hydrapro\" \/>\n<meta property=\"og:description\" content=\"Hivernage peu moussant.\" \/>\n<meta property=\"og:url\" content=\"https:\/\/staging.hydrapro.fr\/en\/produit\/hivernage-purissimeau\/\" \/>\n<meta property=\"og:site_name\" content=\"Hydrapro\" \/>\n<meta property=\"article:modified_time\" content=\"2019-10-10T07:19:11+00:00\" \/>\n<meta property=\"og:image\" content=\"https:\/\/staging.hydrapro.fr\/app\/uploads\/2019\/10\/0501_HIVERNAGE_5L.png\" \/>\n\t<meta property=\"og:image:width\" content=\"600\" \/>\n\t<meta property=\"og:image:height\" content=\"930\" \/>\n\t<meta property=\"og:image:type\" content=\"image\/png\" \/>\n<meta name=\"twitter:card\" content=\"summary_large_image\" \/>\n<meta name=\"twitter:label1\" content=\"Est. reading time\" \/>\n\t<meta name=\"twitter:data1\" content=\"1 minute\" \/>\n<script type=\"application\/ld+json\" class=\"yoast-schema-graph\">{\"@context\":\"https:\/\/schema.org\",\"@graph\":[{\"@type\":\"WebPage\",\"@id\":\"https:\/\/staging.hydrapro.fr\/en\/produit\/hivernage-purissimeau\/\",\"url\":\"https:\/\/staging.hydrapro.fr\/en\/produit\/hivernage-purissimeau\/\",\"name\":\"Hivernage - Hydrapro\",\"isPartOf\":{\"@id\":\"https:\/\/staging.hydrapro.fr\/#website\"},\"primaryImageOfPage\":{\"@id\":\"https:\/\/staging.hydrapro.fr\/en\/produit\/hivernage-purissimeau\/#primaryimage\"},\"image\":{\"@id\":\"https:\/\/staging.hydrapro.fr\/en\/produit\/hivernage-purissimeau\/#primaryimage\"},\"thumbnailUrl\":\"https:\/\/staging.hydrapro.fr\/app\/uploads\/2019\/10\/0501_HIVERNAGE_5L.png\",\"datePublished\":\"2019-08-12T07:25:00+00:00\",\"dateModified\":\"2019-10-10T07:19:11+00:00\",\"breadcrumb\":{\"@id\":\"https:\/\/staging.hydrapro.fr\/en\/produit\/hivernage-purissimeau\/#breadcrumb\"},\"inLanguage\":\"en-US\",\"potentialAction\":[{\"@type\":\"ReadAction\",\"target\":[\"https:\/\/staging.hydrapro.fr\/en\/produit\/hivernage-purissimeau\/\"]}]},{\"@type\":\"ImageObject\",\"inLanguage\":\"en-US\",\"@id\":\"https:\/\/staging.hydrapro.fr\/en\/produit\/hivernage-purissimeau\/#primaryimage\",\"url\":\"https:\/\/staging.hydrapro.fr\/app\/uploads\/2019\/10\/0501_HIVERNAGE_5L.png\",\"contentUrl\":\"https:\/\/staging.hydrapro.fr\/app\/uploads\/2019\/10\/0501_HIVERNAGE_5L.png\",\"width\":600,\"height\":930},{\"@type\":\"BreadcrumbList\",\"@id\":\"https:\/\/staging.hydrapro.fr\/en\/produit\/hivernage-purissimeau\/#breadcrumb\",\"itemListElement\":[{\"@type\":\"ListItem\",\"position\":1,\"name\":\"Home\",\"item\":\"https:\/\/staging.hydrapro.fr\/en\/\"},{\"@type\":\"ListItem\",\"position\":2,\"name\":\"Boutique\",\"item\":\"https:\/\/staging.hydrapro.fr\/boutique\/\"},{\"@type\":\"ListItem\",\"position\":3,\"name\":\"Hivernage\"}]},{\"@type\":\"WebSite\",\"@id\":\"https:\/\/staging.hydrapro.fr\/#website\",\"url\":\"https:\/\/staging.hydrapro.fr\/\",\"name\":\"Hydrapro\",\"description\":\"L&#039;\u00e9quilibre de l&#039;eau\",\"potentialAction\":[{\"@type\":\"SearchAction\",\"target\":{\"@type\":\"EntryPoint\",\"urlTemplate\":\"https:\/\/staging.hydrapro.fr\/?s={search_term_string}\"},\"query-input\":{\"@type\":\"PropertyValueSpecification\",\"valueRequired\":true,\"valueName\":\"search_term_string\"}}],\"inLanguage\":\"en-US\"}]}<\/script>\n<!-- \/ Yoast SEO plugin. -->","yoast_head_json":{"title":"Hivernage - Hydrapro","robots":{"index":"noindex","follow":"follow","max-snippet":"max-snippet:-1","max-image-preview":"max-image-preview:large","max-video-preview":"max-video-preview:-1"},"og_locale":"en_US","og_type":"article","og_title":"Hivernage - Hydrapro","og_description":"Hivernage peu moussant.","og_url":"https:\/\/staging.hydrapro.fr\/en\/produit\/hivernage-purissimeau\/","og_site_name":"Hydrapro","article_modified_time":"2019-10-10T07:19:11+00:00","og_image":[{"width":600,"height":930,"url":"https:\/\/staging.hydrapro.fr\/app\/uploads\/2019\/10\/0501_HIVERNAGE_5L.png","type":"image\/png"}],"twitter_card":"summary_large_image","twitter_misc":{"Est. reading time":"1 minute"},"schema":{"@context":"https:\/\/schema.org","@graph":[{"@type":"WebPage","@id":"https:\/\/staging.hydrapro.fr\/en\/produit\/hivernage-purissimeau\/","url":"https:\/\/staging.hydrapro.fr\/en\/produit\/hivernage-purissimeau\/","name":"Hivernage - Hydrapro","isPartOf":{"@id":"https:\/\/staging.hydrapro.fr\/#website"},"primaryImageOfPage":{"@id":"https:\/\/staging.hydrapro.fr\/en\/produit\/hivernage-purissimeau\/#primaryimage"},"image":{"@id":"https:\/\/staging.hydrapro.fr\/en\/produit\/hivernage-purissimeau\/#primaryimage"},"thumbnailUrl":"https:\/\/staging.hydrapro.fr\/app\/uploads\/2019\/10\/0501_HIVERNAGE_5L.png","datePublished":"2019-08-12T07:25:00+00:00","dateModified":"2019-10-10T07:19:11+00:00","breadcrumb":{"@id":"https:\/\/staging.hydrapro.fr\/en\/produit\/hivernage-purissimeau\/#breadcrumb"},"inLanguage":"en-US","potentialAction":[{"@type":"ReadAction","target":["https:\/\/staging.hydrapro.fr\/en\/produit\/hivernage-purissimeau\/"]}]},{"@type":"ImageObject","inLanguage":"en-US","@id":"https:\/\/staging.hydrapro.fr\/en\/produit\/hivernage-purissimeau\/#primaryimage","url":"https:\/\/staging.hydrapro.fr\/app\/uploads\/2019\/10\/0501_HIVERNAGE_5L.png","contentUrl":"https:\/\/staging.hydrapro.fr\/app\/uploads\/2019\/10\/0501_HIVERNAGE_5L.png","width":600,"height":930},{"@type":"BreadcrumbList","@id":"https:\/\/staging.hydrapro.fr\/en\/produit\/hivernage-purissimeau\/#breadcrumb","itemListElement":[{"@type":"ListItem","position":1,"name":"Home","item":"https:\/\/staging.hydrapro.fr\/en\/"},{"@type":"ListItem","position":2,"name":"Boutique","item":"https:\/\/staging.hydrapro.fr\/boutique\/"},{"@type":"ListItem","position":3,"name":"Hivernage"}]},{"@type":"WebSite","@id":"https:\/\/staging.hydrapro.fr\/#website","url":"https:\/\/staging.hydrapro.fr\/","name":"Hydrapro","description":"L&#039;\u00e9quilibre de l&#039;eau","potentialAction":[{"@type":"SearchAction","target":{"@type":"EntryPoint","urlTemplate":"https:\/\/staging.hydrapro.fr\/?s={search_term_string}"},"query-input":{"@type":"PropertyValueSpecification","valueRequired":true,"valueName":"search_term_string"}}],"inLanguage":"en-US"}]}},"_links":{"self":[{"href":"https:\/\/staging.hydrapro.fr\/en\/wp-json\/wp\/v2\/product\/335","targetHints":{"allow":["GET"]}}],"collection":[{"href":"https:\/\/staging.hydrapro.fr\/en\/wp-json\/wp\/v2\/product"}],"about":[{"href":"https:\/\/staging.hydrapro.fr\/en\/wp-json\/wp\/v2\/types\/product"}],"wp:featuredmedia":[{"embeddable":true,"href":"https:\/\/staging.hydrapro.fr\/en\/wp-json\/wp\/v2\/media\/1350"}],"wp:attachment":[{"href":"https:\/\/staging.hydrapro.fr\/en\/wp-json\/wp\/v2\/media?parent=335"}],"wp:term":[{"taxonomy":"product_brand","embeddable":true,"href":"https:\/\/staging.hydrapro.fr\/en\/wp-json\/wp\/v2\/product_brand?post=335"},{"taxonomy":"product_type","embeddable":true,"href":"https:\/\/staging.hydrapro.fr\/en\/wp-json\/wp\/v2\/product_type?post=335"},{"taxonomy":"product_visibility","embeddable":true,"href":"https:\/\/staging.hydrapro.fr\/en\/wp-json\/wp\/v2\/product_visibility?post=335"},{"taxonomy":"product_cat","embeddable":true,"href":"https:\/\/staging.hydrapro.fr\/en\/wp-json\/wp\/v2\/product_cat?post=335"}],"curies":[{"name":"wp","href":"https:\/\/api.w.org\/{rel}","templated":true}]}}