{"id":334,"date":"2019-08-12T09:24:59","date_gmt":"2019-08-12T07:24:59","guid":{"rendered":"https:\/\/staging.hydrapro.fr\/product\/algicide-200-purissimeau\/"},"modified":"2019-10-10T09:16:24","modified_gmt":"2019-10-10T07:16:24","slug":"algicide-200-purissimeau","status":"publish","type":"product","link":"https:\/\/staging.hydrapro.fr\/en\/produit\/algicide-200-purissimeau\/","title":{"rendered":"Algicide 200"},"content":{"rendered":"<p><strong>Algicide 200 liquide assure une action anti-algues pr\u00e9ventive et curative et une \u00e9limination des bact\u00e9ries pour l&#8217;eau de votre piscine.<\/strong><\/p>\n<p>L&#8217;Algicide 200 est un produit anti-algues permettant de d\u00e9truire et d&#8217;emp\u00eacher la formation des micros algues dans votre piscine. Il supprime \u00e9galement toutes les bact\u00e9ries pr\u00e9sentes dans l&#8217;eau. Ce produit n&#8217;occasionne aucune g\u00eane pour les yeux et aucune irritation pour la peau.<br \/>\nL&#8217;Algicide 200 est compatible avec tous les types de traitements, de rev\u00eatements et de filtration des piscines.<\/p>\n<p><strong>Dosage pour le traitement initial : 150 mL pour 10 m\u00b3.<br \/>\nDosage pour le traitement hebdomadaire : 5 mL pour 10 m\u00b3.<br \/>\nDosage pour le traitement curatif : 250 mL pour 10 m3 et ajouter 10 pastilles de Chlore Choc pastilles 20 g. <\/p>\n<p>Disponible en carton de 6 x 1 L et 4 x 5 L et en bidon de 20 L<\/strong><\/p>\n<p class=\"y-product y-product__product-subtitle\">Avantage :<\/p>\n<p>Anti-algues concentr\u00e9 pr\u00e9ventif et curatif non moussant. <\/p>\n<p>Produit fabriqu\u00e9 en France.<\/p>\n<p>Pour un usage pr\u00e9ventif, le traitement doit \u00eatre hebdomadaire avec un syst\u00e8me de filtration en marche pour faciliter une action homog\u00e8ne.<\/p>\n<p><em>Utiliser les biocides avec pr\u00e9caution. Avant toute utilisation, lire l&#8217;\u00e9tiquette et les informations concernant le produit.<br \/>\nLes photos et coloris des produits ne sont pas contractuels.<\/em><\/p>\n","protected":false},"excerpt":{"rendered":"<p>Algicide non moussant.<\/p>\n","protected":false},"featured_media":1341,"template":"","meta":[],"product_brand":[],"product_type":[2],"product_visibility":[],"product_cat":[165,173,150,166],"class_list":{"0":"post-334","1":"product","2":"type-product","3":"status-publish","4":"has-post-thumbnail","6":"product_cat-marquesalgicide","7":"product_cat-produits-produitsalgicidealgicide","8":"product_cat-produitsalgicide","9":"product_cat-typologiesliquide","10":"product_tag-algicide-2","11":"product_tag-anti-algue","12":"product_tag-curatif","13":"product_tag-preventif","14":"product_tag-traitement","16":"first","17":"instock","18":"shipping-taxable","19":"product-type-simple"},"acf":{"fiche_technique":"https:\/\/staging.hydrapro.fr\/app\/uploads\/2019\/08\/FT-0045-ALGICIDE-200.pdf","fiche_methode":""},"yoast_head":"<!-- This site is optimized with the Yoast SEO plugin v24.7 - https:\/\/yoast.com\/wordpress\/plugins\/seo\/ -->\n<title>Algicide 200 - Hydrapro<\/title>\n<meta name=\"robots\" content=\"noindex, follow, max-snippet:-1, max-image-preview:large, max-video-preview:-1\" \/>\n<meta property=\"og:locale\" content=\"en_US\" \/>\n<meta property=\"og:type\" content=\"article\" \/>\n<meta property=\"og:title\" content=\"Algicide 200 - Hydrapro\" \/>\n<meta property=\"og:description\" content=\"Algicide non moussant.\" \/>\n<meta property=\"og:url\" content=\"https:\/\/staging.hydrapro.fr\/en\/produit\/algicide-200-purissimeau\/\" \/>\n<meta property=\"og:site_name\" content=\"Hydrapro\" \/>\n<meta property=\"article:modified_time\" content=\"2019-10-10T07:16:24+00:00\" \/>\n<meta property=\"og:image\" content=\"https:\/\/staging.hydrapro.fr\/app\/uploads\/2019\/10\/0045_ALGICIDE_200_5L.png\" \/>\n\t<meta property=\"og:image:width\" content=\"600\" \/>\n\t<meta property=\"og:image:height\" content=\"908\" \/>\n\t<meta property=\"og:image:type\" content=\"image\/png\" \/>\n<meta name=\"twitter:card\" content=\"summary_large_image\" \/>\n<meta name=\"twitter:label1\" content=\"Est. reading time\" \/>\n\t<meta name=\"twitter:data1\" content=\"1 minute\" \/>\n<script type=\"application\/ld+json\" class=\"yoast-schema-graph\">{\"@context\":\"https:\/\/schema.org\",\"@graph\":[{\"@type\":\"WebPage\",\"@id\":\"https:\/\/staging.hydrapro.fr\/en\/produit\/algicide-200-purissimeau\/\",\"url\":\"https:\/\/staging.hydrapro.fr\/en\/produit\/algicide-200-purissimeau\/\",\"name\":\"Algicide 200 - Hydrapro\",\"isPartOf\":{\"@id\":\"https:\/\/staging.hydrapro.fr\/#website\"},\"primaryImageOfPage\":{\"@id\":\"https:\/\/staging.hydrapro.fr\/en\/produit\/algicide-200-purissimeau\/#primaryimage\"},\"image\":{\"@id\":\"https:\/\/staging.hydrapro.fr\/en\/produit\/algicide-200-purissimeau\/#primaryimage\"},\"thumbnailUrl\":\"https:\/\/staging.hydrapro.fr\/app\/uploads\/2019\/10\/0045_ALGICIDE_200_5L.png\",\"datePublished\":\"2019-08-12T07:24:59+00:00\",\"dateModified\":\"2019-10-10T07:16:24+00:00\",\"breadcrumb\":{\"@id\":\"https:\/\/staging.hydrapro.fr\/en\/produit\/algicide-200-purissimeau\/#breadcrumb\"},\"inLanguage\":\"en-US\",\"potentialAction\":[{\"@type\":\"ReadAction\",\"target\":[\"https:\/\/staging.hydrapro.fr\/en\/produit\/algicide-200-purissimeau\/\"]}]},{\"@type\":\"ImageObject\",\"inLanguage\":\"en-US\",\"@id\":\"https:\/\/staging.hydrapro.fr\/en\/produit\/algicide-200-purissimeau\/#primaryimage\",\"url\":\"https:\/\/staging.hydrapro.fr\/app\/uploads\/2019\/10\/0045_ALGICIDE_200_5L.png\",\"contentUrl\":\"https:\/\/staging.hydrapro.fr\/app\/uploads\/2019\/10\/0045_ALGICIDE_200_5L.png\",\"width\":600,\"height\":908},{\"@type\":\"BreadcrumbList\",\"@id\":\"https:\/\/staging.hydrapro.fr\/en\/produit\/algicide-200-purissimeau\/#breadcrumb\",\"itemListElement\":[{\"@type\":\"ListItem\",\"position\":1,\"name\":\"Home\",\"item\":\"https:\/\/staging.hydrapro.fr\/en\/\"},{\"@type\":\"ListItem\",\"position\":2,\"name\":\"Boutique\",\"item\":\"https:\/\/staging.hydrapro.fr\/boutique\/\"},{\"@type\":\"ListItem\",\"position\":3,\"name\":\"Algicide 200\"}]},{\"@type\":\"WebSite\",\"@id\":\"https:\/\/staging.hydrapro.fr\/#website\",\"url\":\"https:\/\/staging.hydrapro.fr\/\",\"name\":\"Hydrapro\",\"description\":\"L&#039;\u00e9quilibre de l&#039;eau\",\"potentialAction\":[{\"@type\":\"SearchAction\",\"target\":{\"@type\":\"EntryPoint\",\"urlTemplate\":\"https:\/\/staging.hydrapro.fr\/?s={search_term_string}\"},\"query-input\":{\"@type\":\"PropertyValueSpecification\",\"valueRequired\":true,\"valueName\":\"search_term_string\"}}],\"inLanguage\":\"en-US\"}]}<\/script>\n<!-- \/ Yoast SEO plugin. -->","yoast_head_json":{"title":"Algicide 200 - Hydrapro","robots":{"index":"noindex","follow":"follow","max-snippet":"max-snippet:-1","max-image-preview":"max-image-preview:large","max-video-preview":"max-video-preview:-1"},"og_locale":"en_US","og_type":"article","og_title":"Algicide 200 - Hydrapro","og_description":"Algicide non moussant.","og_url":"https:\/\/staging.hydrapro.fr\/en\/produit\/algicide-200-purissimeau\/","og_site_name":"Hydrapro","article_modified_time":"2019-10-10T07:16:24+00:00","og_image":[{"width":600,"height":908,"url":"https:\/\/staging.hydrapro.fr\/app\/uploads\/2019\/10\/0045_ALGICIDE_200_5L.png","type":"image\/png"}],"twitter_card":"summary_large_image","twitter_misc":{"Est. reading time":"1 minute"},"schema":{"@context":"https:\/\/schema.org","@graph":[{"@type":"WebPage","@id":"https:\/\/staging.hydrapro.fr\/en\/produit\/algicide-200-purissimeau\/","url":"https:\/\/staging.hydrapro.fr\/en\/produit\/algicide-200-purissimeau\/","name":"Algicide 200 - Hydrapro","isPartOf":{"@id":"https:\/\/staging.hydrapro.fr\/#website"},"primaryImageOfPage":{"@id":"https:\/\/staging.hydrapro.fr\/en\/produit\/algicide-200-purissimeau\/#primaryimage"},"image":{"@id":"https:\/\/staging.hydrapro.fr\/en\/produit\/algicide-200-purissimeau\/#primaryimage"},"thumbnailUrl":"https:\/\/staging.hydrapro.fr\/app\/uploads\/2019\/10\/0045_ALGICIDE_200_5L.png","datePublished":"2019-08-12T07:24:59+00:00","dateModified":"2019-10-10T07:16:24+00:00","breadcrumb":{"@id":"https:\/\/staging.hydrapro.fr\/en\/produit\/algicide-200-purissimeau\/#breadcrumb"},"inLanguage":"en-US","potentialAction":[{"@type":"ReadAction","target":["https:\/\/staging.hydrapro.fr\/en\/produit\/algicide-200-purissimeau\/"]}]},{"@type":"ImageObject","inLanguage":"en-US","@id":"https:\/\/staging.hydrapro.fr\/en\/produit\/algicide-200-purissimeau\/#primaryimage","url":"https:\/\/staging.hydrapro.fr\/app\/uploads\/2019\/10\/0045_ALGICIDE_200_5L.png","contentUrl":"https:\/\/staging.hydrapro.fr\/app\/uploads\/2019\/10\/0045_ALGICIDE_200_5L.png","width":600,"height":908},{"@type":"BreadcrumbList","@id":"https:\/\/staging.hydrapro.fr\/en\/produit\/algicide-200-purissimeau\/#breadcrumb","itemListElement":[{"@type":"ListItem","position":1,"name":"Home","item":"https:\/\/staging.hydrapro.fr\/en\/"},{"@type":"ListItem","position":2,"name":"Boutique","item":"https:\/\/staging.hydrapro.fr\/boutique\/"},{"@type":"ListItem","position":3,"name":"Algicide 200"}]},{"@type":"WebSite","@id":"https:\/\/staging.hydrapro.fr\/#website","url":"https:\/\/staging.hydrapro.fr\/","name":"Hydrapro","description":"L&#039;\u00e9quilibre de l&#039;eau","potentialAction":[{"@type":"SearchAction","target":{"@type":"EntryPoint","urlTemplate":"https:\/\/staging.hydrapro.fr\/?s={search_term_string}"},"query-input":{"@type":"PropertyValueSpecification","valueRequired":true,"valueName":"search_term_string"}}],"inLanguage":"en-US"}]}},"_links":{"self":[{"href":"https:\/\/staging.hydrapro.fr\/en\/wp-json\/wp\/v2\/product\/334","targetHints":{"allow":["GET"]}}],"collection":[{"href":"https:\/\/staging.hydrapro.fr\/en\/wp-json\/wp\/v2\/product"}],"about":[{"href":"https:\/\/staging.hydrapro.fr\/en\/wp-json\/wp\/v2\/types\/product"}],"wp:featuredmedia":[{"embeddable":true,"href":"https:\/\/staging.hydrapro.fr\/en\/wp-json\/wp\/v2\/media\/1341"}],"wp:attachment":[{"href":"https:\/\/staging.hydrapro.fr\/en\/wp-json\/wp\/v2\/media?parent=334"}],"wp:term":[{"taxonomy":"product_brand","embeddable":true,"href":"https:\/\/staging.hydrapro.fr\/en\/wp-json\/wp\/v2\/product_brand?post=334"},{"taxonomy":"product_type","embeddable":true,"href":"https:\/\/staging.hydrapro.fr\/en\/wp-json\/wp\/v2\/product_type?post=334"},{"taxonomy":"product_visibility","embeddable":true,"href":"https:\/\/staging.hydrapro.fr\/en\/wp-json\/wp\/v2\/product_visibility?post=334"},{"taxonomy":"product_cat","embeddable":true,"href":"https:\/\/staging.hydrapro.fr\/en\/wp-json\/wp\/v2\/product_cat?post=334"}],"curies":[{"name":"wp","href":"https:\/\/api.w.org\/{rel}","templated":true}]}}