{"id":329,"date":"2019-08-12T09:24:54","date_gmt":"2019-08-12T07:24:54","guid":{"rendered":"https:\/\/staging.hydrapro.fr\/product\/activateur-de-brome-purissimeau\/"},"modified":"2019-10-10T09:17:14","modified_gmt":"2019-10-10T07:17:14","slug":"activateur-de-brome-purissimeau","status":"publish","type":"product","link":"https:\/\/staging.hydrapro.fr\/en\/produit\/activateur-de-brome-purissimeau\/","title":{"rendered":"Activateur de Brome"},"content":{"rendered":"<p><strong>Activateur de brome en granul\u00e9s qui assure une r\u00e9g\u00e9n\u00e9ration du brome et une d\u00e9sinfection choc pour l&#8217;eau de votre piscine.<\/strong><\/p>\n<p>Lors d&#8217;un traitement au brome, l&#8217;activateur de brome est un produit d\u00e9sinfectant permettant d&#8217;\u00e9liminer les impuret\u00e9s organiques pr\u00e9sentes dans l&#8217;eau et de r\u00e9g\u00e9n\u00e9rer le brome.<br \/>\nLors d&#8217;un traitement au chlore, il \u00e9limine l&#8217;eau trouble, accro\u00eet sa limpidit\u00e9 et r\u00e9duit les irritations des yeux ainsi que l&#8217;odeur du chlore en d\u00e9truisant les chloramines.<br \/>\nL&#8217;activateur de brome se pr\u00e9sente en granul\u00e9s et il s&#8217;ajoute devant les buses de refoulement. Une fois le produit ins\u00e9r\u00e9, il faut laisser fonctionner la filtration de votre piscine.<br \/>\nCe produit est \u00e0 utiliser dans des piscines priv\u00e9es et non collectives.<\/p>\n<p><strong>Dosage pour un traitement choc : 200 g pour 10 m\u00b3.<br \/>\nDosage pour un traitement hebdomadaire : 100 g pour 10 m\u00b3. <\/p>\n<p>Disponible en seau de 5 kg.<\/strong><\/p>\n<p class=\"y-product y-product__product-subtitle\">Avantage :<\/p>\n<p>Pour une d\u00e9sinfection choc sans odeur, sans irritation et une eau agr\u00e9able.  <\/p>\n<p>Produit conditionn\u00e9 en France.<\/p>\n<p>Ne doit jamais \u00eatre mis en contact avec le liner ou la coque de votre piscine.<\/p>\n<p><em>Utiliser les biocides avec pr\u00e9caution. Avant toute utilisation, lire l&#8217;\u00e9tiquette et les informations concernant le produit.<br \/>\nLes photos et coloris des produits ne sont pas contractuels.<\/em><\/p>\n","protected":false},"excerpt":{"rendered":"<p>R\u00e9g\u00e9n\u00e9ration du brome et d\u00e9sinfection choc.<\/p>\n","protected":false},"featured_media":1315,"template":"","meta":[],"product_brand":[],"product_type":[2],"product_visibility":[],"product_cat":[154,162,170,182],"class_list":{"0":"post-329","1":"product","2":"type-product","3":"status-publish","4":"has-post-thumbnail","6":"product_cat-produitsdesinfection","7":"product_cat-marquesdsinfection","8":"product_cat-typologiesgranul","9":"product_cat-produits-produitsdsinfectionoxygne-actif","10":"product_tag-activateur","11":"product_tag-brome","12":"product_tag-piscine-privee","13":"product_tag-traitement","15":"first","16":"instock","17":"shipping-taxable","18":"product-type-simple"},"acf":{"fiche_technique":"https:\/\/staging.hydrapro.fr\/app\/uploads\/2019\/08\/FT-0179-OXYGENE-ACTIF-POUDRE.pdf","fiche_methode":""},"yoast_head":"<!-- This site is optimized with the Yoast SEO plugin v24.7 - https:\/\/yoast.com\/wordpress\/plugins\/seo\/ -->\n<title>Activateur de Brome - Hydrapro<\/title>\n<meta name=\"robots\" content=\"noindex, follow, max-snippet:-1, max-image-preview:large, max-video-preview:-1\" \/>\n<meta property=\"og:locale\" content=\"en_US\" \/>\n<meta property=\"og:type\" content=\"article\" \/>\n<meta property=\"og:title\" content=\"Activateur de Brome - Hydrapro\" \/>\n<meta property=\"og:description\" content=\"R\u00e9g\u00e9n\u00e9ration du brome et d\u00e9sinfection choc.\" \/>\n<meta property=\"og:url\" content=\"https:\/\/staging.hydrapro.fr\/en\/produit\/activateur-de-brome-purissimeau\/\" \/>\n<meta property=\"og:site_name\" content=\"Hydrapro\" \/>\n<meta property=\"article:modified_time\" content=\"2019-10-10T07:17:14+00:00\" \/>\n<meta property=\"og:image\" content=\"https:\/\/staging.hydrapro.fr\/app\/uploads\/2019\/10\/0179-ACTIVATEUR-DE-BROME-5KG-1.png\" \/>\n\t<meta property=\"og:image:width\" content=\"600\" \/>\n\t<meta property=\"og:image:height\" content=\"779\" \/>\n\t<meta property=\"og:image:type\" content=\"image\/png\" \/>\n<meta name=\"twitter:card\" content=\"summary_large_image\" \/>\n<meta name=\"twitter:label1\" content=\"Est. reading time\" \/>\n\t<meta name=\"twitter:data1\" content=\"1 minute\" \/>\n<script type=\"application\/ld+json\" class=\"yoast-schema-graph\">{\"@context\":\"https:\/\/schema.org\",\"@graph\":[{\"@type\":\"WebPage\",\"@id\":\"https:\/\/staging.hydrapro.fr\/en\/produit\/activateur-de-brome-purissimeau\/\",\"url\":\"https:\/\/staging.hydrapro.fr\/en\/produit\/activateur-de-brome-purissimeau\/\",\"name\":\"Activateur de Brome - Hydrapro\",\"isPartOf\":{\"@id\":\"https:\/\/staging.hydrapro.fr\/#website\"},\"primaryImageOfPage\":{\"@id\":\"https:\/\/staging.hydrapro.fr\/en\/produit\/activateur-de-brome-purissimeau\/#primaryimage\"},\"image\":{\"@id\":\"https:\/\/staging.hydrapro.fr\/en\/produit\/activateur-de-brome-purissimeau\/#primaryimage\"},\"thumbnailUrl\":\"https:\/\/staging.hydrapro.fr\/app\/uploads\/2019\/10\/0179-ACTIVATEUR-DE-BROME-5KG-1.png\",\"datePublished\":\"2019-08-12T07:24:54+00:00\",\"dateModified\":\"2019-10-10T07:17:14+00:00\",\"breadcrumb\":{\"@id\":\"https:\/\/staging.hydrapro.fr\/en\/produit\/activateur-de-brome-purissimeau\/#breadcrumb\"},\"inLanguage\":\"en-US\",\"potentialAction\":[{\"@type\":\"ReadAction\",\"target\":[\"https:\/\/staging.hydrapro.fr\/en\/produit\/activateur-de-brome-purissimeau\/\"]}]},{\"@type\":\"ImageObject\",\"inLanguage\":\"en-US\",\"@id\":\"https:\/\/staging.hydrapro.fr\/en\/produit\/activateur-de-brome-purissimeau\/#primaryimage\",\"url\":\"https:\/\/staging.hydrapro.fr\/app\/uploads\/2019\/10\/0179-ACTIVATEUR-DE-BROME-5KG-1.png\",\"contentUrl\":\"https:\/\/staging.hydrapro.fr\/app\/uploads\/2019\/10\/0179-ACTIVATEUR-DE-BROME-5KG-1.png\",\"width\":600,\"height\":779},{\"@type\":\"BreadcrumbList\",\"@id\":\"https:\/\/staging.hydrapro.fr\/en\/produit\/activateur-de-brome-purissimeau\/#breadcrumb\",\"itemListElement\":[{\"@type\":\"ListItem\",\"position\":1,\"name\":\"Home\",\"item\":\"https:\/\/staging.hydrapro.fr\/en\/\"},{\"@type\":\"ListItem\",\"position\":2,\"name\":\"Boutique\",\"item\":\"https:\/\/staging.hydrapro.fr\/boutique\/\"},{\"@type\":\"ListItem\",\"position\":3,\"name\":\"Activateur de Brome\"}]},{\"@type\":\"WebSite\",\"@id\":\"https:\/\/staging.hydrapro.fr\/#website\",\"url\":\"https:\/\/staging.hydrapro.fr\/\",\"name\":\"Hydrapro\",\"description\":\"L&#039;\u00e9quilibre de l&#039;eau\",\"potentialAction\":[{\"@type\":\"SearchAction\",\"target\":{\"@type\":\"EntryPoint\",\"urlTemplate\":\"https:\/\/staging.hydrapro.fr\/?s={search_term_string}\"},\"query-input\":{\"@type\":\"PropertyValueSpecification\",\"valueRequired\":true,\"valueName\":\"search_term_string\"}}],\"inLanguage\":\"en-US\"}]}<\/script>\n<!-- \/ Yoast SEO plugin. -->","yoast_head_json":{"title":"Activateur de Brome - Hydrapro","robots":{"index":"noindex","follow":"follow","max-snippet":"max-snippet:-1","max-image-preview":"max-image-preview:large","max-video-preview":"max-video-preview:-1"},"og_locale":"en_US","og_type":"article","og_title":"Activateur de Brome - Hydrapro","og_description":"R\u00e9g\u00e9n\u00e9ration du brome et d\u00e9sinfection choc.","og_url":"https:\/\/staging.hydrapro.fr\/en\/produit\/activateur-de-brome-purissimeau\/","og_site_name":"Hydrapro","article_modified_time":"2019-10-10T07:17:14+00:00","og_image":[{"width":600,"height":779,"url":"https:\/\/staging.hydrapro.fr\/app\/uploads\/2019\/10\/0179-ACTIVATEUR-DE-BROME-5KG-1.png","type":"image\/png"}],"twitter_card":"summary_large_image","twitter_misc":{"Est. reading time":"1 minute"},"schema":{"@context":"https:\/\/schema.org","@graph":[{"@type":"WebPage","@id":"https:\/\/staging.hydrapro.fr\/en\/produit\/activateur-de-brome-purissimeau\/","url":"https:\/\/staging.hydrapro.fr\/en\/produit\/activateur-de-brome-purissimeau\/","name":"Activateur de Brome - Hydrapro","isPartOf":{"@id":"https:\/\/staging.hydrapro.fr\/#website"},"primaryImageOfPage":{"@id":"https:\/\/staging.hydrapro.fr\/en\/produit\/activateur-de-brome-purissimeau\/#primaryimage"},"image":{"@id":"https:\/\/staging.hydrapro.fr\/en\/produit\/activateur-de-brome-purissimeau\/#primaryimage"},"thumbnailUrl":"https:\/\/staging.hydrapro.fr\/app\/uploads\/2019\/10\/0179-ACTIVATEUR-DE-BROME-5KG-1.png","datePublished":"2019-08-12T07:24:54+00:00","dateModified":"2019-10-10T07:17:14+00:00","breadcrumb":{"@id":"https:\/\/staging.hydrapro.fr\/en\/produit\/activateur-de-brome-purissimeau\/#breadcrumb"},"inLanguage":"en-US","potentialAction":[{"@type":"ReadAction","target":["https:\/\/staging.hydrapro.fr\/en\/produit\/activateur-de-brome-purissimeau\/"]}]},{"@type":"ImageObject","inLanguage":"en-US","@id":"https:\/\/staging.hydrapro.fr\/en\/produit\/activateur-de-brome-purissimeau\/#primaryimage","url":"https:\/\/staging.hydrapro.fr\/app\/uploads\/2019\/10\/0179-ACTIVATEUR-DE-BROME-5KG-1.png","contentUrl":"https:\/\/staging.hydrapro.fr\/app\/uploads\/2019\/10\/0179-ACTIVATEUR-DE-BROME-5KG-1.png","width":600,"height":779},{"@type":"BreadcrumbList","@id":"https:\/\/staging.hydrapro.fr\/en\/produit\/activateur-de-brome-purissimeau\/#breadcrumb","itemListElement":[{"@type":"ListItem","position":1,"name":"Home","item":"https:\/\/staging.hydrapro.fr\/en\/"},{"@type":"ListItem","position":2,"name":"Boutique","item":"https:\/\/staging.hydrapro.fr\/boutique\/"},{"@type":"ListItem","position":3,"name":"Activateur de Brome"}]},{"@type":"WebSite","@id":"https:\/\/staging.hydrapro.fr\/#website","url":"https:\/\/staging.hydrapro.fr\/","name":"Hydrapro","description":"L&#039;\u00e9quilibre de l&#039;eau","potentialAction":[{"@type":"SearchAction","target":{"@type":"EntryPoint","urlTemplate":"https:\/\/staging.hydrapro.fr\/?s={search_term_string}"},"query-input":{"@type":"PropertyValueSpecification","valueRequired":true,"valueName":"search_term_string"}}],"inLanguage":"en-US"}]}},"_links":{"self":[{"href":"https:\/\/staging.hydrapro.fr\/en\/wp-json\/wp\/v2\/product\/329","targetHints":{"allow":["GET"]}}],"collection":[{"href":"https:\/\/staging.hydrapro.fr\/en\/wp-json\/wp\/v2\/product"}],"about":[{"href":"https:\/\/staging.hydrapro.fr\/en\/wp-json\/wp\/v2\/types\/product"}],"wp:featuredmedia":[{"embeddable":true,"href":"https:\/\/staging.hydrapro.fr\/en\/wp-json\/wp\/v2\/media\/1315"}],"wp:attachment":[{"href":"https:\/\/staging.hydrapro.fr\/en\/wp-json\/wp\/v2\/media?parent=329"}],"wp:term":[{"taxonomy":"product_brand","embeddable":true,"href":"https:\/\/staging.hydrapro.fr\/en\/wp-json\/wp\/v2\/product_brand?post=329"},{"taxonomy":"product_type","embeddable":true,"href":"https:\/\/staging.hydrapro.fr\/en\/wp-json\/wp\/v2\/product_type?post=329"},{"taxonomy":"product_visibility","embeddable":true,"href":"https:\/\/staging.hydrapro.fr\/en\/wp-json\/wp\/v2\/product_visibility?post=329"},{"taxonomy":"product_cat","embeddable":true,"href":"https:\/\/staging.hydrapro.fr\/en\/wp-json\/wp\/v2\/product_cat?post=329"}],"curies":[{"name":"wp","href":"https:\/\/api.w.org\/{rel}","templated":true}]}}