{"id":327,"date":"2019-08-12T09:24:53","date_gmt":"2019-08-12T07:24:53","guid":{"rendered":"https:\/\/staging.hydrapro.fr\/product\/brome-purissimeau\/"},"modified":"2021-03-22T15:25:14","modified_gmt":"2021-03-22T13:25:14","slug":"brome-purissimeau","status":"publish","type":"product","link":"https:\/\/staging.hydrapro.fr\/en\/produit\/brome-purissimeau\/","title":{"rendered":"Brome"},"content":{"rendered":"<p><strong>Brome en pastilles qui assure une d\u00e9sinfection permanente avec un brominateur pour l&#8217;eau de votre piscine.<\/strong><\/p>\n<p>Le Brome est un produit d\u00e9sinfectant. Efficace \u00e0 pH et temp\u00e9ratures \u00e9lev\u00e9es, il agit contre les bact\u00e9ries, virus, champignons et \u00e9limine les impuret\u00e9s organiques de l&#8217;eau par oxydation. Il se pr\u00e9sente sous forme de pastilles de 20 g \u00e0 dissolution lente et doit \u00eatre utilis\u00e9 avec un brominateur. Le Brome ne provoque pas de probl\u00e8me avec le pH. Il est sans odeur et n&#8217;irrite pas la peau et les yeux.<br \/>\nCe produit est \u00e0 utiliser dans des piscines priv\u00e9es et non collectives et ne doit pas \u00eatre utilis\u00e9 dans des eaux contenant du stabilisant (acide cyanurique).<\/p>\n<p><strong>Dosage : 5 pastilles de 20 g pour 10 m\u00b3.<br \/>\nDosage pour utilisation dans un SPA : 1 pastille de 20 g pour 1 m\u00b3. <\/strong><\/p>\n<p>Disponible en seau de 5 kg.<\/p>\n<p class=\"y-product y-product__product-subtitle\">Avantage :<\/p>\n<p>D\u00e9sinfectant sans odeur et sans irritation.<\/p>\n<p>Effectuer un traitement choc avec un Activateur de Brome tous les 15 jours ou tous les mois, pour r\u00e9g\u00e9n\u00e9rer le brome de votre piscine.<\/p>\n<p><em>Utiliser les biocides avec pr\u00e9caution. Avant toute utilisation, lire l&#8217;\u00e9tiquette et les informations concernant le produit.<br \/>\nLes photos et coloris des produits ne sont pas contractuels.<\/em><\/p>\n","protected":false},"excerpt":{"rendered":"<p>D\u00e9sinfectant sans chlore.<\/p>\n","protected":false},"featured_media":1316,"template":"","meta":[],"product_brand":[],"product_type":[2],"product_visibility":[],"product_cat":[159,162,154,168,207,208],"class_list":{"0":"post-327","1":"product","2":"type-product","3":"status-publish","4":"has-post-thumbnail","6":"product_cat-produits-produitsdsinfectionbrome","7":"product_cat-marquesdsinfection","8":"product_cat-produitsdesinfection","9":"product_cat-typologiespastille","10":"product_cat-piscine","11":"product_cat-spa","12":"product_tag-brome","13":"product_tag-piscine","14":"product_tag-spa-2","15":"product_tag-traitement","17":"first","18":"instock","19":"shipping-taxable","20":"product-type-simple"},"acf":{"fiche_technique":"https:\/\/staging.hydrapro.fr\/app\/uploads\/2019\/08\/FT-0181-BROME.pdf","fiche_methode":""},"yoast_head":"<!-- This site is optimized with the Yoast SEO plugin v24.7 - https:\/\/yoast.com\/wordpress\/plugins\/seo\/ -->\n<title>Brome - Hydrapro<\/title>\n<meta name=\"robots\" content=\"noindex, follow, max-snippet:-1, max-image-preview:large, max-video-preview:-1\" \/>\n<meta property=\"og:locale\" content=\"en_US\" \/>\n<meta property=\"og:type\" content=\"article\" \/>\n<meta property=\"og:title\" content=\"Brome - Hydrapro\" \/>\n<meta property=\"og:description\" content=\"D\u00e9sinfectant sans chlore.\" \/>\n<meta property=\"og:url\" content=\"https:\/\/staging.hydrapro.fr\/en\/produit\/brome-purissimeau\/\" \/>\n<meta property=\"og:site_name\" content=\"Hydrapro\" \/>\n<meta property=\"article:modified_time\" content=\"2021-03-22T13:25:14+00:00\" \/>\n<meta property=\"og:image\" content=\"https:\/\/staging.hydrapro.fr\/app\/uploads\/2019\/10\/0181-BROME-5Kg-1.png\" \/>\n\t<meta property=\"og:image:width\" content=\"600\" \/>\n\t<meta property=\"og:image:height\" content=\"631\" \/>\n\t<meta property=\"og:image:type\" content=\"image\/png\" \/>\n<meta name=\"twitter:card\" content=\"summary_large_image\" \/>\n<meta name=\"twitter:label1\" content=\"Est. reading time\" \/>\n\t<meta name=\"twitter:data1\" content=\"1 minute\" \/>\n<script type=\"application\/ld+json\" class=\"yoast-schema-graph\">{\"@context\":\"https:\/\/schema.org\",\"@graph\":[{\"@type\":\"WebPage\",\"@id\":\"https:\/\/staging.hydrapro.fr\/en\/produit\/brome-purissimeau\/\",\"url\":\"https:\/\/staging.hydrapro.fr\/en\/produit\/brome-purissimeau\/\",\"name\":\"Brome - Hydrapro\",\"isPartOf\":{\"@id\":\"https:\/\/staging.hydrapro.fr\/#website\"},\"primaryImageOfPage\":{\"@id\":\"https:\/\/staging.hydrapro.fr\/en\/produit\/brome-purissimeau\/#primaryimage\"},\"image\":{\"@id\":\"https:\/\/staging.hydrapro.fr\/en\/produit\/brome-purissimeau\/#primaryimage\"},\"thumbnailUrl\":\"https:\/\/staging.hydrapro.fr\/app\/uploads\/2019\/10\/0181-BROME-5Kg-1.png\",\"datePublished\":\"2019-08-12T07:24:53+00:00\",\"dateModified\":\"2021-03-22T13:25:14+00:00\",\"breadcrumb\":{\"@id\":\"https:\/\/staging.hydrapro.fr\/en\/produit\/brome-purissimeau\/#breadcrumb\"},\"inLanguage\":\"en-US\",\"potentialAction\":[{\"@type\":\"ReadAction\",\"target\":[\"https:\/\/staging.hydrapro.fr\/en\/produit\/brome-purissimeau\/\"]}]},{\"@type\":\"ImageObject\",\"inLanguage\":\"en-US\",\"@id\":\"https:\/\/staging.hydrapro.fr\/en\/produit\/brome-purissimeau\/#primaryimage\",\"url\":\"https:\/\/staging.hydrapro.fr\/app\/uploads\/2019\/10\/0181-BROME-5Kg-1.png\",\"contentUrl\":\"https:\/\/staging.hydrapro.fr\/app\/uploads\/2019\/10\/0181-BROME-5Kg-1.png\",\"width\":600,\"height\":631},{\"@type\":\"BreadcrumbList\",\"@id\":\"https:\/\/staging.hydrapro.fr\/en\/produit\/brome-purissimeau\/#breadcrumb\",\"itemListElement\":[{\"@type\":\"ListItem\",\"position\":1,\"name\":\"Home\",\"item\":\"https:\/\/staging.hydrapro.fr\/en\/\"},{\"@type\":\"ListItem\",\"position\":2,\"name\":\"Boutique\",\"item\":\"https:\/\/staging.hydrapro.fr\/boutique\/\"},{\"@type\":\"ListItem\",\"position\":3,\"name\":\"Brome\"}]},{\"@type\":\"WebSite\",\"@id\":\"https:\/\/staging.hydrapro.fr\/#website\",\"url\":\"https:\/\/staging.hydrapro.fr\/\",\"name\":\"Hydrapro\",\"description\":\"L&#039;\u00e9quilibre de l&#039;eau\",\"potentialAction\":[{\"@type\":\"SearchAction\",\"target\":{\"@type\":\"EntryPoint\",\"urlTemplate\":\"https:\/\/staging.hydrapro.fr\/?s={search_term_string}\"},\"query-input\":{\"@type\":\"PropertyValueSpecification\",\"valueRequired\":true,\"valueName\":\"search_term_string\"}}],\"inLanguage\":\"en-US\"}]}<\/script>\n<!-- \/ Yoast SEO plugin. -->","yoast_head_json":{"title":"Brome - Hydrapro","robots":{"index":"noindex","follow":"follow","max-snippet":"max-snippet:-1","max-image-preview":"max-image-preview:large","max-video-preview":"max-video-preview:-1"},"og_locale":"en_US","og_type":"article","og_title":"Brome - Hydrapro","og_description":"D\u00e9sinfectant sans chlore.","og_url":"https:\/\/staging.hydrapro.fr\/en\/produit\/brome-purissimeau\/","og_site_name":"Hydrapro","article_modified_time":"2021-03-22T13:25:14+00:00","og_image":[{"width":600,"height":631,"url":"https:\/\/staging.hydrapro.fr\/app\/uploads\/2019\/10\/0181-BROME-5Kg-1.png","type":"image\/png"}],"twitter_card":"summary_large_image","twitter_misc":{"Est. reading time":"1 minute"},"schema":{"@context":"https:\/\/schema.org","@graph":[{"@type":"WebPage","@id":"https:\/\/staging.hydrapro.fr\/en\/produit\/brome-purissimeau\/","url":"https:\/\/staging.hydrapro.fr\/en\/produit\/brome-purissimeau\/","name":"Brome - Hydrapro","isPartOf":{"@id":"https:\/\/staging.hydrapro.fr\/#website"},"primaryImageOfPage":{"@id":"https:\/\/staging.hydrapro.fr\/en\/produit\/brome-purissimeau\/#primaryimage"},"image":{"@id":"https:\/\/staging.hydrapro.fr\/en\/produit\/brome-purissimeau\/#primaryimage"},"thumbnailUrl":"https:\/\/staging.hydrapro.fr\/app\/uploads\/2019\/10\/0181-BROME-5Kg-1.png","datePublished":"2019-08-12T07:24:53+00:00","dateModified":"2021-03-22T13:25:14+00:00","breadcrumb":{"@id":"https:\/\/staging.hydrapro.fr\/en\/produit\/brome-purissimeau\/#breadcrumb"},"inLanguage":"en-US","potentialAction":[{"@type":"ReadAction","target":["https:\/\/staging.hydrapro.fr\/en\/produit\/brome-purissimeau\/"]}]},{"@type":"ImageObject","inLanguage":"en-US","@id":"https:\/\/staging.hydrapro.fr\/en\/produit\/brome-purissimeau\/#primaryimage","url":"https:\/\/staging.hydrapro.fr\/app\/uploads\/2019\/10\/0181-BROME-5Kg-1.png","contentUrl":"https:\/\/staging.hydrapro.fr\/app\/uploads\/2019\/10\/0181-BROME-5Kg-1.png","width":600,"height":631},{"@type":"BreadcrumbList","@id":"https:\/\/staging.hydrapro.fr\/en\/produit\/brome-purissimeau\/#breadcrumb","itemListElement":[{"@type":"ListItem","position":1,"name":"Home","item":"https:\/\/staging.hydrapro.fr\/en\/"},{"@type":"ListItem","position":2,"name":"Boutique","item":"https:\/\/staging.hydrapro.fr\/boutique\/"},{"@type":"ListItem","position":3,"name":"Brome"}]},{"@type":"WebSite","@id":"https:\/\/staging.hydrapro.fr\/#website","url":"https:\/\/staging.hydrapro.fr\/","name":"Hydrapro","description":"L&#039;\u00e9quilibre de l&#039;eau","potentialAction":[{"@type":"SearchAction","target":{"@type":"EntryPoint","urlTemplate":"https:\/\/staging.hydrapro.fr\/?s={search_term_string}"},"query-input":{"@type":"PropertyValueSpecification","valueRequired":true,"valueName":"search_term_string"}}],"inLanguage":"en-US"}]}},"_links":{"self":[{"href":"https:\/\/staging.hydrapro.fr\/en\/wp-json\/wp\/v2\/product\/327","targetHints":{"allow":["GET"]}}],"collection":[{"href":"https:\/\/staging.hydrapro.fr\/en\/wp-json\/wp\/v2\/product"}],"about":[{"href":"https:\/\/staging.hydrapro.fr\/en\/wp-json\/wp\/v2\/types\/product"}],"wp:featuredmedia":[{"embeddable":true,"href":"https:\/\/staging.hydrapro.fr\/en\/wp-json\/wp\/v2\/media\/1316"}],"wp:attachment":[{"href":"https:\/\/staging.hydrapro.fr\/en\/wp-json\/wp\/v2\/media?parent=327"}],"wp:term":[{"taxonomy":"product_brand","embeddable":true,"href":"https:\/\/staging.hydrapro.fr\/en\/wp-json\/wp\/v2\/product_brand?post=327"},{"taxonomy":"product_type","embeddable":true,"href":"https:\/\/staging.hydrapro.fr\/en\/wp-json\/wp\/v2\/product_type?post=327"},{"taxonomy":"product_visibility","embeddable":true,"href":"https:\/\/staging.hydrapro.fr\/en\/wp-json\/wp\/v2\/product_visibility?post=327"},{"taxonomy":"product_cat","embeddable":true,"href":"https:\/\/staging.hydrapro.fr\/en\/wp-json\/wp\/v2\/product_cat?post=327"}],"curies":[{"name":"wp","href":"https:\/\/api.w.org\/{rel}","templated":true}]}}