{"id":323,"date":"2019-08-12T09:24:49","date_gmt":"2019-08-12T07:24:49","guid":{"rendered":"https:\/\/staging.hydrapro.fr\/product\/anti-calcaire-spa\/"},"modified":"2024-10-09T16:31:04","modified_gmt":"2024-10-09T14:31:04","slug":"anti_calcaire_spa_0196_spa","status":"publish","type":"product","link":"https:\/\/staging.hydrapro.fr\/en\/produit\/anti_calcaire_spa_0196_spa\/","title":{"rendered":"Anti calcaire spa"},"content":{"rendered":"<p><strong>Anti-calcaire SPA liquide assure une lutte anti-calcaire pour l&#8217;eau de votre SPA.<\/strong><\/p>\n<p>L&#8217;Anti-calcaire SPA est un produit d&#8217;entretien \u00e0 base de puissants s\u00e9questrants de calcaire, permettant d&#8217;emp\u00eacher l&#8217;entartrage en eau dure, m\u00eame chauff\u00e9e. Ce produit freine la pr\u00e9cipitation du calcaire, \u00e9vite les eaux troubles et la formation de d\u00e9p\u00f4ts de calcaire sur les parois, les canalisations et le filtre de votre SPA.<br \/>\nIl est recommand\u00e9 pour les eaux ayant un TH sup\u00e9rieur \u00e0 20\u00b0F.<\/p>\n<p><strong>Dosage pour un TH&lt;40\u00b0F : 25 mL pour 1 m\u00b3.<br \/>\nDosage pour un TH entre 40 et 50\u00b0F : 300 mL pour 10 m\u00b3.<br \/>\nVerser le produit en l&#039;absence de baigneurs.<br \/>\nAjouter Anti-calcaire SPA en fonction des apports d&#039;eau.<\/p>\n<p>Disponible en carton de 6 x 1 L.<\/strong><\/p>\n<p class=\"y-product y-product__product-subtitle\">Avantage :<\/p>\n<p>Garanti sans EDTA et sans phosphate.<\/p>\n<p>Produit fabriqu\u00e9 en France.<\/p>\n<p>Verser le produit devant les bouches de refoulement filtration en marche.<\/p>\n<p><em>Utiliser les biocides avec pr\u00e9caution. Avant toute utilisation, lire l&#8217;\u00e9tiquette et les informations concernant le produit.<br \/>\nLes photos et coloris des produits ne sont pas contractuels.<\/em><\/p>\n","protected":false},"excerpt":{"rendered":"<p>Anti-calcaire pour spa.<\/p>\n","protected":false},"featured_media":1311,"template":"","meta":[],"product_brand":[],"product_type":[2],"product_visibility":[],"product_cat":[178,151,163,166],"class_list":{"0":"post-323","1":"product","2":"type-product","3":"status-publish","4":"has-post-thumbnail","6":"product_cat-produits-produitsentretiendtartrer","7":"product_cat-produitsentretien","8":"product_cat-marquesentretien","9":"product_cat-typologiesliquide","10":"product_tag-anti-calcaire","11":"product_tag-detartrant","12":"product_tag-spa-2","13":"product_tag-traitement","15":"first","16":"instock","17":"shipping-taxable","18":"product-type-simple"},"acf":{"fiche_technique":"https:\/\/www.hydrapro.fr\/app\/uploads\/2023\/04\/PURISSIMEAU_FT_0196_ANTI_CALCAIRE_SPA.pdf","fiche_methode":""},"yoast_head":"<!-- This site is optimized with the Yoast SEO plugin v24.7 - https:\/\/yoast.com\/wordpress\/plugins\/seo\/ -->\n<title>Anti calcaire spa - Hydrapro<\/title>\n<meta name=\"robots\" content=\"noindex, follow, max-snippet:-1, max-image-preview:large, max-video-preview:-1\" \/>\n<meta property=\"og:locale\" content=\"en_US\" \/>\n<meta property=\"og:type\" content=\"article\" \/>\n<meta property=\"og:title\" content=\"Anti calcaire spa - Hydrapro\" \/>\n<meta property=\"og:description\" content=\"Anti-calcaire pour spa.\" \/>\n<meta property=\"og:url\" content=\"https:\/\/staging.hydrapro.fr\/produit\/anti_calcaire_spa_0196_spa\/\" \/>\n<meta property=\"og:site_name\" content=\"Hydrapro\" \/>\n<meta property=\"article:modified_time\" content=\"2024-10-09T14:31:04+00:00\" \/>\n<meta property=\"og:image\" content=\"https:\/\/staging.hydrapro.fr\/app\/uploads\/2019\/10\/0196-ANTI-CALCAIRE-SPA-1L-1.png\" \/>\n\t<meta property=\"og:image:width\" content=\"600\" \/>\n\t<meta property=\"og:image:height\" content=\"840\" \/>\n\t<meta property=\"og:image:type\" content=\"image\/png\" \/>\n<meta name=\"twitter:card\" content=\"summary_large_image\" \/>\n<meta name=\"twitter:label1\" content=\"Est. reading time\" \/>\n\t<meta name=\"twitter:data1\" content=\"1 minute\" \/>\n<script type=\"application\/ld+json\" class=\"yoast-schema-graph\">{\"@context\":\"https:\/\/schema.org\",\"@graph\":[{\"@type\":\"WebPage\",\"@id\":\"https:\/\/staging.hydrapro.fr\/produit\/anti_calcaire_spa_0196_spa\/\",\"url\":\"https:\/\/staging.hydrapro.fr\/produit\/anti_calcaire_spa_0196_spa\/\",\"name\":\"Anti calcaire spa - Hydrapro\",\"isPartOf\":{\"@id\":\"https:\/\/staging.hydrapro.fr\/#website\"},\"primaryImageOfPage\":{\"@id\":\"https:\/\/staging.hydrapro.fr\/produit\/anti_calcaire_spa_0196_spa\/#primaryimage\"},\"image\":{\"@id\":\"https:\/\/staging.hydrapro.fr\/produit\/anti_calcaire_spa_0196_spa\/#primaryimage\"},\"thumbnailUrl\":\"https:\/\/staging.hydrapro.fr\/app\/uploads\/2019\/10\/0196-ANTI-CALCAIRE-SPA-1L-1.png\",\"datePublished\":\"2019-08-12T07:24:49+00:00\",\"dateModified\":\"2024-10-09T14:31:04+00:00\",\"breadcrumb\":{\"@id\":\"https:\/\/staging.hydrapro.fr\/produit\/anti_calcaire_spa_0196_spa\/#breadcrumb\"},\"inLanguage\":\"en-US\",\"potentialAction\":[{\"@type\":\"ReadAction\",\"target\":[\"https:\/\/staging.hydrapro.fr\/produit\/anti_calcaire_spa_0196_spa\/\"]}]},{\"@type\":\"ImageObject\",\"inLanguage\":\"en-US\",\"@id\":\"https:\/\/staging.hydrapro.fr\/produit\/anti_calcaire_spa_0196_spa\/#primaryimage\",\"url\":\"https:\/\/staging.hydrapro.fr\/app\/uploads\/2019\/10\/0196-ANTI-CALCAIRE-SPA-1L-1.png\",\"contentUrl\":\"https:\/\/staging.hydrapro.fr\/app\/uploads\/2019\/10\/0196-ANTI-CALCAIRE-SPA-1L-1.png\",\"width\":600,\"height\":840},{\"@type\":\"BreadcrumbList\",\"@id\":\"https:\/\/staging.hydrapro.fr\/produit\/anti_calcaire_spa_0196_spa\/#breadcrumb\",\"itemListElement\":[{\"@type\":\"ListItem\",\"position\":1,\"name\":\"Home\",\"item\":\"https:\/\/staging.hydrapro.fr\/en\/\"},{\"@type\":\"ListItem\",\"position\":2,\"name\":\"Boutique\",\"item\":\"https:\/\/staging.hydrapro.fr\/boutique\/\"},{\"@type\":\"ListItem\",\"position\":3,\"name\":\"Anti calcaire spa\"}]},{\"@type\":\"WebSite\",\"@id\":\"https:\/\/staging.hydrapro.fr\/#website\",\"url\":\"https:\/\/staging.hydrapro.fr\/\",\"name\":\"Hydrapro\",\"description\":\"L&#039;\u00e9quilibre de l&#039;eau\",\"potentialAction\":[{\"@type\":\"SearchAction\",\"target\":{\"@type\":\"EntryPoint\",\"urlTemplate\":\"https:\/\/staging.hydrapro.fr\/?s={search_term_string}\"},\"query-input\":{\"@type\":\"PropertyValueSpecification\",\"valueRequired\":true,\"valueName\":\"search_term_string\"}}],\"inLanguage\":\"en-US\"}]}<\/script>\n<!-- \/ Yoast SEO plugin. -->","yoast_head_json":{"title":"Anti calcaire spa - Hydrapro","robots":{"index":"noindex","follow":"follow","max-snippet":"max-snippet:-1","max-image-preview":"max-image-preview:large","max-video-preview":"max-video-preview:-1"},"og_locale":"en_US","og_type":"article","og_title":"Anti calcaire spa - Hydrapro","og_description":"Anti-calcaire pour spa.","og_url":"https:\/\/staging.hydrapro.fr\/produit\/anti_calcaire_spa_0196_spa\/","og_site_name":"Hydrapro","article_modified_time":"2024-10-09T14:31:04+00:00","og_image":[{"width":600,"height":840,"url":"https:\/\/staging.hydrapro.fr\/app\/uploads\/2019\/10\/0196-ANTI-CALCAIRE-SPA-1L-1.png","type":"image\/png"}],"twitter_card":"summary_large_image","twitter_misc":{"Est. reading time":"1 minute"},"schema":{"@context":"https:\/\/schema.org","@graph":[{"@type":"WebPage","@id":"https:\/\/staging.hydrapro.fr\/produit\/anti_calcaire_spa_0196_spa\/","url":"https:\/\/staging.hydrapro.fr\/produit\/anti_calcaire_spa_0196_spa\/","name":"Anti calcaire spa - Hydrapro","isPartOf":{"@id":"https:\/\/staging.hydrapro.fr\/#website"},"primaryImageOfPage":{"@id":"https:\/\/staging.hydrapro.fr\/produit\/anti_calcaire_spa_0196_spa\/#primaryimage"},"image":{"@id":"https:\/\/staging.hydrapro.fr\/produit\/anti_calcaire_spa_0196_spa\/#primaryimage"},"thumbnailUrl":"https:\/\/staging.hydrapro.fr\/app\/uploads\/2019\/10\/0196-ANTI-CALCAIRE-SPA-1L-1.png","datePublished":"2019-08-12T07:24:49+00:00","dateModified":"2024-10-09T14:31:04+00:00","breadcrumb":{"@id":"https:\/\/staging.hydrapro.fr\/produit\/anti_calcaire_spa_0196_spa\/#breadcrumb"},"inLanguage":"en-US","potentialAction":[{"@type":"ReadAction","target":["https:\/\/staging.hydrapro.fr\/produit\/anti_calcaire_spa_0196_spa\/"]}]},{"@type":"ImageObject","inLanguage":"en-US","@id":"https:\/\/staging.hydrapro.fr\/produit\/anti_calcaire_spa_0196_spa\/#primaryimage","url":"https:\/\/staging.hydrapro.fr\/app\/uploads\/2019\/10\/0196-ANTI-CALCAIRE-SPA-1L-1.png","contentUrl":"https:\/\/staging.hydrapro.fr\/app\/uploads\/2019\/10\/0196-ANTI-CALCAIRE-SPA-1L-1.png","width":600,"height":840},{"@type":"BreadcrumbList","@id":"https:\/\/staging.hydrapro.fr\/produit\/anti_calcaire_spa_0196_spa\/#breadcrumb","itemListElement":[{"@type":"ListItem","position":1,"name":"Home","item":"https:\/\/staging.hydrapro.fr\/en\/"},{"@type":"ListItem","position":2,"name":"Boutique","item":"https:\/\/staging.hydrapro.fr\/boutique\/"},{"@type":"ListItem","position":3,"name":"Anti calcaire spa"}]},{"@type":"WebSite","@id":"https:\/\/staging.hydrapro.fr\/#website","url":"https:\/\/staging.hydrapro.fr\/","name":"Hydrapro","description":"L&#039;\u00e9quilibre de l&#039;eau","potentialAction":[{"@type":"SearchAction","target":{"@type":"EntryPoint","urlTemplate":"https:\/\/staging.hydrapro.fr\/?s={search_term_string}"},"query-input":{"@type":"PropertyValueSpecification","valueRequired":true,"valueName":"search_term_string"}}],"inLanguage":"en-US"}]}},"_links":{"self":[{"href":"https:\/\/staging.hydrapro.fr\/en\/wp-json\/wp\/v2\/product\/323","targetHints":{"allow":["GET"]}}],"collection":[{"href":"https:\/\/staging.hydrapro.fr\/en\/wp-json\/wp\/v2\/product"}],"about":[{"href":"https:\/\/staging.hydrapro.fr\/en\/wp-json\/wp\/v2\/types\/product"}],"wp:featuredmedia":[{"embeddable":true,"href":"https:\/\/staging.hydrapro.fr\/en\/wp-json\/wp\/v2\/media\/1311"}],"wp:attachment":[{"href":"https:\/\/staging.hydrapro.fr\/en\/wp-json\/wp\/v2\/media?parent=323"}],"wp:term":[{"taxonomy":"product_brand","embeddable":true,"href":"https:\/\/staging.hydrapro.fr\/en\/wp-json\/wp\/v2\/product_brand?post=323"},{"taxonomy":"product_type","embeddable":true,"href":"https:\/\/staging.hydrapro.fr\/en\/wp-json\/wp\/v2\/product_type?post=323"},{"taxonomy":"product_visibility","embeddable":true,"href":"https:\/\/staging.hydrapro.fr\/en\/wp-json\/wp\/v2\/product_visibility?post=323"},{"taxonomy":"product_cat","embeddable":true,"href":"https:\/\/staging.hydrapro.fr\/en\/wp-json\/wp\/v2\/product_cat?post=323"}],"curies":[{"name":"wp","href":"https:\/\/api.w.org\/{rel}","templated":true}]}}