{"id":322,"date":"2019-08-12T09:24:48","date_gmt":"2019-08-12T07:24:48","guid":{"rendered":"https:\/\/staging.hydrapro.fr\/product\/brome-pastille-20g-spa-2\/"},"modified":"2019-10-10T09:17:43","modified_gmt":"2019-10-10T07:17:43","slug":"brome-pastille-20g-spa-2","status":"publish","type":"product","link":"https:\/\/staging.hydrapro.fr\/en\/produit\/brome-pastille-20g-spa-2\/","title":{"rendered":"Brome SPA"},"content":{"rendered":"<p><strong>\u00c9limine l&#8217;eau trouble, accro\u00eet sa limpidit\u00e9 et r\u00e9duit les br\u00fblures des yeux ainsi que l&#8217;odeur de chlore en d\u00e9truisant les chloramines.<\/strong><\/p>\n<p>BROME doit \u00eatre utilis\u00e9 avec un brominateur pour une piscine.<br \/>\nPastilles de 20g \u00e0 dissolution tr\u00e8s lente, agissant contre les bact\u00e9ries, virus, champignons et \u00e9limine les impuret\u00e9s organiques de l&#8217;eau par oxydation.<br \/>\nEfficace \u00e0 pH et temp\u00e9ratures \u00e9lev\u00e9s.<br \/>\nCompatible avec tous les syst\u00e8mes de filtration.<\/p>\n<p><strong>Nettoyer soigneusement le filtre.<br \/>\nR\u00e9gler le pH entre 7 et 7.5.<br \/>\nMaintenir le taux de brome entre 2 et 4 mg\/L.<br \/>\nLes pastilles de 20 g sont con\u00e7ues pour \u00eatre mises dans un skimmer, ou doseur flottant.<br \/>\nDosage : 2 pastilles pour 1000 litres d&#8217;eau.V\u00e9rifier le taux de brome avant d&#8217;en ajouter \u00e0 nouveau. <\/p>\n<p>Disponible en carton de 6 x 1 Kg.<\/strong><\/p>\n<p class=\"y-product y-product__product-subtitle\">Avantage :<\/p>\n<p>D\u00e9sinfectant efficace \u00e0 des temp\u00e9ratures \u00e9lev\u00e9es. <\/p>\n<p>Produit conditionn\u00e9 en France.<\/p>\n<p><em>Utiliser les biocides avec pr\u00e9caution. Avant toute utilisation, lire l&#8217;\u00e9tiquette et les informations concernant le produit.<br \/>\nLes photos et coloris des produits ne sont pas contractuels.<\/em><\/p>\n","protected":false},"excerpt":{"rendered":"<p>D\u00e9sinfectant sans chlore pour spas.<\/p>\n","protected":false},"featured_media":1313,"template":"","meta":[],"product_brand":[],"product_type":[2],"product_visibility":[],"product_cat":[159,154,162,168],"class_list":{"0":"post-322","1":"product","2":"type-product","3":"status-publish","4":"has-post-thumbnail","6":"product_cat-produits-produitsdsinfectionbrome","7":"product_cat-produitsdesinfection","8":"product_cat-marquesdsinfection","9":"product_cat-typologiespastille","10":"product_tag-brome","11":"product_tag-spa-2","12":"product_tag-traitement","14":"first","15":"instock","16":"shipping-taxable","17":"product-type-simple"},"acf":{"fiche_technique":"https:\/\/staging.hydrapro.fr\/app\/uploads\/2019\/08\/FT-0181-BROME-SPA.pdf","fiche_methode":""},"yoast_head":"<!-- This site is optimized with the Yoast SEO plugin v24.7 - https:\/\/yoast.com\/wordpress\/plugins\/seo\/ -->\n<title>Brome SPA - Hydrapro<\/title>\n<meta name=\"robots\" content=\"noindex, follow, max-snippet:-1, max-image-preview:large, max-video-preview:-1\" \/>\n<meta property=\"og:locale\" content=\"en_US\" \/>\n<meta property=\"og:type\" content=\"article\" \/>\n<meta property=\"og:title\" content=\"Brome SPA - Hydrapro\" \/>\n<meta property=\"og:description\" content=\"D\u00e9sinfectant sans chlore pour spas.\" \/>\n<meta property=\"og:url\" content=\"https:\/\/staging.hydrapro.fr\/en\/produit\/brome-pastille-20g-spa-2\/\" \/>\n<meta property=\"og:site_name\" content=\"Hydrapro\" \/>\n<meta property=\"article:modified_time\" content=\"2019-10-10T07:17:43+00:00\" \/>\n<meta property=\"og:image\" content=\"https:\/\/staging.hydrapro.fr\/app\/uploads\/2019\/10\/0181-BROME-SPA-1Kg-1.png\" \/>\n\t<meta property=\"og:image:width\" content=\"600\" \/>\n\t<meta property=\"og:image:height\" content=\"801\" \/>\n\t<meta property=\"og:image:type\" content=\"image\/png\" \/>\n<meta name=\"twitter:card\" content=\"summary_large_image\" \/>\n<meta name=\"twitter:label1\" content=\"Est. reading time\" \/>\n\t<meta name=\"twitter:data1\" content=\"1 minute\" \/>\n<script type=\"application\/ld+json\" class=\"yoast-schema-graph\">{\"@context\":\"https:\/\/schema.org\",\"@graph\":[{\"@type\":\"WebPage\",\"@id\":\"https:\/\/staging.hydrapro.fr\/en\/produit\/brome-pastille-20g-spa-2\/\",\"url\":\"https:\/\/staging.hydrapro.fr\/en\/produit\/brome-pastille-20g-spa-2\/\",\"name\":\"Brome SPA - Hydrapro\",\"isPartOf\":{\"@id\":\"https:\/\/staging.hydrapro.fr\/#website\"},\"primaryImageOfPage\":{\"@id\":\"https:\/\/staging.hydrapro.fr\/en\/produit\/brome-pastille-20g-spa-2\/#primaryimage\"},\"image\":{\"@id\":\"https:\/\/staging.hydrapro.fr\/en\/produit\/brome-pastille-20g-spa-2\/#primaryimage\"},\"thumbnailUrl\":\"https:\/\/staging.hydrapro.fr\/app\/uploads\/2019\/10\/0181-BROME-SPA-1Kg-1.png\",\"datePublished\":\"2019-08-12T07:24:48+00:00\",\"dateModified\":\"2019-10-10T07:17:43+00:00\",\"breadcrumb\":{\"@id\":\"https:\/\/staging.hydrapro.fr\/en\/produit\/brome-pastille-20g-spa-2\/#breadcrumb\"},\"inLanguage\":\"en-US\",\"potentialAction\":[{\"@type\":\"ReadAction\",\"target\":[\"https:\/\/staging.hydrapro.fr\/en\/produit\/brome-pastille-20g-spa-2\/\"]}]},{\"@type\":\"ImageObject\",\"inLanguage\":\"en-US\",\"@id\":\"https:\/\/staging.hydrapro.fr\/en\/produit\/brome-pastille-20g-spa-2\/#primaryimage\",\"url\":\"https:\/\/staging.hydrapro.fr\/app\/uploads\/2019\/10\/0181-BROME-SPA-1Kg-1.png\",\"contentUrl\":\"https:\/\/staging.hydrapro.fr\/app\/uploads\/2019\/10\/0181-BROME-SPA-1Kg-1.png\",\"width\":600,\"height\":801},{\"@type\":\"BreadcrumbList\",\"@id\":\"https:\/\/staging.hydrapro.fr\/en\/produit\/brome-pastille-20g-spa-2\/#breadcrumb\",\"itemListElement\":[{\"@type\":\"ListItem\",\"position\":1,\"name\":\"Home\",\"item\":\"https:\/\/staging.hydrapro.fr\/en\/\"},{\"@type\":\"ListItem\",\"position\":2,\"name\":\"Boutique\",\"item\":\"https:\/\/staging.hydrapro.fr\/boutique\/\"},{\"@type\":\"ListItem\",\"position\":3,\"name\":\"Brome SPA\"}]},{\"@type\":\"WebSite\",\"@id\":\"https:\/\/staging.hydrapro.fr\/#website\",\"url\":\"https:\/\/staging.hydrapro.fr\/\",\"name\":\"Hydrapro\",\"description\":\"L&#039;\u00e9quilibre de l&#039;eau\",\"potentialAction\":[{\"@type\":\"SearchAction\",\"target\":{\"@type\":\"EntryPoint\",\"urlTemplate\":\"https:\/\/staging.hydrapro.fr\/?s={search_term_string}\"},\"query-input\":{\"@type\":\"PropertyValueSpecification\",\"valueRequired\":true,\"valueName\":\"search_term_string\"}}],\"inLanguage\":\"en-US\"}]}<\/script>\n<!-- \/ Yoast SEO plugin. -->","yoast_head_json":{"title":"Brome SPA - Hydrapro","robots":{"index":"noindex","follow":"follow","max-snippet":"max-snippet:-1","max-image-preview":"max-image-preview:large","max-video-preview":"max-video-preview:-1"},"og_locale":"en_US","og_type":"article","og_title":"Brome SPA - Hydrapro","og_description":"D\u00e9sinfectant sans chlore pour spas.","og_url":"https:\/\/staging.hydrapro.fr\/en\/produit\/brome-pastille-20g-spa-2\/","og_site_name":"Hydrapro","article_modified_time":"2019-10-10T07:17:43+00:00","og_image":[{"width":600,"height":801,"url":"https:\/\/staging.hydrapro.fr\/app\/uploads\/2019\/10\/0181-BROME-SPA-1Kg-1.png","type":"image\/png"}],"twitter_card":"summary_large_image","twitter_misc":{"Est. reading time":"1 minute"},"schema":{"@context":"https:\/\/schema.org","@graph":[{"@type":"WebPage","@id":"https:\/\/staging.hydrapro.fr\/en\/produit\/brome-pastille-20g-spa-2\/","url":"https:\/\/staging.hydrapro.fr\/en\/produit\/brome-pastille-20g-spa-2\/","name":"Brome SPA - Hydrapro","isPartOf":{"@id":"https:\/\/staging.hydrapro.fr\/#website"},"primaryImageOfPage":{"@id":"https:\/\/staging.hydrapro.fr\/en\/produit\/brome-pastille-20g-spa-2\/#primaryimage"},"image":{"@id":"https:\/\/staging.hydrapro.fr\/en\/produit\/brome-pastille-20g-spa-2\/#primaryimage"},"thumbnailUrl":"https:\/\/staging.hydrapro.fr\/app\/uploads\/2019\/10\/0181-BROME-SPA-1Kg-1.png","datePublished":"2019-08-12T07:24:48+00:00","dateModified":"2019-10-10T07:17:43+00:00","breadcrumb":{"@id":"https:\/\/staging.hydrapro.fr\/en\/produit\/brome-pastille-20g-spa-2\/#breadcrumb"},"inLanguage":"en-US","potentialAction":[{"@type":"ReadAction","target":["https:\/\/staging.hydrapro.fr\/en\/produit\/brome-pastille-20g-spa-2\/"]}]},{"@type":"ImageObject","inLanguage":"en-US","@id":"https:\/\/staging.hydrapro.fr\/en\/produit\/brome-pastille-20g-spa-2\/#primaryimage","url":"https:\/\/staging.hydrapro.fr\/app\/uploads\/2019\/10\/0181-BROME-SPA-1Kg-1.png","contentUrl":"https:\/\/staging.hydrapro.fr\/app\/uploads\/2019\/10\/0181-BROME-SPA-1Kg-1.png","width":600,"height":801},{"@type":"BreadcrumbList","@id":"https:\/\/staging.hydrapro.fr\/en\/produit\/brome-pastille-20g-spa-2\/#breadcrumb","itemListElement":[{"@type":"ListItem","position":1,"name":"Home","item":"https:\/\/staging.hydrapro.fr\/en\/"},{"@type":"ListItem","position":2,"name":"Boutique","item":"https:\/\/staging.hydrapro.fr\/boutique\/"},{"@type":"ListItem","position":3,"name":"Brome SPA"}]},{"@type":"WebSite","@id":"https:\/\/staging.hydrapro.fr\/#website","url":"https:\/\/staging.hydrapro.fr\/","name":"Hydrapro","description":"L&#039;\u00e9quilibre de l&#039;eau","potentialAction":[{"@type":"SearchAction","target":{"@type":"EntryPoint","urlTemplate":"https:\/\/staging.hydrapro.fr\/?s={search_term_string}"},"query-input":{"@type":"PropertyValueSpecification","valueRequired":true,"valueName":"search_term_string"}}],"inLanguage":"en-US"}]}},"_links":{"self":[{"href":"https:\/\/staging.hydrapro.fr\/en\/wp-json\/wp\/v2\/product\/322","targetHints":{"allow":["GET"]}}],"collection":[{"href":"https:\/\/staging.hydrapro.fr\/en\/wp-json\/wp\/v2\/product"}],"about":[{"href":"https:\/\/staging.hydrapro.fr\/en\/wp-json\/wp\/v2\/types\/product"}],"wp:featuredmedia":[{"embeddable":true,"href":"https:\/\/staging.hydrapro.fr\/en\/wp-json\/wp\/v2\/media\/1313"}],"wp:attachment":[{"href":"https:\/\/staging.hydrapro.fr\/en\/wp-json\/wp\/v2\/media?parent=322"}],"wp:term":[{"taxonomy":"product_brand","embeddable":true,"href":"https:\/\/staging.hydrapro.fr\/en\/wp-json\/wp\/v2\/product_brand?post=322"},{"taxonomy":"product_type","embeddable":true,"href":"https:\/\/staging.hydrapro.fr\/en\/wp-json\/wp\/v2\/product_type?post=322"},{"taxonomy":"product_visibility","embeddable":true,"href":"https:\/\/staging.hydrapro.fr\/en\/wp-json\/wp\/v2\/product_visibility?post=322"},{"taxonomy":"product_cat","embeddable":true,"href":"https:\/\/staging.hydrapro.fr\/en\/wp-json\/wp\/v2\/product_cat?post=322"}],"curies":[{"name":"wp","href":"https:\/\/api.w.org\/{rel}","templated":true}]}}