{"id":320,"date":"2019-08-12T09:24:46","date_gmt":"2019-08-12T07:24:46","guid":{"rendered":"https:\/\/staging.hydrapro.fr\/product\/algicide-multifonctions-2\/"},"modified":"2019-10-10T09:16:54","modified_gmt":"2019-10-10T07:16:54","slug":"algicide-multifonctions-2","status":"publish","type":"product","link":"https:\/\/staging.hydrapro.fr\/en\/produit\/algicide-multifonctions-2\/","title":{"rendered":"Algicide multifonctions"},"content":{"rendered":"<p><strong>Algicide multifonctions liquide qui assure une action anti-algues, clarifiant et anti-calcaire pour l&#8217;eau de votre piscine.<\/strong><\/p>\n<p>L&#8217;Algicide Multifonctions est un produit qui permet de d\u00e9truire et d&#8217;emp\u00eacher la formation des algues.<br \/>\nIl freine la formation des d\u00e9p\u00f4ts de calcaire, des t\u00e2ches de rouille et limite les variations de pH.<br \/>\nL&#8217;utilisation simultan\u00e9e de l&#8217;Algicide multifonctions avec du chlore ou du brome permet de r\u00e9duire la consommation de ces derniers. Il peut \u00eatre employ\u00e9 en pr\u00e9ventif ou en curatif en adaptant le dosage \u00e0 l&#8217;ampleur du probl\u00e8me constat\u00e9. Il est compatible avec tous types de traitements, de rev\u00eatements et de filtration.<\/p>\n<p><strong>Dosage pour le traitement curatif : 400 \u00e0 500 mL pour 10 m\u00b3.<br \/>\nDosage pour le traitement hebdomadaire : 100 mL pour 10 m\u00b3 suivant la quantit\u00e9 d&#8217;algues. <\/p>\n<p>Disponible en carton de 4 x 5 L.<\/strong><\/p>\n<p class=\"y-product y-product__product-subtitle\">Avantage :<\/p>\n<p>Algicide multifonctions avec une action anti-algues curative et pr\u00e9ventive et une action anti-calcaire. <\/p>\n<p>Produit fabriqu\u00e9 en France.<\/p>\n<p>Peut \u00eatre employ\u00e9 en pr\u00e9ventif ou curatif en adaptant le dosage \u00e0 l&#8217;ampleur du probl\u00e8me constat\u00e9.<\/p>\n<p><em>Utiliser les biocides avec pr\u00e9cautions. Avant toute utilisation, lire l&#8217;\u00e9tiquette et les informations concernant le produit.<br \/>\nLes photos et coloris des produits ne sont pas contractuels.<\/em><\/p>\n","protected":false},"excerpt":{"rendered":"<p>Algicide multifonctions non moussant.<\/p>\n","protected":false},"featured_media":1344,"template":"","meta":[],"product_brand":[],"product_type":[2],"product_visibility":[],"product_cat":[165,173,150],"class_list":{"0":"post-320","1":"product","2":"type-product","3":"status-publish","4":"has-post-thumbnail","6":"product_cat-marquesalgicide","7":"product_cat-produits-produitsalgicidealgicide","8":"product_cat-produitsalgicide","9":"product_tag-algicide-2","10":"product_tag-anti-algue","11":"product_tag-anti-calcaire","12":"product_tag-clarifiant","13":"product_tag-traitement","15":"first","16":"instock","17":"shipping-taxable","18":"product-type-simple"},"acf":{"fiche_technique":"https:\/\/staging.hydrapro.fr\/app\/uploads\/2019\/08\/FT-0073-ALGICIDE-MULTIFONCTIONS.pdf","fiche_methode":""},"yoast_head":"<!-- This site is optimized with the Yoast SEO plugin v24.7 - https:\/\/yoast.com\/wordpress\/plugins\/seo\/ -->\n<title>Algicide multifonctions - Hydrapro<\/title>\n<meta name=\"robots\" content=\"noindex, follow, max-snippet:-1, max-image-preview:large, max-video-preview:-1\" \/>\n<meta property=\"og:locale\" content=\"en_US\" \/>\n<meta property=\"og:type\" content=\"article\" \/>\n<meta property=\"og:title\" content=\"Algicide multifonctions - Hydrapro\" \/>\n<meta property=\"og:description\" content=\"Algicide multifonctions non moussant.\" \/>\n<meta property=\"og:url\" content=\"https:\/\/staging.hydrapro.fr\/en\/produit\/algicide-multifonctions-2\/\" \/>\n<meta property=\"og:site_name\" content=\"Hydrapro\" \/>\n<meta property=\"article:modified_time\" content=\"2019-10-10T07:16:54+00:00\" \/>\n<meta property=\"og:image\" content=\"https:\/\/staging.hydrapro.fr\/app\/uploads\/2019\/10\/0073_ALGICIDE_MULTIFONCTIONS_5L.png\" \/>\n\t<meta property=\"og:image:width\" content=\"600\" \/>\n\t<meta property=\"og:image:height\" content=\"908\" \/>\n\t<meta property=\"og:image:type\" content=\"image\/png\" \/>\n<meta name=\"twitter:card\" content=\"summary_large_image\" \/>\n<meta name=\"twitter:label1\" content=\"Est. reading time\" \/>\n\t<meta name=\"twitter:data1\" content=\"1 minute\" \/>\n<script type=\"application\/ld+json\" class=\"yoast-schema-graph\">{\"@context\":\"https:\/\/schema.org\",\"@graph\":[{\"@type\":\"WebPage\",\"@id\":\"https:\/\/staging.hydrapro.fr\/en\/produit\/algicide-multifonctions-2\/\",\"url\":\"https:\/\/staging.hydrapro.fr\/en\/produit\/algicide-multifonctions-2\/\",\"name\":\"Algicide multifonctions - Hydrapro\",\"isPartOf\":{\"@id\":\"https:\/\/staging.hydrapro.fr\/#website\"},\"primaryImageOfPage\":{\"@id\":\"https:\/\/staging.hydrapro.fr\/en\/produit\/algicide-multifonctions-2\/#primaryimage\"},\"image\":{\"@id\":\"https:\/\/staging.hydrapro.fr\/en\/produit\/algicide-multifonctions-2\/#primaryimage\"},\"thumbnailUrl\":\"https:\/\/staging.hydrapro.fr\/app\/uploads\/2019\/10\/0073_ALGICIDE_MULTIFONCTIONS_5L.png\",\"datePublished\":\"2019-08-12T07:24:46+00:00\",\"dateModified\":\"2019-10-10T07:16:54+00:00\",\"breadcrumb\":{\"@id\":\"https:\/\/staging.hydrapro.fr\/en\/produit\/algicide-multifonctions-2\/#breadcrumb\"},\"inLanguage\":\"en-US\",\"potentialAction\":[{\"@type\":\"ReadAction\",\"target\":[\"https:\/\/staging.hydrapro.fr\/en\/produit\/algicide-multifonctions-2\/\"]}]},{\"@type\":\"ImageObject\",\"inLanguage\":\"en-US\",\"@id\":\"https:\/\/staging.hydrapro.fr\/en\/produit\/algicide-multifonctions-2\/#primaryimage\",\"url\":\"https:\/\/staging.hydrapro.fr\/app\/uploads\/2019\/10\/0073_ALGICIDE_MULTIFONCTIONS_5L.png\",\"contentUrl\":\"https:\/\/staging.hydrapro.fr\/app\/uploads\/2019\/10\/0073_ALGICIDE_MULTIFONCTIONS_5L.png\",\"width\":600,\"height\":908},{\"@type\":\"BreadcrumbList\",\"@id\":\"https:\/\/staging.hydrapro.fr\/en\/produit\/algicide-multifonctions-2\/#breadcrumb\",\"itemListElement\":[{\"@type\":\"ListItem\",\"position\":1,\"name\":\"Home\",\"item\":\"https:\/\/staging.hydrapro.fr\/en\/\"},{\"@type\":\"ListItem\",\"position\":2,\"name\":\"Boutique\",\"item\":\"https:\/\/staging.hydrapro.fr\/boutique\/\"},{\"@type\":\"ListItem\",\"position\":3,\"name\":\"Algicide multifonctions\"}]},{\"@type\":\"WebSite\",\"@id\":\"https:\/\/staging.hydrapro.fr\/#website\",\"url\":\"https:\/\/staging.hydrapro.fr\/\",\"name\":\"Hydrapro\",\"description\":\"L&#039;\u00e9quilibre de l&#039;eau\",\"potentialAction\":[{\"@type\":\"SearchAction\",\"target\":{\"@type\":\"EntryPoint\",\"urlTemplate\":\"https:\/\/staging.hydrapro.fr\/?s={search_term_string}\"},\"query-input\":{\"@type\":\"PropertyValueSpecification\",\"valueRequired\":true,\"valueName\":\"search_term_string\"}}],\"inLanguage\":\"en-US\"}]}<\/script>\n<!-- \/ Yoast SEO plugin. -->","yoast_head_json":{"title":"Algicide multifonctions - Hydrapro","robots":{"index":"noindex","follow":"follow","max-snippet":"max-snippet:-1","max-image-preview":"max-image-preview:large","max-video-preview":"max-video-preview:-1"},"og_locale":"en_US","og_type":"article","og_title":"Algicide multifonctions - Hydrapro","og_description":"Algicide multifonctions non moussant.","og_url":"https:\/\/staging.hydrapro.fr\/en\/produit\/algicide-multifonctions-2\/","og_site_name":"Hydrapro","article_modified_time":"2019-10-10T07:16:54+00:00","og_image":[{"width":600,"height":908,"url":"https:\/\/staging.hydrapro.fr\/app\/uploads\/2019\/10\/0073_ALGICIDE_MULTIFONCTIONS_5L.png","type":"image\/png"}],"twitter_card":"summary_large_image","twitter_misc":{"Est. reading time":"1 minute"},"schema":{"@context":"https:\/\/schema.org","@graph":[{"@type":"WebPage","@id":"https:\/\/staging.hydrapro.fr\/en\/produit\/algicide-multifonctions-2\/","url":"https:\/\/staging.hydrapro.fr\/en\/produit\/algicide-multifonctions-2\/","name":"Algicide multifonctions - Hydrapro","isPartOf":{"@id":"https:\/\/staging.hydrapro.fr\/#website"},"primaryImageOfPage":{"@id":"https:\/\/staging.hydrapro.fr\/en\/produit\/algicide-multifonctions-2\/#primaryimage"},"image":{"@id":"https:\/\/staging.hydrapro.fr\/en\/produit\/algicide-multifonctions-2\/#primaryimage"},"thumbnailUrl":"https:\/\/staging.hydrapro.fr\/app\/uploads\/2019\/10\/0073_ALGICIDE_MULTIFONCTIONS_5L.png","datePublished":"2019-08-12T07:24:46+00:00","dateModified":"2019-10-10T07:16:54+00:00","breadcrumb":{"@id":"https:\/\/staging.hydrapro.fr\/en\/produit\/algicide-multifonctions-2\/#breadcrumb"},"inLanguage":"en-US","potentialAction":[{"@type":"ReadAction","target":["https:\/\/staging.hydrapro.fr\/en\/produit\/algicide-multifonctions-2\/"]}]},{"@type":"ImageObject","inLanguage":"en-US","@id":"https:\/\/staging.hydrapro.fr\/en\/produit\/algicide-multifonctions-2\/#primaryimage","url":"https:\/\/staging.hydrapro.fr\/app\/uploads\/2019\/10\/0073_ALGICIDE_MULTIFONCTIONS_5L.png","contentUrl":"https:\/\/staging.hydrapro.fr\/app\/uploads\/2019\/10\/0073_ALGICIDE_MULTIFONCTIONS_5L.png","width":600,"height":908},{"@type":"BreadcrumbList","@id":"https:\/\/staging.hydrapro.fr\/en\/produit\/algicide-multifonctions-2\/#breadcrumb","itemListElement":[{"@type":"ListItem","position":1,"name":"Home","item":"https:\/\/staging.hydrapro.fr\/en\/"},{"@type":"ListItem","position":2,"name":"Boutique","item":"https:\/\/staging.hydrapro.fr\/boutique\/"},{"@type":"ListItem","position":3,"name":"Algicide multifonctions"}]},{"@type":"WebSite","@id":"https:\/\/staging.hydrapro.fr\/#website","url":"https:\/\/staging.hydrapro.fr\/","name":"Hydrapro","description":"L&#039;\u00e9quilibre de l&#039;eau","potentialAction":[{"@type":"SearchAction","target":{"@type":"EntryPoint","urlTemplate":"https:\/\/staging.hydrapro.fr\/?s={search_term_string}"},"query-input":{"@type":"PropertyValueSpecification","valueRequired":true,"valueName":"search_term_string"}}],"inLanguage":"en-US"}]}},"_links":{"self":[{"href":"https:\/\/staging.hydrapro.fr\/en\/wp-json\/wp\/v2\/product\/320","targetHints":{"allow":["GET"]}}],"collection":[{"href":"https:\/\/staging.hydrapro.fr\/en\/wp-json\/wp\/v2\/product"}],"about":[{"href":"https:\/\/staging.hydrapro.fr\/en\/wp-json\/wp\/v2\/types\/product"}],"wp:featuredmedia":[{"embeddable":true,"href":"https:\/\/staging.hydrapro.fr\/en\/wp-json\/wp\/v2\/media\/1344"}],"wp:attachment":[{"href":"https:\/\/staging.hydrapro.fr\/en\/wp-json\/wp\/v2\/media?parent=320"}],"wp:term":[{"taxonomy":"product_brand","embeddable":true,"href":"https:\/\/staging.hydrapro.fr\/en\/wp-json\/wp\/v2\/product_brand?post=320"},{"taxonomy":"product_type","embeddable":true,"href":"https:\/\/staging.hydrapro.fr\/en\/wp-json\/wp\/v2\/product_type?post=320"},{"taxonomy":"product_visibility","embeddable":true,"href":"https:\/\/staging.hydrapro.fr\/en\/wp-json\/wp\/v2\/product_visibility?post=320"},{"taxonomy":"product_cat","embeddable":true,"href":"https:\/\/staging.hydrapro.fr\/en\/wp-json\/wp\/v2\/product_cat?post=320"}],"curies":[{"name":"wp","href":"https:\/\/api.w.org\/{rel}","templated":true}]}}