{"id":1676,"date":"2019-08-23T10:52:17","date_gmt":"2019-08-23T08:52:17","guid":{"rendered":"https:\/\/staging.hydrapro.fr\/le-groupe-ydeo\/"},"modified":"2023-05-09T09:31:24","modified_gmt":"2023-05-09T07:31:24","slug":"le-groupe-ydeo","status":"publish","type":"page","link":"https:\/\/staging.hydrapro.fr\/en\/le-groupe-ydeo\/","title":{"rendered":"D\u00e9couvrez notre V\u2019YDEO Groupe\u00a0!"},"content":{"rendered":"","protected":false},"excerpt":{"rendered":"","protected":false},"author":1,"featured_media":0,"parent":0,"menu_order":0,"comment_status":"closed","ping_status":"closed","template":"groupe_ydeo.php","meta":{"footnotes":""},"class_list":["post-1676","page","type-page","status-publish","hentry"],"acf":{"zones":[{"anchor_title":"","advanced_settings":true,"settings":{"min_height":"","size":"12","custom_css":"","text_align":"auto"},"background":false,"title":"","rows":[{"columns":[{"content":"<p>&nbsp;<\/p>\n<div style=\"text-align: center;\"><img loading=\"lazy\" decoding=\"async\" class=\"aligncenter wp-image-3990\" src=\"https:\/\/staging.hydrapro.fr\/app\/uploads\/2019\/09\/ydeo-logo.png\" alt=\"Logo groupe YDEO\" width=\"236\" height=\"80\" \/><\/div>\n<p>&nbsp;<\/p>\n<p style=\"text-align: center;\"><a class=\"y-button is-primary\" href=\"https:\/\/staging.ydeo.com\/\" target=\"_blank\">Acc\u00e9der au site<\/a>\n<\/p>\n"}],"align_bottom":false}],"link":"","zone_type":"default","background_color":"white","title2":"","map":{"position":"bottom","location":{"lat":"","lng":"","zoom":""},"agencies":false},"links":{"nb_per_line":3,"links":false},"gallery":{"slide":false,"images":false,"nb_per_line":3},"image":false,"image_background_color":"#ffffff","constrain_height":false},{"anchor_title":"","advanced_settings":true,"settings":{"min_height":"","size":"12","custom_css":"","text_align":"auto"},"background":false,"title":"Les autres soci\u00e9t\u00e9s du Groupe YDEO","rows":[{"columns":[{"content":"<p><img decoding=\"async\" class=\"alignnone wp-image-4000 size-full aligncenter\" src=\"https:\/\/staging.hydrapro.fr\/app\/uploads\/2019\/09\/logo-couleurs-hydrachim.png\" alt=\"\" width=\"100%\" height=\"auto\" \/><\/p>\n<h3 style=\"text-align: center;\">La science de l\u2019hygi\u00e8ne<\/p>\n<\/h3>\n<p style=\"text-align: center;\">Hydrachim propose des produits d\u2019hygi\u00e8ne et de d\u00e9sinfection adapt\u00e9s aux collectivit\u00e9s, \u00e0 l\u2019industrie ou encore \u00e0 l\u2019\u00e9levage. Sp\u00e9cialiste des produits biocides, Hydrachim propose \u00e9galement des produits \u00e9cologiques.<\/p>\n<a class=\"y-button is-primary y-button--full\" href=\"https:\/\/staging.hydrachim.fr\" target=\"_blank\">Acc\u00e9der au site<\/a>\n\n"},{"content":"<p><img decoding=\"async\" class=\"alignnone wp-image-4657 size-medium aligncenter\" src=\"https:\/\/staging.hydrapro.fr\/app\/uploads\/2019\/09\/logo-couleurs-france-culinaire-developpement.png\" alt=\"\" width=\"100%\" height=\"auto\" \/><\/p>\n<h3 style=\"text-align: center;\">L\u2019aromatisation sur mesure<\/p>\n<\/h3>\n<p style=\"text-align: center;\">France Culinaire D\u00e9veloppement con\u00e7oit et fabrique des produits destin\u00e9s aux industries agroalimentaires mais aussi aux distributeurs en RHD. France Culinaire D\u00e9veloppement r\u00e9pond aux cahier des charges de ses clients en concevant des recettes sur mesure.<\/p>\n<a class=\"y-button is-primary y-button--full\" href=\"https:\/\/staging.france-culinaire.com\/\" target=\"_blank\">Acc\u00e9der au site<\/a>\n\n"},{"content":"<p><img decoding=\"async\" class=\"alignnone wp-image-4655 size-full aligncenter\" src=\"https:\/\/staging.hydrapro.fr\/app\/uploads\/2019\/09\/logo-couleurs-nectarys.png\" alt=\"\" width=\"100%\" height=\"auto\" \/><\/p>\n<h3 style=\"text-align: center;\">Pr\u00e9parations culinaires instantan\u00e9es<\/h3>\n<p style=\"text-align: center;\">Sp\u00e9cialiste des pr\u00e9parations culinaires d\u00e9shydrat\u00e9es \u00e0 destination des \u00e9tablissements de sant\u00e9, maisons de retraite, EHPAD, foyers logement \u2026 NECTARYS travaille particuli\u00e8rement sur des gammes sant\u00e9 et nutrition.<\/p>\n<a class=\"y-button is-primary y-button--full\" href=\"http:\/\/www.nectarys.com\/\" target=\"_blank\">Acc\u00e9der au site<\/a>\n\n"},{"content":"<p><img decoding=\"async\" class=\"alignnone wp-image-4649 size-full\" src=\"https:\/\/staging.hydrapro.fr\/app\/uploads\/2019\/09\/logo-couleurs-kemix.png\" alt=\"\" width=\"100%\" height=\"auto\" \/><\/p>\n<h3 style=\"text-align: center;\">Ar\u00f4mes &amp; e-liquides pour cigarette \u00e9lectronique<\/h3>\n<p style=\"text-align: center;\">Kemix con\u00e7oit et fabrique des ar\u00f4mes et des e-liquides pour les cigarettes \u00e9lectroniques. De fabrication fran\u00e7aise, Kemix propose diff\u00e9rents dosages de nicotine et un large \u00e9ventail d\u2019ar\u00f4mes.<\/p>\n<a class=\"y-button is-primary y-button--full\" href=\"https:\/\/staging.kemix.fr\/\" target=\"_blank\">Acc\u00e9der au site<\/a>\n\n"}],"align_bottom":true}],"link":"","zone_type":"default","background_color":"grey","title2":"","map":{"position":"bottom","location":{"lat":"","lng":"","zoom":""},"agencies":false},"links":{"nb_per_line":3,"links":false},"gallery":{"slide":false,"images":false,"nb_per_line":3},"image":false,"image_background_color":"#ffffff","constrain_height":false}],"hide_original_title":false,"start_left":false,"anchor_navigation":false},"yoast_head":"<!-- This site is optimized with the Yoast SEO plugin v24.7 - https:\/\/yoast.com\/wordpress\/plugins\/seo\/ -->\n<title>D\u00e9couvrez notre V\u2019YDEO Groupe\u00a0! - Hydrapro<\/title>\n<meta name=\"robots\" content=\"noindex, follow, max-snippet:-1, max-image-preview:large, max-video-preview:-1\" \/>\n<meta property=\"og:locale\" content=\"en_US\" \/>\n<meta property=\"og:type\" content=\"article\" \/>\n<meta property=\"og:title\" content=\"D\u00e9couvrez notre V\u2019YDEO Groupe\u00a0! - Hydrapro\" \/>\n<meta property=\"og:url\" content=\"https:\/\/staging.hydrapro.fr\/en\/le-groupe-ydeo\/\" \/>\n<meta property=\"og:site_name\" content=\"Hydrapro\" \/>\n<meta property=\"article:modified_time\" content=\"2023-05-09T07:31:24+00:00\" \/>\n<meta name=\"twitter:card\" content=\"summary_large_image\" \/>\n<script type=\"application\/ld+json\" class=\"yoast-schema-graph\">{\"@context\":\"https:\/\/schema.org\",\"@graph\":[{\"@type\":\"WebPage\",\"@id\":\"https:\/\/staging.hydrapro.fr\/en\/le-groupe-ydeo\/\",\"url\":\"https:\/\/staging.hydrapro.fr\/en\/le-groupe-ydeo\/\",\"name\":\"D\u00e9couvrez notre V\u2019YDEO Groupe\u00a0! - Hydrapro\",\"isPartOf\":{\"@id\":\"https:\/\/staging.hydrapro.fr\/#website\"},\"datePublished\":\"2019-08-23T08:52:17+00:00\",\"dateModified\":\"2023-05-09T07:31:24+00:00\",\"breadcrumb\":{\"@id\":\"https:\/\/staging.hydrapro.fr\/en\/le-groupe-ydeo\/#breadcrumb\"},\"inLanguage\":\"en-US\",\"potentialAction\":[{\"@type\":\"ReadAction\",\"target\":[\"https:\/\/staging.hydrapro.fr\/en\/le-groupe-ydeo\/\"]}]},{\"@type\":\"BreadcrumbList\",\"@id\":\"https:\/\/staging.hydrapro.fr\/en\/le-groupe-ydeo\/#breadcrumb\",\"itemListElement\":[{\"@type\":\"ListItem\",\"position\":1,\"name\":\"Home\",\"item\":\"https:\/\/staging.hydrapro.fr\/en\/\"},{\"@type\":\"ListItem\",\"position\":2,\"name\":\"D\u00e9couvrez notre V\u2019YDEO Groupe\u00a0!\"}]},{\"@type\":\"WebSite\",\"@id\":\"https:\/\/staging.hydrapro.fr\/#website\",\"url\":\"https:\/\/staging.hydrapro.fr\/\",\"name\":\"Hydrapro\",\"description\":\"L&#039;\u00e9quilibre de l&#039;eau\",\"potentialAction\":[{\"@type\":\"SearchAction\",\"target\":{\"@type\":\"EntryPoint\",\"urlTemplate\":\"https:\/\/staging.hydrapro.fr\/?s={search_term_string}\"},\"query-input\":{\"@type\":\"PropertyValueSpecification\",\"valueRequired\":true,\"valueName\":\"search_term_string\"}}],\"inLanguage\":\"en-US\"}]}<\/script>\n<!-- \/ Yoast SEO plugin. -->","yoast_head_json":{"title":"D\u00e9couvrez notre V\u2019YDEO Groupe\u00a0! - Hydrapro","robots":{"index":"noindex","follow":"follow","max-snippet":"max-snippet:-1","max-image-preview":"max-image-preview:large","max-video-preview":"max-video-preview:-1"},"og_locale":"en_US","og_type":"article","og_title":"D\u00e9couvrez notre V\u2019YDEO Groupe\u00a0! - Hydrapro","og_url":"https:\/\/staging.hydrapro.fr\/en\/le-groupe-ydeo\/","og_site_name":"Hydrapro","article_modified_time":"2023-05-09T07:31:24+00:00","twitter_card":"summary_large_image","schema":{"@context":"https:\/\/schema.org","@graph":[{"@type":"WebPage","@id":"https:\/\/staging.hydrapro.fr\/en\/le-groupe-ydeo\/","url":"https:\/\/staging.hydrapro.fr\/en\/le-groupe-ydeo\/","name":"D\u00e9couvrez notre V\u2019YDEO Groupe\u00a0! - Hydrapro","isPartOf":{"@id":"https:\/\/staging.hydrapro.fr\/#website"},"datePublished":"2019-08-23T08:52:17+00:00","dateModified":"2023-05-09T07:31:24+00:00","breadcrumb":{"@id":"https:\/\/staging.hydrapro.fr\/en\/le-groupe-ydeo\/#breadcrumb"},"inLanguage":"en-US","potentialAction":[{"@type":"ReadAction","target":["https:\/\/staging.hydrapro.fr\/en\/le-groupe-ydeo\/"]}]},{"@type":"BreadcrumbList","@id":"https:\/\/staging.hydrapro.fr\/en\/le-groupe-ydeo\/#breadcrumb","itemListElement":[{"@type":"ListItem","position":1,"name":"Home","item":"https:\/\/staging.hydrapro.fr\/en\/"},{"@type":"ListItem","position":2,"name":"D\u00e9couvrez notre V\u2019YDEO Groupe\u00a0!"}]},{"@type":"WebSite","@id":"https:\/\/staging.hydrapro.fr\/#website","url":"https:\/\/staging.hydrapro.fr\/","name":"Hydrapro","description":"L&#039;\u00e9quilibre de l&#039;eau","potentialAction":[{"@type":"SearchAction","target":{"@type":"EntryPoint","urlTemplate":"https:\/\/staging.hydrapro.fr\/?s={search_term_string}"},"query-input":{"@type":"PropertyValueSpecification","valueRequired":true,"valueName":"search_term_string"}}],"inLanguage":"en-US"}]}},"_links":{"self":[{"href":"https:\/\/staging.hydrapro.fr\/en\/wp-json\/wp\/v2\/pages\/1676","targetHints":{"allow":["GET"]}}],"collection":[{"href":"https:\/\/staging.hydrapro.fr\/en\/wp-json\/wp\/v2\/pages"}],"about":[{"href":"https:\/\/staging.hydrapro.fr\/en\/wp-json\/wp\/v2\/types\/page"}],"author":[{"embeddable":true,"href":"https:\/\/staging.hydrapro.fr\/en\/wp-json\/wp\/v2\/users\/1"}],"replies":[{"embeddable":true,"href":"https:\/\/staging.hydrapro.fr\/en\/wp-json\/wp\/v2\/comments?post=1676"}],"version-history":[{"count":24,"href":"https:\/\/staging.hydrapro.fr\/en\/wp-json\/wp\/v2\/pages\/1676\/revisions"}],"predecessor-version":[{"id":2115,"href":"https:\/\/staging.hydrapro.fr\/en\/wp-json\/wp\/v2\/pages\/1676\/revisions\/2115"}],"wp:attachment":[{"href":"https:\/\/staging.hydrapro.fr\/en\/wp-json\/wp\/v2\/media?parent=1676"}],"curies":[{"name":"wp","href":"https:\/\/api.w.org\/{rel}","templated":true}]}}